{"id":10682,"date":"2021-12-27T12:16:37","date_gmt":"2021-12-27T11:16:37","guid":{"rendered":"https:\/\/takbrzmimiasto.pl\/?page_id=10682"},"modified":"2024-10-20T20:30:26","modified_gmt":"2024-10-20T18:30:26","slug":"archiwum","status":"publish","type":"page","link":"https:\/\/takbrzmimiasto.pl\/en\/archiwum\/","title":{"rendered":"Archiwum"},"content":{"rendered":"<div id=\"subpage__hemi\">\n<div class=\"row\">\n<p>Archiwum Tak Brzmi Miasto czyli poprzednie edycje zar\u00f3wno konferencji, jak i Inkubatora.<\/p>\n<p>Tak Brzmi Miasto Konferencja to najwi\u0119ksza pod wzgl\u0119dem programu merytorycznego konferencja muzyczna w Polsce &#8211; corocznie od 2014 r. odbywa si\u0119 oko\u0142o 30 paneli dyskusyjnych, warsztat\u00f3w, wyk\u0142ad\u00f3w, ok. 100 spotka\u0144 indywidualnych. Konferencji towarzyszy festiwal showcase&#8217;owy prezentuj\u0105cy ok. 10-15 m\u0142odych wykonawc\u00f3w, m.in. z programu TBM Inkubator.<\/p>\n<p>\n    <span id=\"arrow-link-a33bda19\" class=\"d-inline-block\">\n        <a href=\"https:\/\/takbrzmimiasto.pl\/konferencja-2021\" class=\"arrow-link underline\">\n            <span class=\"arrow-link_text\">Tak Brzmi Miasto Konferencja 2021: Ludzie<\/span>\n            <span class=\"arrow-link_icon\">\n                <i class=\"fa-solid fa-arrow-right\"><\/i><i class=\"fa-solid fa-arrow-right\"><\/i>\n            <\/span>\n        <\/a>\n    <\/span>\n    <br \/>\n\n    <span id=\"arrow-link-89b242e1\" class=\"d-inline-block\">\n        <a href=\"https:\/\/takbrzmimiasto.pl\/konferencja-2020\" class=\"arrow-link underline\">\n            <span class=\"arrow-link_text\">Tak Brzmi Miasto Konferencja 2020: Przysz\u0142o\u015b\u0107<\/span>\n            <span class=\"arrow-link_icon\">\n                <i class=\"fa-solid fa-arrow-right\"><\/i><i class=\"fa-solid fa-arrow-right\"><\/i>\n            <\/span>\n        <\/a>\n    <\/span>\n    <br \/>\n\n    <span id=\"arrow-link-94f4f5e0\" class=\"d-inline-block\">\n        <a href=\"https:\/\/archiwum.takbrzmimiasto.pl\/2019\" class=\"arrow-link underline\">\n            <span class=\"arrow-link_text\">Tak Brzmi Miasto Konferencja 2019: Finanse<\/span>\n            <span class=\"arrow-link_icon\">\n                <i class=\"fa-solid fa-arrow-right\"><\/i><i class=\"fa-solid fa-arrow-right\"><\/i>\n            <\/span>\n        <\/a>\n    <\/span>\n    <br \/>\n\n    <span id=\"arrow-link-200d8a43\" class=\"d-inline-block\">\n        <a href=\"https:\/\/archiwum.takbrzmimiasto.pl\/2018\" class=\"arrow-link underline\">\n            <span class=\"arrow-link_text\">Tak Brzmi Miasto Konferencja 2018: Edukacja<\/span>\n            <span class=\"arrow-link_icon\">\n                <i class=\"fa-solid fa-arrow-right\"><\/i><i class=\"fa-solid fa-arrow-right\"><\/i>\n            <\/span>\n        <\/a>\n    <\/span>\n    <br \/>\n\n    <span id=\"arrow-link-91be185f\" class=\"d-inline-block\">\n        <a href=\"https:\/\/archiwum.takbrzmimiasto.pl\/2017\" class=\"arrow-link underline\">\n            <span class=\"arrow-link_text\">Tak Brzmi Miasto Konferencja 2017: Wsp\u00f3\u0142praca<\/span>\n            <span class=\"arrow-link_icon\">\n                <i class=\"fa-solid fa-arrow-right\"><\/i><i class=\"fa-solid fa-arrow-right\"><\/i>\n            <\/span>\n        <\/a>\n    <\/span>\n    <br \/>\n\n    <span id=\"arrow-link-b6eecb78\" class=\"d-inline-block\">\n        <a href=\"https:\/\/archiwum.takbrzmimiasto.pl\/2016\" class=\"arrow-link underline\">\n            <span class=\"arrow-link_text\">Tak Brzmi Miasto Konferencja 2016: Eksport<\/span>\n            <span class=\"arrow-link_icon\">\n                <i class=\"fa-solid fa-arrow-right\"><\/i><i class=\"fa-solid fa-arrow-right\"><\/i>\n            <\/span>\n        <\/a>\n    <\/span>\n    <br \/>\n\n    <span id=\"arrow-link-aed490f5\" class=\"d-inline-block\">\n        <a href=\"https:\/\/archiwum.takbrzmimiasto.pl\/2015\" class=\"arrow-link underline\">\n            <span class=\"arrow-link_text\">Tak Brzmi Miasto Konferencja 2015<\/span>\n            <span class=\"arrow-link_icon\">\n                <i class=\"fa-solid fa-arrow-right\"><\/i><i class=\"fa-solid fa-arrow-right\"><\/i>\n            <\/span>\n        <\/a>\n    <\/span>\n    <br \/>\n\n    <span id=\"arrow-link-70c8928c\" class=\"d-inline-block\">\n        <a href=\"https:\/\/archiwum.takbrzmimiasto.pl\/2014\" class=\"arrow-link underline\">\n            <span class=\"arrow-link_text\">Tak Brzmi Miasto Konferencja 2014<\/span>\n            <span class=\"arrow-link_icon\">\n                <i class=\"fa-solid fa-arrow-right\"><\/i><i class=\"fa-solid fa-arrow-right\"><\/i>\n            <\/span>\n        <\/a>\n    <\/span>\n    <\/p>\n<p>Tak Brzmi Miasto Inkubator to najwi\u0119kszy w Polsce program edukacyjny i sieciuj\u0105cy dla muzyk\u00f3w i mened\u017cer\u00f3w w bran\u017cy muzycznej. Przez trzy edycje obj\u0105\u0142 10 miast (Gda\u0144sk, Gdyni\u0119, Katowice, Krak\u00f3w, Lublin, \u0141\u00f3d\u017a, Pozna\u0144, Rzesz\u00f3w, Toru\u0144, Wroc\u0142aw), 390 uczestnik\u00f3w i uczestniczek, kilkudziesi\u0119ciu ekspert\u00f3w i ekspertek z Polskiej i zagranicznej bran\u017cy oraz ok. 150 spotka\u0144\/wyk\u0142ad\u00f3w\/warsztat\u00f3w.<\/p>\n<p>\n    <span id=\"arrow-link-10be7390\" class=\"d-inline-block\">\n        <a href=\"https:\/\/takbrzmimiasto.pl\/inkubator-2021\" class=\"arrow-link underline\">\n            <span class=\"arrow-link_text\">Tak Brzmi Miasto Inkubator 2021<\/span>\n            <span class=\"arrow-link_icon\">\n                <i class=\"fa-solid fa-arrow-right\"><\/i><i class=\"fa-solid fa-arrow-right\"><\/i>\n            <\/span>\n        <\/a>\n    <\/span>\n    <br \/>\n\n    <span id=\"arrow-link-d9193b19\" class=\"d-inline-block\">\n        <a href=\"https:\/\/takbrzmimiasto.pl\/inkubator-2020\" class=\"arrow-link underline\">\n            <span class=\"arrow-link_text\">Tak Brzmi Miasto Inkubator 2020<\/span>\n            <span class=\"arrow-link_icon\">\n                <i class=\"fa-solid fa-arrow-right\"><\/i><i class=\"fa-solid fa-arrow-right\"><\/i>\n            <\/span>\n        <\/a>\n    <\/span>\n    <br \/>\n\n    <span id=\"arrow-link-06e07b77\" class=\"d-inline-block\">\n        <a href=\"https:\/\/archiwum.takbrzmimiasto.pl\/2019\/inkubator\" class=\"arrow-link underline\">\n            <span class=\"arrow-link_text\">Tak Brzmi Miasto Inkubator 2019<\/span>\n            <span class=\"arrow-link_icon\">\n                <i class=\"fa-solid fa-arrow-right\"><\/i><i class=\"fa-solid fa-arrow-right\"><\/i>\n            <\/span>\n        <\/a>\n    <\/span>\n    <\/p>\n<\/div>\n<\/div>\n","protected":false},"excerpt":{"rendered":"<p>Archiwum Tak Brzmi Miasto czyli poprzednie edycje zar\u00f3wno konferencji, jak i Inkubatora. Tak Brzmi Miasto Konferencja to najwi\u0119ksza pod wzgl\u0119dem programu merytorycznego konferencja muzyczna w Polsce &#8211; corocznie od 2014 r. odbywa si\u0119 oko\u0142o 30 paneli dyskusyjnych, warsztat\u00f3w, wyk\u0142ad\u00f3w, ok. 100 spotka\u0144 indywidualnych. Konferencji towarzyszy festiwal showcase&#8217;owy prezentuj\u0105cy ok. 10-15 m\u0142odych wykonawc\u00f3w, m.in. z programu [&hellip;]<\/p>\n","protected":false},"author":2,"featured_media":0,"parent":0,"menu_order":0,"comment_status":"closed","ping_status":"closed","template":"","meta":{"inline_featured_image":false,"footnotes":""},"class_list":["post-10682","page","type-page","status-publish","hentry"],"acf":[],"yoast_head":"<!-- This site is optimized with the Yoast SEO plugin v19.7.1 - https:\/\/yoast.com\/wordpress\/plugins\/seo\/ -->\n<title>Archiwum - Tak Brzmi Miasto<\/title>\n<meta name=\"description\" content=\"Partnerstwo 9 kraj\u00f3w w celu budowania innowacyjnych sieci wsp\u00f3\u0142pracy w bran\u017cy muzycznej - dla artyst\u00f3w, profesjonalist\u00f3w i przedsi\u0119biorc\u00f3w.\" \/>\n<meta name=\"robots\" content=\"index, follow, max-snippet:-1, max-image-preview:large, max-video-preview:-1\" \/>\n<link rel=\"canonical\" href=\"https:\/\/takbrzmimiasto.pl\/en\/archiwum\/\" \/>\n<meta property=\"og:locale\" content=\"en_US\" \/>\n<meta property=\"og:type\" content=\"article\" \/>\n<meta property=\"og:title\" content=\"Archiwum - Tak Brzmi Miasto\" \/>\n<meta property=\"og:description\" content=\"Partnerstwo 9 kraj\u00f3w w celu budowania innowacyjnych sieci wsp\u00f3\u0142pracy w bran\u017cy muzycznej - dla artyst\u00f3w, profesjonalist\u00f3w i przedsi\u0119biorc\u00f3w.\" \/>\n<meta property=\"og:url\" content=\"https:\/\/takbrzmimiasto.pl\/en\/archiwum\/\" \/>\n<meta property=\"og:site_name\" content=\"Tak Brzmi Miasto\" \/>\n<meta property=\"article:modified_time\" content=\"2024-10-20T18:30:26+00:00\" \/>\n<meta property=\"og:image\" content=\"https:\/\/takbrzmimiasto.pl\/wp-content\/uploads\/2021\/04\/www_miniatura_bezmenu.jpg\" \/>\n\t<meta property=\"og:image:width\" content=\"1920\" \/>\n\t<meta property=\"og:image:height\" content=\"1080\" \/>\n\t<meta property=\"og:image:type\" content=\"image\/jpeg\" \/>\n<meta name=\"twitter:card\" content=\"summary_large_image\" \/>\n<meta name=\"twitter:label1\" content=\"Est. reading time\" \/>\n\t<meta name=\"twitter:data1\" content=\"2 minutes\" \/>\n<script type=\"application\/ld+json\" class=\"yoast-schema-graph\">{\"@context\":\"https:\/\/schema.org\",\"@graph\":[{\"@type\":\"WebPage\",\"@id\":\"https:\/\/takbrzmimiasto.pl\/en\/archiwum\/\",\"url\":\"https:\/\/takbrzmimiasto.pl\/en\/archiwum\/\",\"name\":\"Archiwum - Tak Brzmi Miasto\",\"isPartOf\":{\"@id\":\"https:\/\/takbrzmimiasto.pl\/#website\"},\"datePublished\":\"2021-12-27T11:16:37+00:00\",\"dateModified\":\"2024-10-20T18:30:26+00:00\",\"description\":\"Partnerstwo 9 kraj\u00f3w w celu budowania innowacyjnych sieci wsp\u00f3\u0142pracy w bran\u017cy muzycznej - dla artyst\u00f3w, profesjonalist\u00f3w i przedsi\u0119biorc\u00f3w.\",\"breadcrumb\":{\"@id\":\"https:\/\/takbrzmimiasto.pl\/en\/archiwum\/#breadcrumb\"},\"inLanguage\":\"en-US\",\"potentialAction\":[{\"@type\":\"ReadAction\",\"target\":[\"https:\/\/takbrzmimiasto.pl\/en\/archiwum\/\"]}]},{\"@type\":\"BreadcrumbList\",\"@id\":\"https:\/\/takbrzmimiasto.pl\/en\/archiwum\/#breadcrumb\",\"itemListElement\":[{\"@type\":\"ListItem\",\"position\":1,\"name\":\"Strona g\u0142\u00f3wna\",\"item\":\"https:\/\/takbrzmimiasto.pl\/en\/\"},{\"@type\":\"ListItem\",\"position\":2,\"name\":\"Archiwum\"}]},{\"@type\":\"WebSite\",\"@id\":\"https:\/\/takbrzmimiasto.pl\/#website\",\"url\":\"https:\/\/takbrzmimiasto.pl\/\",\"name\":\"Tak Brzmi Miasto\",\"description\":\"Tak Brzmi Miasto to konferencja, festiwal, inkubator dla mened\u017cer\u00f3w i akademia\",\"publisher\":{\"@id\":\"https:\/\/takbrzmimiasto.pl\/#organization\"},\"potentialAction\":[{\"@type\":\"SearchAction\",\"target\":{\"@type\":\"EntryPoint\",\"urlTemplate\":\"https:\/\/takbrzmimiasto.pl\/?s={search_term_string}\"},\"query-input\":\"required name=search_term_string\"}],\"inLanguage\":\"en-US\"},{\"@type\":\"Organization\",\"@id\":\"https:\/\/takbrzmimiasto.pl\/#organization\",\"name\":\"Tak Brzmi Miasto\",\"url\":\"https:\/\/takbrzmimiasto.pl\/\",\"sameAs\":[],\"logo\":{\"@type\":\"ImageObject\",\"inLanguage\":\"en-US\",\"@id\":\"https:\/\/takbrzmimiasto.pl\/#\/schema\/logo\/image\/\",\"url\":\"https:\/\/takbrzmimiasto.pl\/wp-content\/uploads\/2021\/04\/www_miniatura_bezmenu.jpg\",\"contentUrl\":\"https:\/\/takbrzmimiasto.pl\/wp-content\/uploads\/2021\/04\/www_miniatura_bezmenu.jpg\",\"width\":1920,\"height\":1080,\"caption\":\"Tak Brzmi Miasto\"},\"image\":{\"@id\":\"https:\/\/takbrzmimiasto.pl\/#\/schema\/logo\/image\/\"}}]}<\/script>\n<!-- \/ Yoast SEO plugin. -->","yoast_head_json":{"title":"Archiwum - Tak Brzmi Miasto","description":"Partnerstwo 9 kraj\u00f3w w celu budowania innowacyjnych sieci wsp\u00f3\u0142pracy w bran\u017cy muzycznej - dla artyst\u00f3w, profesjonalist\u00f3w i przedsi\u0119biorc\u00f3w.","robots":{"index":"index","follow":"follow","max-snippet":"max-snippet:-1","max-image-preview":"max-image-preview:large","max-video-preview":"max-video-preview:-1"},"canonical":"https:\/\/takbrzmimiasto.pl\/en\/archiwum\/","og_locale":"en_US","og_type":"article","og_title":"Archiwum - Tak Brzmi Miasto","og_description":"Partnerstwo 9 kraj\u00f3w w celu budowania innowacyjnych sieci wsp\u00f3\u0142pracy w bran\u017cy muzycznej - dla artyst\u00f3w, profesjonalist\u00f3w i przedsi\u0119biorc\u00f3w.","og_url":"https:\/\/takbrzmimiasto.pl\/en\/archiwum\/","og_site_name":"Tak Brzmi Miasto","article_modified_time":"2024-10-20T18:30:26+00:00","og_image":[{"width":1920,"height":1080,"url":"https:\/\/takbrzmimiasto.pl\/wp-content\/uploads\/2021\/04\/www_miniatura_bezmenu.jpg","type":"image\/jpeg"}],"twitter_card":"summary_large_image","twitter_misc":{"Est. reading time":"2 minutes"},"schema":{"@context":"https:\/\/schema.org","@graph":[{"@type":"WebPage","@id":"https:\/\/takbrzmimiasto.pl\/en\/archiwum\/","url":"https:\/\/takbrzmimiasto.pl\/en\/archiwum\/","name":"Archiwum - Tak Brzmi Miasto","isPartOf":{"@id":"https:\/\/takbrzmimiasto.pl\/#website"},"datePublished":"2021-12-27T11:16:37+00:00","dateModified":"2024-10-20T18:30:26+00:00","description":"Partnerstwo 9 kraj\u00f3w w celu budowania innowacyjnych sieci wsp\u00f3\u0142pracy w bran\u017cy muzycznej - dla artyst\u00f3w, profesjonalist\u00f3w i przedsi\u0119biorc\u00f3w.","breadcrumb":{"@id":"https:\/\/takbrzmimiasto.pl\/en\/archiwum\/#breadcrumb"},"inLanguage":"en-US","potentialAction":[{"@type":"ReadAction","target":["https:\/\/takbrzmimiasto.pl\/en\/archiwum\/"]}]},{"@type":"BreadcrumbList","@id":"https:\/\/takbrzmimiasto.pl\/en\/archiwum\/#breadcrumb","itemListElement":[{"@type":"ListItem","position":1,"name":"Strona g\u0142\u00f3wna","item":"https:\/\/takbrzmimiasto.pl\/en\/"},{"@type":"ListItem","position":2,"name":"Archiwum"}]},{"@type":"WebSite","@id":"https:\/\/takbrzmimiasto.pl\/#website","url":"https:\/\/takbrzmimiasto.pl\/","name":"Tak Brzmi Miasto","description":"Tak Brzmi Miasto to konferencja, festiwal, inkubator dla mened\u017cer\u00f3w i akademia","publisher":{"@id":"https:\/\/takbrzmimiasto.pl\/#organization"},"potentialAction":[{"@type":"SearchAction","target":{"@type":"EntryPoint","urlTemplate":"https:\/\/takbrzmimiasto.pl\/?s={search_term_string}"},"query-input":"required name=search_term_string"}],"inLanguage":"en-US"},{"@type":"Organization","@id":"https:\/\/takbrzmimiasto.pl\/#organization","name":"Tak Brzmi Miasto","url":"https:\/\/takbrzmimiasto.pl\/","sameAs":[],"logo":{"@type":"ImageObject","inLanguage":"en-US","@id":"https:\/\/takbrzmimiasto.pl\/#\/schema\/logo\/image\/","url":"https:\/\/takbrzmimiasto.pl\/wp-content\/uploads\/2021\/04\/www_miniatura_bezmenu.jpg","contentUrl":"https:\/\/takbrzmimiasto.pl\/wp-content\/uploads\/2021\/04\/www_miniatura_bezmenu.jpg","width":1920,"height":1080,"caption":"Tak Brzmi Miasto"},"image":{"@id":"https:\/\/takbrzmimiasto.pl\/#\/schema\/logo\/image\/"}}]}},"_links":{"self":[{"href":"https:\/\/takbrzmimiasto.pl\/en\/wp-json\/wp\/v2\/pages\/10682\/"}],"collection":[{"href":"https:\/\/takbrzmimiasto.pl\/en\/wp-json\/wp\/v2\/pages\/"}],"about":[{"href":"https:\/\/takbrzmimiasto.pl\/en\/wp-json\/wp\/v2\/types\/page\/"}],"author":[{"embeddable":true,"href":"https:\/\/takbrzmimiasto.pl\/en\/wp-json\/wp\/v2\/users\/2\/"}],"replies":[{"embeddable":true,"href":"https:\/\/takbrzmimiasto.pl\/en\/wp-json\/wp\/v2\/comments\/?post=10682"}],"version-history":[{"count":20,"href":"https:\/\/takbrzmimiasto.pl\/en\/wp-json\/wp\/v2\/pages\/10682\/revisions\/"}],"predecessor-version":[{"id":19035,"href":"https:\/\/takbrzmimiasto.pl\/en\/wp-json\/wp\/v2\/pages\/10682\/revisions\/19035\/"}],"wp:attachment":[{"href":"https:\/\/takbrzmimiasto.pl\/en\/wp-json\/wp\/v2\/media\/?parent=10682"}],"curies":[{"name":"wp","href":"https:\/\/api.w.org\/{rel}","templated":true}]}}