{"id":30949,"date":"2024-12-09T18:01:58","date_gmt":"2024-12-09T17:01:58","guid":{"rendered":"https:\/\/takbrzmimiasto.pl\/?page_id=30949"},"modified":"2025-06-02T22:40:06","modified_gmt":"2025-06-02T20:40:06","slug":"jak-stworzyc-dobry-press-toolbox","status":"publish","type":"page","link":"https:\/\/takbrzmimiasto.pl\/en\/jak-stworzyc-dobry-press-toolbox\/","title":{"rendered":"Toolbox &#8211; Jak stworzy\u0107 dobry press?"},"content":{"rendered":"","protected":false},"excerpt":{"rendered":"","protected":false},"author":2,"featured_media":0,"parent":0,"menu_order":0,"comment_status":"closed","ping_status":"closed","template":"page-templates\/page-pagebuilder.php","meta":{"inline_featured_image":false,"footnotes":""},"class_list":["post-30949","page","type-page","status-publish","hentry"],"acf":[],"yoast_head":"<!-- This site is optimized with the Yoast SEO plugin v19.7.1 - https:\/\/yoast.com\/wordpress\/plugins\/seo\/ -->\n<title>Toolbox - Jak stworzy\u0107 dobry press? - Tak Brzmi Miasto<\/title>\n<meta name=\"description\" content=\"Dowiedz si\u0119 jak stworzy\u0107 press pack dla swojego projektu muzycznego od trojga ekspert\u00f3w bran\u017cy muzycznej!\" \/>\n<meta name=\"robots\" content=\"index, follow, max-snippet:-1, max-image-preview:large, max-video-preview:-1\" \/>\n<link rel=\"canonical\" href=\"https:\/\/takbrzmimiasto.pl\/en\/jak-stworzyc-dobry-press-toolbox\/\" \/>\n<meta property=\"og:locale\" content=\"en_US\" \/>\n<meta property=\"og:type\" content=\"article\" \/>\n<meta property=\"og:title\" content=\"Jak stworzy\u0107 dobry press?\" \/>\n<meta property=\"og:description\" content=\"Dowiedz si\u0119 jak stworzy\u0107 press pack dla swojego projektu muzycznego od trojga ekspert\u00f3w bran\u017cy muzycznej!\" \/>\n<meta property=\"og:url\" content=\"https:\/\/takbrzmimiasto.pl\/en\/jak-stworzyc-dobry-press-toolbox\/\" \/>\n<meta property=\"og:site_name\" content=\"Tak Brzmi Miasto\" \/>\n<meta property=\"article:modified_time\" content=\"2025-06-02T20:40:06+00:00\" \/>\n<meta property=\"og:image\" content=\"https:\/\/takbrzmimiasto.pl\/wp-content\/uploads\/2024\/12\/toolbox-press-cover-photo-fullHD-v1-1.png\" \/>\n\t<meta property=\"og:image:width\" content=\"1920\" \/>\n\t<meta property=\"og:image:height\" content=\"1080\" \/>\n\t<meta property=\"og:image:type\" content=\"image\/png\" \/>\n<meta name=\"twitter:card\" content=\"summary_large_image\" \/>\n<script type=\"application\/ld+json\" class=\"yoast-schema-graph\">{\"@context\":\"https:\/\/schema.org\",\"@graph\":[{\"@type\":\"WebPage\",\"@id\":\"https:\/\/takbrzmimiasto.pl\/en\/jak-stworzyc-dobry-press-toolbox\/\",\"url\":\"https:\/\/takbrzmimiasto.pl\/en\/jak-stworzyc-dobry-press-toolbox\/\",\"name\":\"Toolbox - Jak stworzy\u0107 dobry press? - Tak Brzmi Miasto\",\"isPartOf\":{\"@id\":\"https:\/\/takbrzmimiasto.pl\/#website\"},\"datePublished\":\"2024-12-09T17:01:58+00:00\",\"dateModified\":\"2025-06-02T20:40:06+00:00\",\"description\":\"Dowiedz si\u0119 jak stworzy\u0107 press pack dla swojego projektu muzycznego od trojga ekspert\u00f3w bran\u017cy muzycznej!\",\"breadcrumb\":{\"@id\":\"https:\/\/takbrzmimiasto.pl\/en\/jak-stworzyc-dobry-press-toolbox\/#breadcrumb\"},\"inLanguage\":\"en-US\",\"potentialAction\":[{\"@type\":\"ReadAction\",\"target\":[\"https:\/\/takbrzmimiasto.pl\/en\/jak-stworzyc-dobry-press-toolbox\/\"]}]},{\"@type\":\"BreadcrumbList\",\"@id\":\"https:\/\/takbrzmimiasto.pl\/en\/jak-stworzyc-dobry-press-toolbox\/#breadcrumb\",\"itemListElement\":[{\"@type\":\"ListItem\",\"position\":1,\"name\":\"Strona g\u0142\u00f3wna\",\"item\":\"https:\/\/takbrzmimiasto.pl\/en\/\"},{\"@type\":\"ListItem\",\"position\":2,\"name\":\"Toolbox &#8211; Jak stworzy\u0107 dobry press?\"}]},{\"@type\":\"WebSite\",\"@id\":\"https:\/\/takbrzmimiasto.pl\/#website\",\"url\":\"https:\/\/takbrzmimiasto.pl\/\",\"name\":\"Tak Brzmi Miasto\",\"description\":\"Tak Brzmi Miasto to konferencja, festiwal, inkubator dla mened\u017cer\u00f3w i akademia\",\"publisher\":{\"@id\":\"https:\/\/takbrzmimiasto.pl\/#organization\"},\"potentialAction\":[{\"@type\":\"SearchAction\",\"target\":{\"@type\":\"EntryPoint\",\"urlTemplate\":\"https:\/\/takbrzmimiasto.pl\/?s={search_term_string}\"},\"query-input\":\"required name=search_term_string\"}],\"inLanguage\":\"en-US\"},{\"@type\":\"Organization\",\"@id\":\"https:\/\/takbrzmimiasto.pl\/#organization\",\"name\":\"Tak Brzmi Miasto\",\"url\":\"https:\/\/takbrzmimiasto.pl\/\",\"sameAs\":[],\"logo\":{\"@type\":\"ImageObject\",\"inLanguage\":\"en-US\",\"@id\":\"https:\/\/takbrzmimiasto.pl\/#\/schema\/logo\/image\/\",\"url\":\"https:\/\/takbrzmimiasto.pl\/wp-content\/uploads\/2021\/04\/www_miniatura_bezmenu.jpg\",\"contentUrl\":\"https:\/\/takbrzmimiasto.pl\/wp-content\/uploads\/2021\/04\/www_miniatura_bezmenu.jpg\",\"width\":1920,\"height\":1080,\"caption\":\"Tak Brzmi Miasto\"},\"image\":{\"@id\":\"https:\/\/takbrzmimiasto.pl\/#\/schema\/logo\/image\/\"}}]}<\/script>\n<!-- \/ Yoast SEO plugin. -->","yoast_head_json":{"title":"Toolbox - Jak stworzy\u0107 dobry press? - Tak Brzmi Miasto","description":"Dowiedz si\u0119 jak stworzy\u0107 press pack dla swojego projektu muzycznego od trojga ekspert\u00f3w bran\u017cy muzycznej!","robots":{"index":"index","follow":"follow","max-snippet":"max-snippet:-1","max-image-preview":"max-image-preview:large","max-video-preview":"max-video-preview:-1"},"canonical":"https:\/\/takbrzmimiasto.pl\/en\/jak-stworzyc-dobry-press-toolbox\/","og_locale":"en_US","og_type":"article","og_title":"Jak stworzy\u0107 dobry press?","og_description":"Dowiedz si\u0119 jak stworzy\u0107 press pack dla swojego projektu muzycznego od trojga ekspert\u00f3w bran\u017cy muzycznej!","og_url":"https:\/\/takbrzmimiasto.pl\/en\/jak-stworzyc-dobry-press-toolbox\/","og_site_name":"Tak Brzmi Miasto","article_modified_time":"2025-06-02T20:40:06+00:00","og_image":[{"width":1920,"height":1080,"url":"https:\/\/takbrzmimiasto.pl\/wp-content\/uploads\/2024\/12\/toolbox-press-cover-photo-fullHD-v1-1.png","type":"image\/png"}],"twitter_card":"summary_large_image","schema":{"@context":"https:\/\/schema.org","@graph":[{"@type":"WebPage","@id":"https:\/\/takbrzmimiasto.pl\/en\/jak-stworzyc-dobry-press-toolbox\/","url":"https:\/\/takbrzmimiasto.pl\/en\/jak-stworzyc-dobry-press-toolbox\/","name":"Toolbox - Jak stworzy\u0107 dobry press? - Tak Brzmi Miasto","isPartOf":{"@id":"https:\/\/takbrzmimiasto.pl\/#website"},"datePublished":"2024-12-09T17:01:58+00:00","dateModified":"2025-06-02T20:40:06+00:00","description":"Dowiedz si\u0119 jak stworzy\u0107 press pack dla swojego projektu muzycznego od trojga ekspert\u00f3w bran\u017cy muzycznej!","breadcrumb":{"@id":"https:\/\/takbrzmimiasto.pl\/en\/jak-stworzyc-dobry-press-toolbox\/#breadcrumb"},"inLanguage":"en-US","potentialAction":[{"@type":"ReadAction","target":["https:\/\/takbrzmimiasto.pl\/en\/jak-stworzyc-dobry-press-toolbox\/"]}]},{"@type":"BreadcrumbList","@id":"https:\/\/takbrzmimiasto.pl\/en\/jak-stworzyc-dobry-press-toolbox\/#breadcrumb","itemListElement":[{"@type":"ListItem","position":1,"name":"Strona g\u0142\u00f3wna","item":"https:\/\/takbrzmimiasto.pl\/en\/"},{"@type":"ListItem","position":2,"name":"Toolbox &#8211; Jak stworzy\u0107 dobry press?"}]},{"@type":"WebSite","@id":"https:\/\/takbrzmimiasto.pl\/#website","url":"https:\/\/takbrzmimiasto.pl\/","name":"Tak Brzmi Miasto","description":"Tak Brzmi Miasto to konferencja, festiwal, inkubator dla mened\u017cer\u00f3w i akademia","publisher":{"@id":"https:\/\/takbrzmimiasto.pl\/#organization"},"potentialAction":[{"@type":"SearchAction","target":{"@type":"EntryPoint","urlTemplate":"https:\/\/takbrzmimiasto.pl\/?s={search_term_string}"},"query-input":"required name=search_term_string"}],"inLanguage":"en-US"},{"@type":"Organization","@id":"https:\/\/takbrzmimiasto.pl\/#organization","name":"Tak Brzmi Miasto","url":"https:\/\/takbrzmimiasto.pl\/","sameAs":[],"logo":{"@type":"ImageObject","inLanguage":"en-US","@id":"https:\/\/takbrzmimiasto.pl\/#\/schema\/logo\/image\/","url":"https:\/\/takbrzmimiasto.pl\/wp-content\/uploads\/2021\/04\/www_miniatura_bezmenu.jpg","contentUrl":"https:\/\/takbrzmimiasto.pl\/wp-content\/uploads\/2021\/04\/www_miniatura_bezmenu.jpg","width":1920,"height":1080,"caption":"Tak Brzmi Miasto"},"image":{"@id":"https:\/\/takbrzmimiasto.pl\/#\/schema\/logo\/image\/"}}]}},"_links":{"self":[{"href":"https:\/\/takbrzmimiasto.pl\/en\/wp-json\/wp\/v2\/pages\/30949\/"}],"collection":[{"href":"https:\/\/takbrzmimiasto.pl\/en\/wp-json\/wp\/v2\/pages\/"}],"about":[{"href":"https:\/\/takbrzmimiasto.pl\/en\/wp-json\/wp\/v2\/types\/page\/"}],"author":[{"embeddable":true,"href":"https:\/\/takbrzmimiasto.pl\/en\/wp-json\/wp\/v2\/users\/2\/"}],"replies":[{"embeddable":true,"href":"https:\/\/takbrzmimiasto.pl\/en\/wp-json\/wp\/v2\/comments\/?post=30949"}],"version-history":[{"count":43,"href":"https:\/\/takbrzmimiasto.pl\/en\/wp-json\/wp\/v2\/pages\/30949\/revisions\/"}],"predecessor-version":[{"id":31018,"href":"https:\/\/takbrzmimiasto.pl\/en\/wp-json\/wp\/v2\/pages\/30949\/revisions\/31018\/"}],"wp:attachment":[{"href":"https:\/\/takbrzmimiasto.pl\/en\/wp-json\/wp\/v2\/media\/?parent=30949"}],"curies":[{"name":"wp","href":"https:\/\/api.w.org\/{rel}","templated":true}]}}