{"id":4311,"date":"2021-06-17T13:47:24","date_gmt":"2021-06-17T11:47:24","guid":{"rendered":"https:\/\/takbrzmimiasto.pl\/?page_id=4311"},"modified":"2023-12-18T12:29:24","modified_gmt":"2023-12-18T11:29:24","slug":"o-nas","status":"publish","type":"page","link":"https:\/\/takbrzmimiasto.pl\/en\/sklep\/o-nas\/","title":{"rendered":"O nas"},"content":{"rendered":"<div id=\"shop_site__about\" class=\"shop_subpage\">\n<h1>Informacje o sklepie Tak Brzmi Miasto<\/h1>\n<p>Sklep Tak Brzmi Miasto powsta\u0142 po to by\u015b m\u00f3g\u0142\/mog\u0142a w \u0142atwy spos\u00f3b naby\u0107 zwi\u0105zane z Tak Brzmi Miasto towary i us\u0142ugi: bilety na wydarzenia przez nas organizowane, gad\u017cety (kubki, koszulki), cyfrowe materia\u0142y, itp. Mamy nadziej\u0119, \u017ce jego dzia\u0142anie u\u0142atwi Ci decyzj\u0119 i zakup.<\/p>\n<p>Zam\u00f3wienia obs\u0142ugiwane s\u0105 przez Fundacj\u0119 Krakowska Scena Muzyczna oraz\u00a0 Us\u0142ysz!Media (w zale\u017cno\u015bci od wybranego produktu).<\/p>\n<h2>Wi\u0119cej szczeg\u00f3\u0142owych informacji znajdziesz w dzia\u0142ach:<\/h2>\n<ul>\n<li>\n    <span id=\"arrow-link-f2738368\" class=\"d-inline-block\">\n        <a href=\"https:\/\/takbrzmimiasto.pl\/sklep\/regulamin\" class=\"arrow-link underline\">\n            <span class=\"arrow-link_text\">Regulamin<\/span>\n            <span class=\"arrow-link_icon\">\n                <i class=\"fa-solid fa-arrow-right\"><\/i><i class=\"fa-solid fa-arrow-right\"><\/i>\n            <\/span>\n        <\/a>\n    <\/span>\n    <\/li>\n<li>\n    <span id=\"arrow-link-b3dda915\" class=\"d-inline-block\">\n        <a href=\"https:\/\/takbrzmimiasto.pl\/sklep\/polityka-prywatnosci\" class=\"arrow-link underline\">\n            <span class=\"arrow-link_text\">Polityka Prywatno\u015bci<\/span>\n            <span class=\"arrow-link_icon\">\n                <i class=\"fa-solid fa-arrow-right\"><\/i><i class=\"fa-solid fa-arrow-right\"><\/i>\n            <\/span>\n        <\/a>\n    <\/span>\n    <\/li>\n<li>\n    <span id=\"arrow-link-4185e712\" class=\"d-inline-block\">\n        <a href=\"https:\/\/takbrzmimiasto.pl\/sklep\/dostawa\" class=\"arrow-link underline\">\n            <span class=\"arrow-link_text\">Dostawa<\/span>\n            <span class=\"arrow-link_icon\">\n                <i class=\"fa-solid fa-arrow-right\"><\/i><i class=\"fa-solid fa-arrow-right\"><\/i>\n            <\/span>\n        <\/a>\n    <\/span>\n    <\/li>\n<li>\n    <span id=\"arrow-link-28439d98\" class=\"d-inline-block\">\n        <a href=\"https:\/\/takbrzmimiasto.pl\/sklep\/platnosci\" class=\"arrow-link underline\">\n            <span class=\"arrow-link_text\">P\u0142atno\u015bci<\/span>\n            <span class=\"arrow-link_icon\">\n                <i class=\"fa-solid fa-arrow-right\"><\/i><i class=\"fa-solid fa-arrow-right\"><\/i>\n            <\/span>\n        <\/a>\n    <\/span>\n    <\/li>\n<li>\n    <span id=\"arrow-link-5d22b7b9\" class=\"d-inline-block\">\n        <a href=\"https:\/\/takbrzmimiasto.pl\/sklep\/zwrot\" class=\"arrow-link underline\">\n            <span class=\"arrow-link_text\">Zwrot<\/span>\n            <span class=\"arrow-link_icon\">\n                <i class=\"fa-solid fa-arrow-right\"><\/i><i class=\"fa-solid fa-arrow-right\"><\/i>\n            <\/span>\n        <\/a>\n    <\/span>\n    <\/li>\n<\/ul>\n<h2>Dane kontaktowe:<\/h2>\n<p><strong>Operator 1:<br \/>\nFundacja Krakowska Scena Muzyczna<br \/>\n<\/strong>ul. Klimeckiego 14\/24<br \/>\n30-705 Krak\u00f3w<br \/>\nNIP: 6762472864<br \/>\n<a href=\"mailto:sklep@takbrzmimiasto.pl\">sklep@takbrzmimiasto.pl<\/a><br \/>\n+48 694-713-732<\/p>\n<\/div>\n<p><strong>Operator 2:<br \/>\nUs\u0142ysz!Media Micha\u0142 W\u00f3jcik<br \/>\n<\/strong>ul. Klimeckiego 14\/24<br \/>\n30-705 Krak\u00f3w<br \/>\nNIP: 6852126516<br \/>\n<a href=\"mailto:sklep@takbrzmimiasto.pl\">sklep@takbrzmimiasto.pl<\/a><br \/>\n+48 694-713-732<\/p>\n","protected":false},"excerpt":{"rendered":"<p>Informacje o sklepie Tak Brzmi Miasto Sklep Tak Brzmi Miasto powsta\u0142 po to by\u015b m\u00f3g\u0142\/mog\u0142a w \u0142atwy spos\u00f3b naby\u0107 zwi\u0105zane z Tak Brzmi Miasto towary i us\u0142ugi: bilety na wydarzenia przez nas organizowane, gad\u017cety (kubki, koszulki), cyfrowe materia\u0142y, itp. Mamy nadziej\u0119, \u017ce jego dzia\u0142anie u\u0142atwi Ci decyzj\u0119 i zakup. Zam\u00f3wienia obs\u0142ugiwane s\u0105 przez Fundacj\u0119 Krakowska [&hellip;]<\/p>\n","protected":false},"author":2,"featured_media":0,"parent":1576,"menu_order":0,"comment_status":"closed","ping_status":"closed","template":"","meta":{"inline_featured_image":false,"footnotes":""},"class_list":["post-4311","page","type-page","status-publish","hentry"],"acf":[],"yoast_head":"<!-- This site is optimized with the Yoast SEO plugin v19.7.1 - https:\/\/yoast.com\/wordpress\/plugins\/seo\/ -->\n<title>O nas - Tak Brzmi Miasto<\/title>\n<meta name=\"description\" content=\"Regulamin i inne informacje dotycz\u0105ce sklepu Tak Brzmi Miasto, oferuj\u0105cego materia\u0142y dla bran\u017cy muzycznej.\" \/>\n<meta name=\"robots\" content=\"index, follow, max-snippet:-1, max-image-preview:large, max-video-preview:-1\" \/>\n<link rel=\"canonical\" href=\"https:\/\/takbrzmimiasto.pl\/en\/sklep\/o-nas\/\" \/>\n<meta property=\"og:locale\" content=\"en_US\" \/>\n<meta property=\"og:type\" content=\"article\" \/>\n<meta property=\"og:title\" content=\"O nas - Tak Brzmi Miasto\" \/>\n<meta property=\"og:description\" content=\"Regulamin i inne informacje dotycz\u0105ce sklepu Tak Brzmi Miasto, oferuj\u0105cego materia\u0142y dla bran\u017cy muzycznej.\" \/>\n<meta property=\"og:url\" content=\"https:\/\/takbrzmimiasto.pl\/en\/sklep\/o-nas\/\" \/>\n<meta property=\"og:site_name\" content=\"Tak Brzmi Miasto\" \/>\n<meta property=\"article:modified_time\" content=\"2023-12-18T11:29:24+00:00\" \/>\n<meta property=\"og:image\" content=\"https:\/\/takbrzmimiasto.pl\/wp-content\/uploads\/2021\/04\/www_miniatura_bezmenu.jpg\" \/>\n\t<meta property=\"og:image:width\" content=\"1920\" \/>\n\t<meta property=\"og:image:height\" content=\"1080\" \/>\n\t<meta property=\"og:image:type\" content=\"image\/jpeg\" \/>\n<meta name=\"twitter:card\" content=\"summary_large_image\" \/>\n<meta name=\"twitter:label1\" content=\"Est. reading time\" \/>\n\t<meta name=\"twitter:data1\" content=\"1 minute\" \/>\n<script type=\"application\/ld+json\" class=\"yoast-schema-graph\">{\"@context\":\"https:\/\/schema.org\",\"@graph\":[{\"@type\":\"WebPage\",\"@id\":\"https:\/\/takbrzmimiasto.pl\/en\/sklep\/o-nas\/\",\"url\":\"https:\/\/takbrzmimiasto.pl\/en\/sklep\/o-nas\/\",\"name\":\"O nas - Tak Brzmi Miasto\",\"isPartOf\":{\"@id\":\"https:\/\/takbrzmimiasto.pl\/#website\"},\"datePublished\":\"2021-06-17T11:47:24+00:00\",\"dateModified\":\"2023-12-18T11:29:24+00:00\",\"description\":\"Regulamin i inne informacje dotycz\u0105ce sklepu Tak Brzmi Miasto, oferuj\u0105cego materia\u0142y dla bran\u017cy muzycznej.\",\"breadcrumb\":{\"@id\":\"https:\/\/takbrzmimiasto.pl\/en\/sklep\/o-nas\/#breadcrumb\"},\"inLanguage\":\"en-US\",\"potentialAction\":[{\"@type\":\"ReadAction\",\"target\":[\"https:\/\/takbrzmimiasto.pl\/en\/sklep\/o-nas\/\"]}]},{\"@type\":\"BreadcrumbList\",\"@id\":\"https:\/\/takbrzmimiasto.pl\/en\/sklep\/o-nas\/#breadcrumb\",\"itemListElement\":[{\"@type\":\"ListItem\",\"position\":1,\"name\":\"Strona g\u0142\u00f3wna\",\"item\":\"https:\/\/takbrzmimiasto.pl\/en\/\"},{\"@type\":\"ListItem\",\"position\":2,\"name\":\"Sklep\",\"item\":\"https:\/\/takbrzmimiasto.pl\/en\/sklep\/\"},{\"@type\":\"ListItem\",\"position\":3,\"name\":\"O nas\"}]},{\"@type\":\"WebSite\",\"@id\":\"https:\/\/takbrzmimiasto.pl\/#website\",\"url\":\"https:\/\/takbrzmimiasto.pl\/\",\"name\":\"Tak Brzmi Miasto\",\"description\":\"Tak Brzmi Miasto to konferencja, festiwal, inkubator dla mened\u017cer\u00f3w i akademia\",\"publisher\":{\"@id\":\"https:\/\/takbrzmimiasto.pl\/#organization\"},\"potentialAction\":[{\"@type\":\"SearchAction\",\"target\":{\"@type\":\"EntryPoint\",\"urlTemplate\":\"https:\/\/takbrzmimiasto.pl\/?s={search_term_string}\"},\"query-input\":\"required name=search_term_string\"}],\"inLanguage\":\"en-US\"},{\"@type\":\"Organization\",\"@id\":\"https:\/\/takbrzmimiasto.pl\/#organization\",\"name\":\"Tak Brzmi Miasto\",\"url\":\"https:\/\/takbrzmimiasto.pl\/\",\"sameAs\":[],\"logo\":{\"@type\":\"ImageObject\",\"inLanguage\":\"en-US\",\"@id\":\"https:\/\/takbrzmimiasto.pl\/#\/schema\/logo\/image\/\",\"url\":\"https:\/\/takbrzmimiasto.pl\/wp-content\/uploads\/2021\/04\/www_miniatura_bezmenu.jpg\",\"contentUrl\":\"https:\/\/takbrzmimiasto.pl\/wp-content\/uploads\/2021\/04\/www_miniatura_bezmenu.jpg\",\"width\":1920,\"height\":1080,\"caption\":\"Tak Brzmi Miasto\"},\"image\":{\"@id\":\"https:\/\/takbrzmimiasto.pl\/#\/schema\/logo\/image\/\"}}]}<\/script>\n<!-- \/ Yoast SEO plugin. -->","yoast_head_json":{"title":"O nas - Tak Brzmi Miasto","description":"Regulamin i inne informacje dotycz\u0105ce sklepu Tak Brzmi Miasto, oferuj\u0105cego materia\u0142y dla bran\u017cy muzycznej.","robots":{"index":"index","follow":"follow","max-snippet":"max-snippet:-1","max-image-preview":"max-image-preview:large","max-video-preview":"max-video-preview:-1"},"canonical":"https:\/\/takbrzmimiasto.pl\/en\/sklep\/o-nas\/","og_locale":"en_US","og_type":"article","og_title":"O nas - Tak Brzmi Miasto","og_description":"Regulamin i inne informacje dotycz\u0105ce sklepu Tak Brzmi Miasto, oferuj\u0105cego materia\u0142y dla bran\u017cy muzycznej.","og_url":"https:\/\/takbrzmimiasto.pl\/en\/sklep\/o-nas\/","og_site_name":"Tak Brzmi Miasto","article_modified_time":"2023-12-18T11:29:24+00:00","og_image":[{"width":1920,"height":1080,"url":"https:\/\/takbrzmimiasto.pl\/wp-content\/uploads\/2021\/04\/www_miniatura_bezmenu.jpg","type":"image\/jpeg"}],"twitter_card":"summary_large_image","twitter_misc":{"Est. reading time":"1 minute"},"schema":{"@context":"https:\/\/schema.org","@graph":[{"@type":"WebPage","@id":"https:\/\/takbrzmimiasto.pl\/en\/sklep\/o-nas\/","url":"https:\/\/takbrzmimiasto.pl\/en\/sklep\/o-nas\/","name":"O nas - Tak Brzmi Miasto","isPartOf":{"@id":"https:\/\/takbrzmimiasto.pl\/#website"},"datePublished":"2021-06-17T11:47:24+00:00","dateModified":"2023-12-18T11:29:24+00:00","description":"Regulamin i inne informacje dotycz\u0105ce sklepu Tak Brzmi Miasto, oferuj\u0105cego materia\u0142y dla bran\u017cy muzycznej.","breadcrumb":{"@id":"https:\/\/takbrzmimiasto.pl\/en\/sklep\/o-nas\/#breadcrumb"},"inLanguage":"en-US","potentialAction":[{"@type":"ReadAction","target":["https:\/\/takbrzmimiasto.pl\/en\/sklep\/o-nas\/"]}]},{"@type":"BreadcrumbList","@id":"https:\/\/takbrzmimiasto.pl\/en\/sklep\/o-nas\/#breadcrumb","itemListElement":[{"@type":"ListItem","position":1,"name":"Strona g\u0142\u00f3wna","item":"https:\/\/takbrzmimiasto.pl\/en\/"},{"@type":"ListItem","position":2,"name":"Sklep","item":"https:\/\/takbrzmimiasto.pl\/en\/sklep\/"},{"@type":"ListItem","position":3,"name":"O nas"}]},{"@type":"WebSite","@id":"https:\/\/takbrzmimiasto.pl\/#website","url":"https:\/\/takbrzmimiasto.pl\/","name":"Tak Brzmi Miasto","description":"Tak Brzmi Miasto to konferencja, festiwal, inkubator dla mened\u017cer\u00f3w i akademia","publisher":{"@id":"https:\/\/takbrzmimiasto.pl\/#organization"},"potentialAction":[{"@type":"SearchAction","target":{"@type":"EntryPoint","urlTemplate":"https:\/\/takbrzmimiasto.pl\/?s={search_term_string}"},"query-input":"required name=search_term_string"}],"inLanguage":"en-US"},{"@type":"Organization","@id":"https:\/\/takbrzmimiasto.pl\/#organization","name":"Tak Brzmi Miasto","url":"https:\/\/takbrzmimiasto.pl\/","sameAs":[],"logo":{"@type":"ImageObject","inLanguage":"en-US","@id":"https:\/\/takbrzmimiasto.pl\/#\/schema\/logo\/image\/","url":"https:\/\/takbrzmimiasto.pl\/wp-content\/uploads\/2021\/04\/www_miniatura_bezmenu.jpg","contentUrl":"https:\/\/takbrzmimiasto.pl\/wp-content\/uploads\/2021\/04\/www_miniatura_bezmenu.jpg","width":1920,"height":1080,"caption":"Tak Brzmi Miasto"},"image":{"@id":"https:\/\/takbrzmimiasto.pl\/#\/schema\/logo\/image\/"}}]}},"_links":{"self":[{"href":"https:\/\/takbrzmimiasto.pl\/en\/wp-json\/wp\/v2\/pages\/4311\/"}],"collection":[{"href":"https:\/\/takbrzmimiasto.pl\/en\/wp-json\/wp\/v2\/pages\/"}],"about":[{"href":"https:\/\/takbrzmimiasto.pl\/en\/wp-json\/wp\/v2\/types\/page\/"}],"author":[{"embeddable":true,"href":"https:\/\/takbrzmimiasto.pl\/en\/wp-json\/wp\/v2\/users\/2\/"}],"replies":[{"embeddable":true,"href":"https:\/\/takbrzmimiasto.pl\/en\/wp-json\/wp\/v2\/comments\/?post=4311"}],"version-history":[{"count":8,"href":"https:\/\/takbrzmimiasto.pl\/en\/wp-json\/wp\/v2\/pages\/4311\/revisions\/"}],"predecessor-version":[{"id":24450,"href":"https:\/\/takbrzmimiasto.pl\/en\/wp-json\/wp\/v2\/pages\/4311\/revisions\/24450\/"}],"up":[{"embeddable":true,"href":"https:\/\/takbrzmimiasto.pl\/en\/wp-json\/wp\/v2\/pages\/1576\/"}],"wp:attachment":[{"href":"https:\/\/takbrzmimiasto.pl\/en\/wp-json\/wp\/v2\/media\/?parent=4311"}],"curies":[{"name":"wp","href":"https:\/\/api.w.org\/{rel}","templated":true}]}}