{"id":4314,"date":"2021-06-17T13:52:39","date_gmt":"2021-06-17T11:52:39","guid":{"rendered":"https:\/\/takbrzmimiasto.pl\/?page_id=4314"},"modified":"2022-09-23T15:45:05","modified_gmt":"2022-09-23T13:45:05","slug":"dostawa","status":"publish","type":"page","link":"https:\/\/takbrzmimiasto.pl\/en\/sklep\/dostawa\/","title":{"rendered":"Dostawa"},"content":{"rendered":"<div id=\"shop_site__delivery\" class=\"shop_subpage\">\n<h1>Dostawa<\/h1>\n<p>Po z\u0142o\u017ceniu przez Ciebie Zam\u00f3wienia wysy\u0142amy do Ciebie maila z potwierdzeniem jego otrzymania. W osobnym mailu jest te\u017c potwierdzenie przyj\u0119cia Zam\u00f3wienia do realizacji. Staramy si\u0119 wysy\u0142a\u0107 nasze produkty niezw\u0142ocznie, najp\u00f3\u017aniej do 24h od potwierdzenia realizacji Zam\u00f3wienia.<\/p>\n<ol>\n<li>W przypadku zam\u00f3wienia Produkt\u00f3w o r\u00f3\u017cnych terminach dostawy, terminem dostawy jest najd\u0142u\u017cszy podany termin.<\/li>\n<li>W przypadku zam\u00f3wienia Produkt\u00f3w o r\u00f3\u017cnych terminach dostawy, masz mo\u017cliwo\u015b\u0107 \u017c\u0105dania dostarczenia Produkt\u00f3w cz\u0119\u015bciami lub te\u017c dostarczenia wszystkich Produkt\u00f3w po skompletowaniu ca\u0142ego zam\u00f3wienia.<\/li>\n<\/ol>\n<p>Koszty dostawy Produktu (w tym op\u0142aty za transport, dostarczenie i us\u0142ugi pocztowe) s\u0105 wskazywane na stronie Sklepu w trakcie sk\u0142adania Zam\u00f3wienia.<\/p>\n<p>Dostarczamy produkty optymalnym, wybranym przez nas kurierem.<\/p>\n<p>Wi\u0119cej informacji znajdziesz na stronie \n    <span id=\"arrow-link-88404b97\" class=\"d-inline-block\">\n        <a href=\"https:\/\/takbrzmimiasto.pl\/sklep\/regulamin\" class=\"arrow-link underline\">\n            <span class=\"arrow-link_text\">Regulamin<\/span>\n            <span class=\"arrow-link_icon\">\n                <i class=\"fa-solid fa-arrow-right\"><\/i><i class=\"fa-solid fa-arrow-right\"><\/i>\n            <\/span>\n        <\/a>\n    <\/span>\n    <\/p>\n<\/div>\n","protected":false},"excerpt":{"rendered":"<p>Dostawa Po z\u0142o\u017ceniu przez Ciebie Zam\u00f3wienia wysy\u0142amy do Ciebie maila z potwierdzeniem jego otrzymania. W osobnym mailu jest te\u017c potwierdzenie przyj\u0119cia Zam\u00f3wienia do realizacji. Staramy si\u0119 wysy\u0142a\u0107 nasze produkty niezw\u0142ocznie, najp\u00f3\u017aniej do 24h od potwierdzenia realizacji Zam\u00f3wienia. W przypadku zam\u00f3wienia Produkt\u00f3w o r\u00f3\u017cnych terminach dostawy, terminem dostawy jest najd\u0142u\u017cszy podany termin. W przypadku zam\u00f3wienia Produkt\u00f3w [&hellip;]<\/p>\n","protected":false},"author":2,"featured_media":0,"parent":1576,"menu_order":0,"comment_status":"closed","ping_status":"closed","template":"","meta":{"inline_featured_image":false,"footnotes":""},"class_list":["post-4314","page","type-page","status-publish","hentry"],"acf":[],"yoast_head":"<!-- This site is optimized with the Yoast SEO plugin v19.7.1 - https:\/\/yoast.com\/wordpress\/plugins\/seo\/ -->\n<title>Dostawa - Tak Brzmi Miasto<\/title>\n<meta name=\"description\" content=\"Warunki dostawy w sklepie Tak Brzmi Miasto.\" \/>\n<meta name=\"robots\" content=\"index, follow, max-snippet:-1, max-image-preview:large, max-video-preview:-1\" \/>\n<link rel=\"canonical\" href=\"https:\/\/takbrzmimiasto.pl\/en\/sklep\/dostawa\/\" \/>\n<meta property=\"og:locale\" content=\"en_US\" \/>\n<meta property=\"og:type\" content=\"article\" \/>\n<meta property=\"og:title\" content=\"Dostawa - Tak Brzmi Miasto\" \/>\n<meta property=\"og:description\" content=\"Warunki dostawy w sklepie Tak Brzmi Miasto.\" \/>\n<meta property=\"og:url\" content=\"https:\/\/takbrzmimiasto.pl\/en\/sklep\/dostawa\/\" \/>\n<meta property=\"og:site_name\" content=\"Tak Brzmi Miasto\" \/>\n<meta property=\"article:modified_time\" content=\"2022-09-23T13:45:05+00:00\" \/>\n<meta property=\"og:image\" content=\"https:\/\/takbrzmimiasto.pl\/wp-content\/uploads\/2021\/04\/www_miniatura_bezmenu.jpg\" \/>\n\t<meta property=\"og:image:width\" content=\"1920\" \/>\n\t<meta property=\"og:image:height\" content=\"1080\" \/>\n\t<meta property=\"og:image:type\" content=\"image\/jpeg\" \/>\n<meta name=\"twitter:card\" content=\"summary_large_image\" \/>\n<meta name=\"twitter:label1\" content=\"Est. reading time\" \/>\n\t<meta name=\"twitter:data1\" content=\"1 minute\" \/>\n<script type=\"application\/ld+json\" class=\"yoast-schema-graph\">{\"@context\":\"https:\/\/schema.org\",\"@graph\":[{\"@type\":\"WebPage\",\"@id\":\"https:\/\/takbrzmimiasto.pl\/en\/sklep\/dostawa\/\",\"url\":\"https:\/\/takbrzmimiasto.pl\/en\/sklep\/dostawa\/\",\"name\":\"Dostawa - Tak Brzmi Miasto\",\"isPartOf\":{\"@id\":\"https:\/\/takbrzmimiasto.pl\/#website\"},\"datePublished\":\"2021-06-17T11:52:39+00:00\",\"dateModified\":\"2022-09-23T13:45:05+00:00\",\"description\":\"Warunki dostawy w sklepie Tak Brzmi Miasto.\",\"breadcrumb\":{\"@id\":\"https:\/\/takbrzmimiasto.pl\/en\/sklep\/dostawa\/#breadcrumb\"},\"inLanguage\":\"en-US\",\"potentialAction\":[{\"@type\":\"ReadAction\",\"target\":[\"https:\/\/takbrzmimiasto.pl\/en\/sklep\/dostawa\/\"]}]},{\"@type\":\"BreadcrumbList\",\"@id\":\"https:\/\/takbrzmimiasto.pl\/en\/sklep\/dostawa\/#breadcrumb\",\"itemListElement\":[{\"@type\":\"ListItem\",\"position\":1,\"name\":\"Strona g\u0142\u00f3wna\",\"item\":\"https:\/\/takbrzmimiasto.pl\/en\/\"},{\"@type\":\"ListItem\",\"position\":2,\"name\":\"Sklep\",\"item\":\"https:\/\/takbrzmimiasto.pl\/en\/sklep\/\"},{\"@type\":\"ListItem\",\"position\":3,\"name\":\"Dostawa\"}]},{\"@type\":\"WebSite\",\"@id\":\"https:\/\/takbrzmimiasto.pl\/#website\",\"url\":\"https:\/\/takbrzmimiasto.pl\/\",\"name\":\"Tak Brzmi Miasto\",\"description\":\"Tak Brzmi Miasto to konferencja, festiwal, inkubator dla mened\u017cer\u00f3w i akademia\",\"publisher\":{\"@id\":\"https:\/\/takbrzmimiasto.pl\/#organization\"},\"potentialAction\":[{\"@type\":\"SearchAction\",\"target\":{\"@type\":\"EntryPoint\",\"urlTemplate\":\"https:\/\/takbrzmimiasto.pl\/?s={search_term_string}\"},\"query-input\":\"required name=search_term_string\"}],\"inLanguage\":\"en-US\"},{\"@type\":\"Organization\",\"@id\":\"https:\/\/takbrzmimiasto.pl\/#organization\",\"name\":\"Tak Brzmi Miasto\",\"url\":\"https:\/\/takbrzmimiasto.pl\/\",\"sameAs\":[],\"logo\":{\"@type\":\"ImageObject\",\"inLanguage\":\"en-US\",\"@id\":\"https:\/\/takbrzmimiasto.pl\/#\/schema\/logo\/image\/\",\"url\":\"https:\/\/takbrzmimiasto.pl\/wp-content\/uploads\/2021\/04\/www_miniatura_bezmenu.jpg\",\"contentUrl\":\"https:\/\/takbrzmimiasto.pl\/wp-content\/uploads\/2021\/04\/www_miniatura_bezmenu.jpg\",\"width\":1920,\"height\":1080,\"caption\":\"Tak Brzmi Miasto\"},\"image\":{\"@id\":\"https:\/\/takbrzmimiasto.pl\/#\/schema\/logo\/image\/\"}}]}<\/script>\n<!-- \/ Yoast SEO plugin. -->","yoast_head_json":{"title":"Dostawa - Tak Brzmi Miasto","description":"Warunki dostawy w sklepie Tak Brzmi Miasto.","robots":{"index":"index","follow":"follow","max-snippet":"max-snippet:-1","max-image-preview":"max-image-preview:large","max-video-preview":"max-video-preview:-1"},"canonical":"https:\/\/takbrzmimiasto.pl\/en\/sklep\/dostawa\/","og_locale":"en_US","og_type":"article","og_title":"Dostawa - Tak Brzmi Miasto","og_description":"Warunki dostawy w sklepie Tak Brzmi Miasto.","og_url":"https:\/\/takbrzmimiasto.pl\/en\/sklep\/dostawa\/","og_site_name":"Tak Brzmi Miasto","article_modified_time":"2022-09-23T13:45:05+00:00","og_image":[{"width":1920,"height":1080,"url":"https:\/\/takbrzmimiasto.pl\/wp-content\/uploads\/2021\/04\/www_miniatura_bezmenu.jpg","type":"image\/jpeg"}],"twitter_card":"summary_large_image","twitter_misc":{"Est. reading time":"1 minute"},"schema":{"@context":"https:\/\/schema.org","@graph":[{"@type":"WebPage","@id":"https:\/\/takbrzmimiasto.pl\/en\/sklep\/dostawa\/","url":"https:\/\/takbrzmimiasto.pl\/en\/sklep\/dostawa\/","name":"Dostawa - Tak Brzmi Miasto","isPartOf":{"@id":"https:\/\/takbrzmimiasto.pl\/#website"},"datePublished":"2021-06-17T11:52:39+00:00","dateModified":"2022-09-23T13:45:05+00:00","description":"Warunki dostawy w sklepie Tak Brzmi Miasto.","breadcrumb":{"@id":"https:\/\/takbrzmimiasto.pl\/en\/sklep\/dostawa\/#breadcrumb"},"inLanguage":"en-US","potentialAction":[{"@type":"ReadAction","target":["https:\/\/takbrzmimiasto.pl\/en\/sklep\/dostawa\/"]}]},{"@type":"BreadcrumbList","@id":"https:\/\/takbrzmimiasto.pl\/en\/sklep\/dostawa\/#breadcrumb","itemListElement":[{"@type":"ListItem","position":1,"name":"Strona g\u0142\u00f3wna","item":"https:\/\/takbrzmimiasto.pl\/en\/"},{"@type":"ListItem","position":2,"name":"Sklep","item":"https:\/\/takbrzmimiasto.pl\/en\/sklep\/"},{"@type":"ListItem","position":3,"name":"Dostawa"}]},{"@type":"WebSite","@id":"https:\/\/takbrzmimiasto.pl\/#website","url":"https:\/\/takbrzmimiasto.pl\/","name":"Tak Brzmi Miasto","description":"Tak Brzmi Miasto to konferencja, festiwal, inkubator dla mened\u017cer\u00f3w i akademia","publisher":{"@id":"https:\/\/takbrzmimiasto.pl\/#organization"},"potentialAction":[{"@type":"SearchAction","target":{"@type":"EntryPoint","urlTemplate":"https:\/\/takbrzmimiasto.pl\/?s={search_term_string}"},"query-input":"required name=search_term_string"}],"inLanguage":"en-US"},{"@type":"Organization","@id":"https:\/\/takbrzmimiasto.pl\/#organization","name":"Tak Brzmi Miasto","url":"https:\/\/takbrzmimiasto.pl\/","sameAs":[],"logo":{"@type":"ImageObject","inLanguage":"en-US","@id":"https:\/\/takbrzmimiasto.pl\/#\/schema\/logo\/image\/","url":"https:\/\/takbrzmimiasto.pl\/wp-content\/uploads\/2021\/04\/www_miniatura_bezmenu.jpg","contentUrl":"https:\/\/takbrzmimiasto.pl\/wp-content\/uploads\/2021\/04\/www_miniatura_bezmenu.jpg","width":1920,"height":1080,"caption":"Tak Brzmi Miasto"},"image":{"@id":"https:\/\/takbrzmimiasto.pl\/#\/schema\/logo\/image\/"}}]}},"_links":{"self":[{"href":"https:\/\/takbrzmimiasto.pl\/en\/wp-json\/wp\/v2\/pages\/4314\/"}],"collection":[{"href":"https:\/\/takbrzmimiasto.pl\/en\/wp-json\/wp\/v2\/pages\/"}],"about":[{"href":"https:\/\/takbrzmimiasto.pl\/en\/wp-json\/wp\/v2\/types\/page\/"}],"author":[{"embeddable":true,"href":"https:\/\/takbrzmimiasto.pl\/en\/wp-json\/wp\/v2\/users\/2\/"}],"replies":[{"embeddable":true,"href":"https:\/\/takbrzmimiasto.pl\/en\/wp-json\/wp\/v2\/comments\/?post=4314"}],"version-history":[{"count":5,"href":"https:\/\/takbrzmimiasto.pl\/en\/wp-json\/wp\/v2\/pages\/4314\/revisions\/"}],"predecessor-version":[{"id":15386,"href":"https:\/\/takbrzmimiasto.pl\/en\/wp-json\/wp\/v2\/pages\/4314\/revisions\/15386\/"}],"up":[{"embeddable":true,"href":"https:\/\/takbrzmimiasto.pl\/en\/wp-json\/wp\/v2\/pages\/1576\/"}],"wp:attachment":[{"href":"https:\/\/takbrzmimiasto.pl\/en\/wp-json\/wp\/v2\/media\/?parent=4314"}],"curies":[{"name":"wp","href":"https:\/\/api.w.org\/{rel}","templated":true}]}}