{"id":4316,"date":"2021-06-17T13:56:37","date_gmt":"2021-06-17T11:56:37","guid":{"rendered":"https:\/\/takbrzmimiasto.pl\/?page_id=4316"},"modified":"2023-12-18T12:30:00","modified_gmt":"2023-12-18T11:30:00","slug":"platnosci","status":"publish","type":"page","link":"https:\/\/takbrzmimiasto.pl\/en\/sklep\/platnosci\/","title":{"rendered":"P\u0142atno\u015bci"},"content":{"rendered":"<div id=\"shop_site__payments\" class=\"shop_subpage\">\n<h1>P\u0142atno\u015bci<\/h1>\n<p>P\u0142atno\u015bci w naszym sklepie mo\u017cliwe s\u0105 do wykonania za po\u015brednictwem bramki Fondy.eu, wsp\u00f3\u0142pracuj\u0105cej z wi\u0119kszo\u015bci\u0105 bank\u00f3w w Polsce i zagranic\u0105. Za jej po\u015brednictwem mo\u017cliwa jest p\u0142atno\u015b\u0107 w wielu walutach, w tym za pomoc\u0105 systemu Blik.<\/p>\n<p>W zale\u017cno\u015bci od wybranego produktu, p\u0142atno\u015bci s\u0105 obs\u0142ugiwane przez bramk\u0119 Operatora 1 lub Operatora 2.<\/p>\n<p>W wi\u0119kszo\u015bci przypadk\u00f3w po wykonaniu p\u0142atno\u015bci jest ona automatycznie ksi\u0119gowana w naszym systemie, co umo\u017cliwia przekazanie Zam\u00f3wienia do realizacji.<\/p>\n<p>Wi\u0119cej informacji znajdziesz na stronie \n    <span id=\"arrow-link-e38cb29a\" class=\"d-inline-block\">\n        <a href=\"https:\/\/takbrzmimiasto.pl\/sklep\/regulamin\" class=\"arrow-link underline\">\n            <span class=\"arrow-link_text\">Regulamin<\/span>\n            <span class=\"arrow-link_icon\">\n                <i class=\"fa-solid fa-arrow-right\"><\/i><i class=\"fa-solid fa-arrow-right\"><\/i>\n            <\/span>\n        <\/a>\n    <\/span>\n    <\/p>\n<\/div>\n","protected":false},"excerpt":{"rendered":"<p>P\u0142atno\u015bci P\u0142atno\u015bci w naszym sklepie mo\u017cliwe s\u0105 do wykonania za po\u015brednictwem bramki Fondy.eu, wsp\u00f3\u0142pracuj\u0105cej z wi\u0119kszo\u015bci\u0105 bank\u00f3w w Polsce i zagranic\u0105. Za jej po\u015brednictwem mo\u017cliwa jest p\u0142atno\u015b\u0107 w wielu walutach, w tym za pomoc\u0105 systemu Blik. W zale\u017cno\u015bci od wybranego produktu, p\u0142atno\u015bci s\u0105 obs\u0142ugiwane przez bramk\u0119 Operatora 1 lub Operatora 2. W wi\u0119kszo\u015bci przypadk\u00f3w po [&hellip;]<\/p>\n","protected":false},"author":2,"featured_media":0,"parent":1576,"menu_order":0,"comment_status":"closed","ping_status":"closed","template":"","meta":{"inline_featured_image":false,"footnotes":""},"class_list":["post-4316","page","type-page","status-publish","hentry"],"acf":[],"yoast_head":"<!-- This site is optimized with the Yoast SEO plugin v19.7.1 - https:\/\/yoast.com\/wordpress\/plugins\/seo\/ -->\n<title>P\u0142atno\u015bci - Tak Brzmi Miasto<\/title>\n<meta name=\"description\" content=\"Informacje o p\u0142atno\u015bci w sklepie Tak Brzmi Miasto, oferuj\u0105cym m.in. konsultacje z ekspertami bran\u017cy muzycznej.\" \/>\n<meta name=\"robots\" content=\"index, follow, max-snippet:-1, max-image-preview:large, max-video-preview:-1\" \/>\n<link rel=\"canonical\" href=\"https:\/\/takbrzmimiasto.pl\/en\/sklep\/platnosci\/\" \/>\n<meta property=\"og:locale\" content=\"en_US\" \/>\n<meta property=\"og:type\" content=\"article\" \/>\n<meta property=\"og:title\" content=\"P\u0142atno\u015bci - Tak Brzmi Miasto\" \/>\n<meta property=\"og:description\" content=\"Informacje o p\u0142atno\u015bci w sklepie Tak Brzmi Miasto, oferuj\u0105cym m.in. konsultacje z ekspertami bran\u017cy muzycznej.\" \/>\n<meta property=\"og:url\" content=\"https:\/\/takbrzmimiasto.pl\/en\/sklep\/platnosci\/\" \/>\n<meta property=\"og:site_name\" content=\"Tak Brzmi Miasto\" \/>\n<meta property=\"article:modified_time\" content=\"2023-12-18T11:30:00+00:00\" \/>\n<meta property=\"og:image\" content=\"https:\/\/takbrzmimiasto.pl\/wp-content\/uploads\/2021\/04\/www_miniatura_bezmenu.jpg\" \/>\n\t<meta property=\"og:image:width\" content=\"1920\" \/>\n\t<meta property=\"og:image:height\" content=\"1080\" \/>\n\t<meta property=\"og:image:type\" content=\"image\/jpeg\" \/>\n<meta name=\"twitter:card\" content=\"summary_large_image\" \/>\n<meta name=\"twitter:label1\" content=\"Est. reading time\" \/>\n\t<meta name=\"twitter:data1\" content=\"1 minute\" \/>\n<script type=\"application\/ld+json\" class=\"yoast-schema-graph\">{\"@context\":\"https:\/\/schema.org\",\"@graph\":[{\"@type\":\"WebPage\",\"@id\":\"https:\/\/takbrzmimiasto.pl\/en\/sklep\/platnosci\/\",\"url\":\"https:\/\/takbrzmimiasto.pl\/en\/sklep\/platnosci\/\",\"name\":\"P\u0142atno\u015bci - Tak Brzmi Miasto\",\"isPartOf\":{\"@id\":\"https:\/\/takbrzmimiasto.pl\/#website\"},\"datePublished\":\"2021-06-17T11:56:37+00:00\",\"dateModified\":\"2023-12-18T11:30:00+00:00\",\"description\":\"Informacje o p\u0142atno\u015bci w sklepie Tak Brzmi Miasto, oferuj\u0105cym m.in. konsultacje z ekspertami bran\u017cy muzycznej.\",\"breadcrumb\":{\"@id\":\"https:\/\/takbrzmimiasto.pl\/en\/sklep\/platnosci\/#breadcrumb\"},\"inLanguage\":\"en-US\",\"potentialAction\":[{\"@type\":\"ReadAction\",\"target\":[\"https:\/\/takbrzmimiasto.pl\/en\/sklep\/platnosci\/\"]}]},{\"@type\":\"BreadcrumbList\",\"@id\":\"https:\/\/takbrzmimiasto.pl\/en\/sklep\/platnosci\/#breadcrumb\",\"itemListElement\":[{\"@type\":\"ListItem\",\"position\":1,\"name\":\"Strona g\u0142\u00f3wna\",\"item\":\"https:\/\/takbrzmimiasto.pl\/en\/\"},{\"@type\":\"ListItem\",\"position\":2,\"name\":\"Sklep\",\"item\":\"https:\/\/takbrzmimiasto.pl\/en\/sklep\/\"},{\"@type\":\"ListItem\",\"position\":3,\"name\":\"P\u0142atno\u015bci\"}]},{\"@type\":\"WebSite\",\"@id\":\"https:\/\/takbrzmimiasto.pl\/#website\",\"url\":\"https:\/\/takbrzmimiasto.pl\/\",\"name\":\"Tak Brzmi Miasto\",\"description\":\"Tak Brzmi Miasto to konferencja, festiwal, inkubator dla mened\u017cer\u00f3w i akademia\",\"publisher\":{\"@id\":\"https:\/\/takbrzmimiasto.pl\/#organization\"},\"potentialAction\":[{\"@type\":\"SearchAction\",\"target\":{\"@type\":\"EntryPoint\",\"urlTemplate\":\"https:\/\/takbrzmimiasto.pl\/?s={search_term_string}\"},\"query-input\":\"required name=search_term_string\"}],\"inLanguage\":\"en-US\"},{\"@type\":\"Organization\",\"@id\":\"https:\/\/takbrzmimiasto.pl\/#organization\",\"name\":\"Tak Brzmi Miasto\",\"url\":\"https:\/\/takbrzmimiasto.pl\/\",\"sameAs\":[],\"logo\":{\"@type\":\"ImageObject\",\"inLanguage\":\"en-US\",\"@id\":\"https:\/\/takbrzmimiasto.pl\/#\/schema\/logo\/image\/\",\"url\":\"https:\/\/takbrzmimiasto.pl\/wp-content\/uploads\/2021\/04\/www_miniatura_bezmenu.jpg\",\"contentUrl\":\"https:\/\/takbrzmimiasto.pl\/wp-content\/uploads\/2021\/04\/www_miniatura_bezmenu.jpg\",\"width\":1920,\"height\":1080,\"caption\":\"Tak Brzmi Miasto\"},\"image\":{\"@id\":\"https:\/\/takbrzmimiasto.pl\/#\/schema\/logo\/image\/\"}}]}<\/script>\n<!-- \/ Yoast SEO plugin. -->","yoast_head_json":{"title":"P\u0142atno\u015bci - Tak Brzmi Miasto","description":"Informacje o p\u0142atno\u015bci w sklepie Tak Brzmi Miasto, oferuj\u0105cym m.in. konsultacje z ekspertami bran\u017cy muzycznej.","robots":{"index":"index","follow":"follow","max-snippet":"max-snippet:-1","max-image-preview":"max-image-preview:large","max-video-preview":"max-video-preview:-1"},"canonical":"https:\/\/takbrzmimiasto.pl\/en\/sklep\/platnosci\/","og_locale":"en_US","og_type":"article","og_title":"P\u0142atno\u015bci - Tak Brzmi Miasto","og_description":"Informacje o p\u0142atno\u015bci w sklepie Tak Brzmi Miasto, oferuj\u0105cym m.in. konsultacje z ekspertami bran\u017cy muzycznej.","og_url":"https:\/\/takbrzmimiasto.pl\/en\/sklep\/platnosci\/","og_site_name":"Tak Brzmi Miasto","article_modified_time":"2023-12-18T11:30:00+00:00","og_image":[{"width":1920,"height":1080,"url":"https:\/\/takbrzmimiasto.pl\/wp-content\/uploads\/2021\/04\/www_miniatura_bezmenu.jpg","type":"image\/jpeg"}],"twitter_card":"summary_large_image","twitter_misc":{"Est. reading time":"1 minute"},"schema":{"@context":"https:\/\/schema.org","@graph":[{"@type":"WebPage","@id":"https:\/\/takbrzmimiasto.pl\/en\/sklep\/platnosci\/","url":"https:\/\/takbrzmimiasto.pl\/en\/sklep\/platnosci\/","name":"P\u0142atno\u015bci - Tak Brzmi Miasto","isPartOf":{"@id":"https:\/\/takbrzmimiasto.pl\/#website"},"datePublished":"2021-06-17T11:56:37+00:00","dateModified":"2023-12-18T11:30:00+00:00","description":"Informacje o p\u0142atno\u015bci w sklepie Tak Brzmi Miasto, oferuj\u0105cym m.in. konsultacje z ekspertami bran\u017cy muzycznej.","breadcrumb":{"@id":"https:\/\/takbrzmimiasto.pl\/en\/sklep\/platnosci\/#breadcrumb"},"inLanguage":"en-US","potentialAction":[{"@type":"ReadAction","target":["https:\/\/takbrzmimiasto.pl\/en\/sklep\/platnosci\/"]}]},{"@type":"BreadcrumbList","@id":"https:\/\/takbrzmimiasto.pl\/en\/sklep\/platnosci\/#breadcrumb","itemListElement":[{"@type":"ListItem","position":1,"name":"Strona g\u0142\u00f3wna","item":"https:\/\/takbrzmimiasto.pl\/en\/"},{"@type":"ListItem","position":2,"name":"Sklep","item":"https:\/\/takbrzmimiasto.pl\/en\/sklep\/"},{"@type":"ListItem","position":3,"name":"P\u0142atno\u015bci"}]},{"@type":"WebSite","@id":"https:\/\/takbrzmimiasto.pl\/#website","url":"https:\/\/takbrzmimiasto.pl\/","name":"Tak Brzmi Miasto","description":"Tak Brzmi Miasto to konferencja, festiwal, inkubator dla mened\u017cer\u00f3w i akademia","publisher":{"@id":"https:\/\/takbrzmimiasto.pl\/#organization"},"potentialAction":[{"@type":"SearchAction","target":{"@type":"EntryPoint","urlTemplate":"https:\/\/takbrzmimiasto.pl\/?s={search_term_string}"},"query-input":"required name=search_term_string"}],"inLanguage":"en-US"},{"@type":"Organization","@id":"https:\/\/takbrzmimiasto.pl\/#organization","name":"Tak Brzmi Miasto","url":"https:\/\/takbrzmimiasto.pl\/","sameAs":[],"logo":{"@type":"ImageObject","inLanguage":"en-US","@id":"https:\/\/takbrzmimiasto.pl\/#\/schema\/logo\/image\/","url":"https:\/\/takbrzmimiasto.pl\/wp-content\/uploads\/2021\/04\/www_miniatura_bezmenu.jpg","contentUrl":"https:\/\/takbrzmimiasto.pl\/wp-content\/uploads\/2021\/04\/www_miniatura_bezmenu.jpg","width":1920,"height":1080,"caption":"Tak Brzmi Miasto"},"image":{"@id":"https:\/\/takbrzmimiasto.pl\/#\/schema\/logo\/image\/"}}]}},"_links":{"self":[{"href":"https:\/\/takbrzmimiasto.pl\/en\/wp-json\/wp\/v2\/pages\/4316\/"}],"collection":[{"href":"https:\/\/takbrzmimiasto.pl\/en\/wp-json\/wp\/v2\/pages\/"}],"about":[{"href":"https:\/\/takbrzmimiasto.pl\/en\/wp-json\/wp\/v2\/types\/page\/"}],"author":[{"embeddable":true,"href":"https:\/\/takbrzmimiasto.pl\/en\/wp-json\/wp\/v2\/users\/2\/"}],"replies":[{"embeddable":true,"href":"https:\/\/takbrzmimiasto.pl\/en\/wp-json\/wp\/v2\/comments\/?post=4316"}],"version-history":[{"count":8,"href":"https:\/\/takbrzmimiasto.pl\/en\/wp-json\/wp\/v2\/pages\/4316\/revisions\/"}],"predecessor-version":[{"id":24451,"href":"https:\/\/takbrzmimiasto.pl\/en\/wp-json\/wp\/v2\/pages\/4316\/revisions\/24451\/"}],"up":[{"embeddable":true,"href":"https:\/\/takbrzmimiasto.pl\/en\/wp-json\/wp\/v2\/pages\/1576\/"}],"wp:attachment":[{"href":"https:\/\/takbrzmimiasto.pl\/en\/wp-json\/wp\/v2\/media\/?parent=4316"}],"curies":[{"name":"wp","href":"https:\/\/api.w.org\/{rel}","templated":true}]}}