{"id":4319,"date":"2021-06-17T14:04:13","date_gmt":"2021-06-17T12:04:13","guid":{"rendered":"https:\/\/takbrzmimiasto.pl\/?page_id=4319"},"modified":"2022-09-23T15:45:05","modified_gmt":"2022-09-23T13:45:05","slug":"zwroty","status":"publish","type":"page","link":"https:\/\/takbrzmimiasto.pl\/en\/sklep\/zwroty\/","title":{"rendered":"Zwroty"},"content":{"rendered":"<div id=\"shop_site__returns\" class=\"shop_subpage\">\n<h1>Zwroty<\/h1>\n<p>Zgodnie z obowi\u0105zuj\u0105cym prawem, umo\u017cliwiamy zwrot zakupionych towar\u00f3w (materialnych) do 14 dni. Pami\u0119taj jednak, \u017ce prawo to nie obejmuje us\u0142ug\/towar\u00f3w cyfrowych, z kt\u00f3rych zacz\u0105\u0142e\u015b\/a\u015b ju\u017c korzysta\u0107. Nie s\u0105 obj\u0119te tym prawem r\u00f3wnie\u017c us\u0142ugi nieprefabrykowane, wykonane na Twoje zlecenie, wed\u0142ug Twojej specyfikacji. R\u00f3wnie\u017c w\u00a0przypadku us\u0142ug warsztatowych lub konsultacyjnych, tryb zwrotu okre\u015blony jest w opisie produktu.<\/p>\n<p>To powiedziawszy, zawsze staramy si\u0119 i\u015b\u0107 na r\u0119k\u0119 naszym klientom, nawet je\u015bli nie jeste\u015bmy zobligowani do tego prawem \ud83d\ude42<\/p>\n<p>Szczeg\u00f3\u0142owe warunki zwrotu oraz prawa przys\u0142uguj\u0105ce Ci dost\u0119pne s\u0105 w punkcie &#8220;Odst\u0105pienie od umowy&#8221; w dziale \n    <span id=\"arrow-link-1d50d00a\" class=\"d-inline-block\">\n        <a href=\"https:\/\/takbrzmimiasto.pl\/sklep\/regulamin\" class=\"arrow-link underline\">\n            <span class=\"arrow-link_text\">Regulamin<\/span>\n            <span class=\"arrow-link_icon\">\n                <i class=\"fa-solid fa-arrow-right\"><\/i><i class=\"fa-solid fa-arrow-right\"><\/i>\n            <\/span>\n        <\/a>\n    <\/span>\n    <\/p>\n<\/div>\n","protected":false},"excerpt":{"rendered":"<p>Zwroty Zgodnie z obowi\u0105zuj\u0105cym prawem, umo\u017cliwiamy zwrot zakupionych towar\u00f3w (materialnych) do 14 dni. Pami\u0119taj jednak, \u017ce prawo to nie obejmuje us\u0142ug\/towar\u00f3w cyfrowych, z kt\u00f3rych zacz\u0105\u0142e\u015b\/a\u015b ju\u017c korzysta\u0107. Nie s\u0105 obj\u0119te tym prawem r\u00f3wnie\u017c us\u0142ugi nieprefabrykowane, wykonane na Twoje zlecenie, wed\u0142ug Twojej specyfikacji. R\u00f3wnie\u017c w\u00a0przypadku us\u0142ug warsztatowych lub konsultacyjnych, tryb zwrotu okre\u015blony jest w opisie produktu. [&hellip;]<\/p>\n","protected":false},"author":2,"featured_media":0,"parent":1576,"menu_order":0,"comment_status":"closed","ping_status":"closed","template":"","meta":{"inline_featured_image":false,"footnotes":""},"class_list":["post-4319","page","type-page","status-publish","hentry"],"acf":[],"yoast_head":"<!-- This site is optimized with the Yoast SEO plugin v19.7.1 - https:\/\/yoast.com\/wordpress\/plugins\/seo\/ -->\n<title>Zwroty - Tak Brzmi Miasto<\/title>\n<meta name=\"description\" content=\"Polityka zwrot\u00f3w w sklepie internetowym dla muzyk\u00f3w i mened\u017cer\u00f3w - Tak Brzmi Miasto.\" \/>\n<meta name=\"robots\" content=\"index, follow, max-snippet:-1, max-image-preview:large, max-video-preview:-1\" \/>\n<link rel=\"canonical\" href=\"https:\/\/takbrzmimiasto.pl\/en\/sklep\/zwroty\/\" \/>\n<meta property=\"og:locale\" content=\"en_US\" \/>\n<meta property=\"og:type\" content=\"article\" \/>\n<meta property=\"og:title\" content=\"Zwroty - Tak Brzmi Miasto\" \/>\n<meta property=\"og:description\" content=\"Polityka zwrot\u00f3w w sklepie internetowym dla muzyk\u00f3w i mened\u017cer\u00f3w - Tak Brzmi Miasto.\" \/>\n<meta property=\"og:url\" content=\"https:\/\/takbrzmimiasto.pl\/en\/sklep\/zwroty\/\" \/>\n<meta property=\"og:site_name\" content=\"Tak Brzmi Miasto\" \/>\n<meta property=\"article:modified_time\" content=\"2022-09-23T13:45:05+00:00\" \/>\n<meta property=\"og:image\" content=\"https:\/\/takbrzmimiasto.pl\/wp-content\/uploads\/2021\/04\/www_miniatura_bezmenu.jpg\" \/>\n\t<meta property=\"og:image:width\" content=\"1920\" \/>\n\t<meta property=\"og:image:height\" content=\"1080\" \/>\n\t<meta property=\"og:image:type\" content=\"image\/jpeg\" \/>\n<meta name=\"twitter:card\" content=\"summary_large_image\" \/>\n<meta name=\"twitter:label1\" content=\"Est. reading time\" \/>\n\t<meta name=\"twitter:data1\" content=\"1 minute\" \/>\n<script type=\"application\/ld+json\" class=\"yoast-schema-graph\">{\"@context\":\"https:\/\/schema.org\",\"@graph\":[{\"@type\":\"WebPage\",\"@id\":\"https:\/\/takbrzmimiasto.pl\/en\/sklep\/zwroty\/\",\"url\":\"https:\/\/takbrzmimiasto.pl\/en\/sklep\/zwroty\/\",\"name\":\"Zwroty - Tak Brzmi Miasto\",\"isPartOf\":{\"@id\":\"https:\/\/takbrzmimiasto.pl\/#website\"},\"datePublished\":\"2021-06-17T12:04:13+00:00\",\"dateModified\":\"2022-09-23T13:45:05+00:00\",\"description\":\"Polityka zwrot\u00f3w w sklepie internetowym dla muzyk\u00f3w i mened\u017cer\u00f3w - Tak Brzmi Miasto.\",\"breadcrumb\":{\"@id\":\"https:\/\/takbrzmimiasto.pl\/en\/sklep\/zwroty\/#breadcrumb\"},\"inLanguage\":\"en-US\",\"potentialAction\":[{\"@type\":\"ReadAction\",\"target\":[\"https:\/\/takbrzmimiasto.pl\/en\/sklep\/zwroty\/\"]}]},{\"@type\":\"BreadcrumbList\",\"@id\":\"https:\/\/takbrzmimiasto.pl\/en\/sklep\/zwroty\/#breadcrumb\",\"itemListElement\":[{\"@type\":\"ListItem\",\"position\":1,\"name\":\"Strona g\u0142\u00f3wna\",\"item\":\"https:\/\/takbrzmimiasto.pl\/en\/\"},{\"@type\":\"ListItem\",\"position\":2,\"name\":\"Sklep\",\"item\":\"https:\/\/takbrzmimiasto.pl\/en\/sklep\/\"},{\"@type\":\"ListItem\",\"position\":3,\"name\":\"Zwroty\"}]},{\"@type\":\"WebSite\",\"@id\":\"https:\/\/takbrzmimiasto.pl\/#website\",\"url\":\"https:\/\/takbrzmimiasto.pl\/\",\"name\":\"Tak Brzmi Miasto\",\"description\":\"Tak Brzmi Miasto to konferencja, festiwal, inkubator dla mened\u017cer\u00f3w i akademia\",\"publisher\":{\"@id\":\"https:\/\/takbrzmimiasto.pl\/#organization\"},\"potentialAction\":[{\"@type\":\"SearchAction\",\"target\":{\"@type\":\"EntryPoint\",\"urlTemplate\":\"https:\/\/takbrzmimiasto.pl\/?s={search_term_string}\"},\"query-input\":\"required name=search_term_string\"}],\"inLanguage\":\"en-US\"},{\"@type\":\"Organization\",\"@id\":\"https:\/\/takbrzmimiasto.pl\/#organization\",\"name\":\"Tak Brzmi Miasto\",\"url\":\"https:\/\/takbrzmimiasto.pl\/\",\"sameAs\":[],\"logo\":{\"@type\":\"ImageObject\",\"inLanguage\":\"en-US\",\"@id\":\"https:\/\/takbrzmimiasto.pl\/#\/schema\/logo\/image\/\",\"url\":\"https:\/\/takbrzmimiasto.pl\/wp-content\/uploads\/2021\/04\/www_miniatura_bezmenu.jpg\",\"contentUrl\":\"https:\/\/takbrzmimiasto.pl\/wp-content\/uploads\/2021\/04\/www_miniatura_bezmenu.jpg\",\"width\":1920,\"height\":1080,\"caption\":\"Tak Brzmi Miasto\"},\"image\":{\"@id\":\"https:\/\/takbrzmimiasto.pl\/#\/schema\/logo\/image\/\"}}]}<\/script>\n<!-- \/ Yoast SEO plugin. -->","yoast_head_json":{"title":"Zwroty - Tak Brzmi Miasto","description":"Polityka zwrot\u00f3w w sklepie internetowym dla muzyk\u00f3w i mened\u017cer\u00f3w - Tak Brzmi Miasto.","robots":{"index":"index","follow":"follow","max-snippet":"max-snippet:-1","max-image-preview":"max-image-preview:large","max-video-preview":"max-video-preview:-1"},"canonical":"https:\/\/takbrzmimiasto.pl\/en\/sklep\/zwroty\/","og_locale":"en_US","og_type":"article","og_title":"Zwroty - Tak Brzmi Miasto","og_description":"Polityka zwrot\u00f3w w sklepie internetowym dla muzyk\u00f3w i mened\u017cer\u00f3w - Tak Brzmi Miasto.","og_url":"https:\/\/takbrzmimiasto.pl\/en\/sklep\/zwroty\/","og_site_name":"Tak Brzmi Miasto","article_modified_time":"2022-09-23T13:45:05+00:00","og_image":[{"width":1920,"height":1080,"url":"https:\/\/takbrzmimiasto.pl\/wp-content\/uploads\/2021\/04\/www_miniatura_bezmenu.jpg","type":"image\/jpeg"}],"twitter_card":"summary_large_image","twitter_misc":{"Est. reading time":"1 minute"},"schema":{"@context":"https:\/\/schema.org","@graph":[{"@type":"WebPage","@id":"https:\/\/takbrzmimiasto.pl\/en\/sklep\/zwroty\/","url":"https:\/\/takbrzmimiasto.pl\/en\/sklep\/zwroty\/","name":"Zwroty - Tak Brzmi Miasto","isPartOf":{"@id":"https:\/\/takbrzmimiasto.pl\/#website"},"datePublished":"2021-06-17T12:04:13+00:00","dateModified":"2022-09-23T13:45:05+00:00","description":"Polityka zwrot\u00f3w w sklepie internetowym dla muzyk\u00f3w i mened\u017cer\u00f3w - Tak Brzmi Miasto.","breadcrumb":{"@id":"https:\/\/takbrzmimiasto.pl\/en\/sklep\/zwroty\/#breadcrumb"},"inLanguage":"en-US","potentialAction":[{"@type":"ReadAction","target":["https:\/\/takbrzmimiasto.pl\/en\/sklep\/zwroty\/"]}]},{"@type":"BreadcrumbList","@id":"https:\/\/takbrzmimiasto.pl\/en\/sklep\/zwroty\/#breadcrumb","itemListElement":[{"@type":"ListItem","position":1,"name":"Strona g\u0142\u00f3wna","item":"https:\/\/takbrzmimiasto.pl\/en\/"},{"@type":"ListItem","position":2,"name":"Sklep","item":"https:\/\/takbrzmimiasto.pl\/en\/sklep\/"},{"@type":"ListItem","position":3,"name":"Zwroty"}]},{"@type":"WebSite","@id":"https:\/\/takbrzmimiasto.pl\/#website","url":"https:\/\/takbrzmimiasto.pl\/","name":"Tak Brzmi Miasto","description":"Tak Brzmi Miasto to konferencja, festiwal, inkubator dla mened\u017cer\u00f3w i akademia","publisher":{"@id":"https:\/\/takbrzmimiasto.pl\/#organization"},"potentialAction":[{"@type":"SearchAction","target":{"@type":"EntryPoint","urlTemplate":"https:\/\/takbrzmimiasto.pl\/?s={search_term_string}"},"query-input":"required name=search_term_string"}],"inLanguage":"en-US"},{"@type":"Organization","@id":"https:\/\/takbrzmimiasto.pl\/#organization","name":"Tak Brzmi Miasto","url":"https:\/\/takbrzmimiasto.pl\/","sameAs":[],"logo":{"@type":"ImageObject","inLanguage":"en-US","@id":"https:\/\/takbrzmimiasto.pl\/#\/schema\/logo\/image\/","url":"https:\/\/takbrzmimiasto.pl\/wp-content\/uploads\/2021\/04\/www_miniatura_bezmenu.jpg","contentUrl":"https:\/\/takbrzmimiasto.pl\/wp-content\/uploads\/2021\/04\/www_miniatura_bezmenu.jpg","width":1920,"height":1080,"caption":"Tak Brzmi Miasto"},"image":{"@id":"https:\/\/takbrzmimiasto.pl\/#\/schema\/logo\/image\/"}}]}},"_links":{"self":[{"href":"https:\/\/takbrzmimiasto.pl\/en\/wp-json\/wp\/v2\/pages\/4319\/"}],"collection":[{"href":"https:\/\/takbrzmimiasto.pl\/en\/wp-json\/wp\/v2\/pages\/"}],"about":[{"href":"https:\/\/takbrzmimiasto.pl\/en\/wp-json\/wp\/v2\/types\/page\/"}],"author":[{"embeddable":true,"href":"https:\/\/takbrzmimiasto.pl\/en\/wp-json\/wp\/v2\/users\/2\/"}],"replies":[{"embeddable":true,"href":"https:\/\/takbrzmimiasto.pl\/en\/wp-json\/wp\/v2\/comments\/?post=4319"}],"version-history":[{"count":5,"href":"https:\/\/takbrzmimiasto.pl\/en\/wp-json\/wp\/v2\/pages\/4319\/revisions\/"}],"predecessor-version":[{"id":15384,"href":"https:\/\/takbrzmimiasto.pl\/en\/wp-json\/wp\/v2\/pages\/4319\/revisions\/15384\/"}],"up":[{"embeddable":true,"href":"https:\/\/takbrzmimiasto.pl\/en\/wp-json\/wp\/v2\/pages\/1576\/"}],"wp:attachment":[{"href":"https:\/\/takbrzmimiasto.pl\/en\/wp-json\/wp\/v2\/media\/?parent=4319"}],"curies":[{"name":"wp","href":"https:\/\/api.w.org\/{rel}","templated":true}]}}