{"id":4555,"date":"2021-07-19T02:06:25","date_gmt":"2021-07-19T00:06:25","guid":{"rendered":"https:\/\/takbrzmimiasto.pl\/?page_id=4555"},"modified":"2022-09-14T05:27:28","modified_gmt":"2022-09-14T03:27:28","slug":"patroni","status":"publish","type":"page","link":"https:\/\/takbrzmimiasto.pl\/en\/patroni\/","title":{"rendered":"Patroni"},"content":{"rendered":"","protected":false},"excerpt":{"rendered":"","protected":false},"author":64,"featured_media":5252,"parent":0,"menu_order":0,"comment_status":"closed","ping_status":"closed","template":"page-templates\/page-pagebuilder.php","meta":{"inline_featured_image":false,"footnotes":""},"class_list":["post-4555","page","type-page","status-publish","has-post-thumbnail","hentry"],"acf":[],"yoast_head":"<!-- This site is optimized with the Yoast SEO plugin v19.7.1 - https:\/\/yoast.com\/wordpress\/plugins\/seo\/ -->\n<title>Patroni - Tak Brzmi Miasto<\/title>\n<meta name=\"description\" content=\"Patroni wspieraj\u0105cy polsk\u0105 bran\u017c\u0119 muzyczn\u0105, a w szczeg\u00f3lno\u015bci dzia\u0142ania Tak Brzmi Miasto - konferencj\u0119 muzyczn\u0105, kana\u0142 youtube, bloga.\" \/>\n<meta name=\"robots\" content=\"index, follow, max-snippet:-1, max-image-preview:large, max-video-preview:-1\" \/>\n<link rel=\"canonical\" href=\"https:\/\/takbrzmimiasto.pl\/en\/patroni\/\" \/>\n<meta property=\"og:locale\" content=\"en_US\" \/>\n<meta property=\"og:type\" content=\"article\" \/>\n<meta property=\"og:title\" content=\"Patroni - Tak Brzmi Miasto\" \/>\n<meta property=\"og:description\" content=\"Patroni wspieraj\u0105cy polsk\u0105 bran\u017c\u0119 muzyczn\u0105, a w szczeg\u00f3lno\u015bci dzia\u0142ania Tak Brzmi Miasto - konferencj\u0119 muzyczn\u0105, kana\u0142 youtube, bloga.\" \/>\n<meta property=\"og:url\" content=\"https:\/\/takbrzmimiasto.pl\/en\/patroni\/\" \/>\n<meta property=\"og:site_name\" content=\"Tak Brzmi Miasto\" \/>\n<meta property=\"article:modified_time\" content=\"2022-09-14T03:27:28+00:00\" \/>\n<meta property=\"og:image\" content=\"https:\/\/takbrzmimiasto.pl\/wp-content\/uploads\/2021\/10\/patronite-thumbnail.jpg\" \/>\n\t<meta property=\"og:image:width\" content=\"960\" \/>\n\t<meta property=\"og:image:height\" content=\"720\" \/>\n\t<meta property=\"og:image:type\" content=\"image\/jpeg\" \/>\n<meta name=\"twitter:card\" content=\"summary_large_image\" \/>\n<script type=\"application\/ld+json\" class=\"yoast-schema-graph\">{\"@context\":\"https:\/\/schema.org\",\"@graph\":[{\"@type\":\"WebPage\",\"@id\":\"https:\/\/takbrzmimiasto.pl\/en\/patroni\/\",\"url\":\"https:\/\/takbrzmimiasto.pl\/en\/patroni\/\",\"name\":\"Patroni - Tak Brzmi Miasto\",\"isPartOf\":{\"@id\":\"https:\/\/takbrzmimiasto.pl\/#website\"},\"datePublished\":\"2021-07-19T00:06:25+00:00\",\"dateModified\":\"2022-09-14T03:27:28+00:00\",\"description\":\"Patroni wspieraj\u0105cy polsk\u0105 bran\u017c\u0119 muzyczn\u0105, a w szczeg\u00f3lno\u015bci dzia\u0142ania Tak Brzmi Miasto - konferencj\u0119 muzyczn\u0105, kana\u0142 youtube, bloga.\",\"breadcrumb\":{\"@id\":\"https:\/\/takbrzmimiasto.pl\/en\/patroni\/#breadcrumb\"},\"inLanguage\":\"en-US\",\"potentialAction\":[{\"@type\":\"ReadAction\",\"target\":[\"https:\/\/takbrzmimiasto.pl\/en\/patroni\/\"]}]},{\"@type\":\"BreadcrumbList\",\"@id\":\"https:\/\/takbrzmimiasto.pl\/en\/patroni\/#breadcrumb\",\"itemListElement\":[{\"@type\":\"ListItem\",\"position\":1,\"name\":\"Strona g\u0142\u00f3wna\",\"item\":\"https:\/\/takbrzmimiasto.pl\/en\/\"},{\"@type\":\"ListItem\",\"position\":2,\"name\":\"Patroni\"}]},{\"@type\":\"WebSite\",\"@id\":\"https:\/\/takbrzmimiasto.pl\/#website\",\"url\":\"https:\/\/takbrzmimiasto.pl\/\",\"name\":\"Tak Brzmi Miasto\",\"description\":\"Tak Brzmi Miasto to konferencja, festiwal, inkubator dla mened\u017cer\u00f3w i akademia\",\"publisher\":{\"@id\":\"https:\/\/takbrzmimiasto.pl\/#organization\"},\"potentialAction\":[{\"@type\":\"SearchAction\",\"target\":{\"@type\":\"EntryPoint\",\"urlTemplate\":\"https:\/\/takbrzmimiasto.pl\/?s={search_term_string}\"},\"query-input\":\"required name=search_term_string\"}],\"inLanguage\":\"en-US\"},{\"@type\":\"Organization\",\"@id\":\"https:\/\/takbrzmimiasto.pl\/#organization\",\"name\":\"Tak Brzmi Miasto\",\"url\":\"https:\/\/takbrzmimiasto.pl\/\",\"sameAs\":[],\"logo\":{\"@type\":\"ImageObject\",\"inLanguage\":\"en-US\",\"@id\":\"https:\/\/takbrzmimiasto.pl\/#\/schema\/logo\/image\/\",\"url\":\"https:\/\/takbrzmimiasto.pl\/wp-content\/uploads\/2021\/04\/www_miniatura_bezmenu.jpg\",\"contentUrl\":\"https:\/\/takbrzmimiasto.pl\/wp-content\/uploads\/2021\/04\/www_miniatura_bezmenu.jpg\",\"width\":1920,\"height\":1080,\"caption\":\"Tak Brzmi Miasto\"},\"image\":{\"@id\":\"https:\/\/takbrzmimiasto.pl\/#\/schema\/logo\/image\/\"}}]}<\/script>\n<!-- \/ Yoast SEO plugin. -->","yoast_head_json":{"title":"Patroni - Tak Brzmi Miasto","description":"Patroni wspieraj\u0105cy polsk\u0105 bran\u017c\u0119 muzyczn\u0105, a w szczeg\u00f3lno\u015bci dzia\u0142ania Tak Brzmi Miasto - konferencj\u0119 muzyczn\u0105, kana\u0142 youtube, bloga.","robots":{"index":"index","follow":"follow","max-snippet":"max-snippet:-1","max-image-preview":"max-image-preview:large","max-video-preview":"max-video-preview:-1"},"canonical":"https:\/\/takbrzmimiasto.pl\/en\/patroni\/","og_locale":"en_US","og_type":"article","og_title":"Patroni - Tak Brzmi Miasto","og_description":"Patroni wspieraj\u0105cy polsk\u0105 bran\u017c\u0119 muzyczn\u0105, a w szczeg\u00f3lno\u015bci dzia\u0142ania Tak Brzmi Miasto - konferencj\u0119 muzyczn\u0105, kana\u0142 youtube, bloga.","og_url":"https:\/\/takbrzmimiasto.pl\/en\/patroni\/","og_site_name":"Tak Brzmi Miasto","article_modified_time":"2022-09-14T03:27:28+00:00","og_image":[{"width":960,"height":720,"url":"https:\/\/takbrzmimiasto.pl\/wp-content\/uploads\/2021\/10\/patronite-thumbnail.jpg","type":"image\/jpeg"}],"twitter_card":"summary_large_image","schema":{"@context":"https:\/\/schema.org","@graph":[{"@type":"WebPage","@id":"https:\/\/takbrzmimiasto.pl\/en\/patroni\/","url":"https:\/\/takbrzmimiasto.pl\/en\/patroni\/","name":"Patroni - Tak Brzmi Miasto","isPartOf":{"@id":"https:\/\/takbrzmimiasto.pl\/#website"},"datePublished":"2021-07-19T00:06:25+00:00","dateModified":"2022-09-14T03:27:28+00:00","description":"Patroni wspieraj\u0105cy polsk\u0105 bran\u017c\u0119 muzyczn\u0105, a w szczeg\u00f3lno\u015bci dzia\u0142ania Tak Brzmi Miasto - konferencj\u0119 muzyczn\u0105, kana\u0142 youtube, bloga.","breadcrumb":{"@id":"https:\/\/takbrzmimiasto.pl\/en\/patroni\/#breadcrumb"},"inLanguage":"en-US","potentialAction":[{"@type":"ReadAction","target":["https:\/\/takbrzmimiasto.pl\/en\/patroni\/"]}]},{"@type":"BreadcrumbList","@id":"https:\/\/takbrzmimiasto.pl\/en\/patroni\/#breadcrumb","itemListElement":[{"@type":"ListItem","position":1,"name":"Strona g\u0142\u00f3wna","item":"https:\/\/takbrzmimiasto.pl\/en\/"},{"@type":"ListItem","position":2,"name":"Patroni"}]},{"@type":"WebSite","@id":"https:\/\/takbrzmimiasto.pl\/#website","url":"https:\/\/takbrzmimiasto.pl\/","name":"Tak Brzmi Miasto","description":"Tak Brzmi Miasto to konferencja, festiwal, inkubator dla mened\u017cer\u00f3w i akademia","publisher":{"@id":"https:\/\/takbrzmimiasto.pl\/#organization"},"potentialAction":[{"@type":"SearchAction","target":{"@type":"EntryPoint","urlTemplate":"https:\/\/takbrzmimiasto.pl\/?s={search_term_string}"},"query-input":"required name=search_term_string"}],"inLanguage":"en-US"},{"@type":"Organization","@id":"https:\/\/takbrzmimiasto.pl\/#organization","name":"Tak Brzmi Miasto","url":"https:\/\/takbrzmimiasto.pl\/","sameAs":[],"logo":{"@type":"ImageObject","inLanguage":"en-US","@id":"https:\/\/takbrzmimiasto.pl\/#\/schema\/logo\/image\/","url":"https:\/\/takbrzmimiasto.pl\/wp-content\/uploads\/2021\/04\/www_miniatura_bezmenu.jpg","contentUrl":"https:\/\/takbrzmimiasto.pl\/wp-content\/uploads\/2021\/04\/www_miniatura_bezmenu.jpg","width":1920,"height":1080,"caption":"Tak Brzmi Miasto"},"image":{"@id":"https:\/\/takbrzmimiasto.pl\/#\/schema\/logo\/image\/"}}]}},"_links":{"self":[{"href":"https:\/\/takbrzmimiasto.pl\/en\/wp-json\/wp\/v2\/pages\/4555\/"}],"collection":[{"href":"https:\/\/takbrzmimiasto.pl\/en\/wp-json\/wp\/v2\/pages\/"}],"about":[{"href":"https:\/\/takbrzmimiasto.pl\/en\/wp-json\/wp\/v2\/types\/page\/"}],"author":[{"embeddable":true,"href":"https:\/\/takbrzmimiasto.pl\/en\/wp-json\/wp\/v2\/users\/64\/"}],"replies":[{"embeddable":true,"href":"https:\/\/takbrzmimiasto.pl\/en\/wp-json\/wp\/v2\/comments\/?post=4555"}],"version-history":[{"count":21,"href":"https:\/\/takbrzmimiasto.pl\/en\/wp-json\/wp\/v2\/pages\/4555\/revisions\/"}],"predecessor-version":[{"id":14829,"href":"https:\/\/takbrzmimiasto.pl\/en\/wp-json\/wp\/v2\/pages\/4555\/revisions\/14829\/"}],"wp:featuredmedia":[{"embeddable":true,"href":"https:\/\/takbrzmimiasto.pl\/en\/wp-json\/wp\/v2\/media\/5252\/"}],"wp:attachment":[{"href":"https:\/\/takbrzmimiasto.pl\/en\/wp-json\/wp\/v2\/media\/?parent=4555"}],"curies":[{"name":"wp","href":"https:\/\/api.w.org\/{rel}","templated":true}]}}