{"id":5240,"date":"2021-09-30T23:04:46","date_gmt":"2021-09-30T21:04:46","guid":{"rendered":"https:\/\/takbrzmimiasto.pl\/?page_id=5240"},"modified":"2024-10-20T20:30:33","modified_gmt":"2024-10-20T18:30:33","slug":"hemi-music-hub","status":"publish","type":"page","link":"https:\/\/takbrzmimiasto.pl\/en\/hemi-music-hub\/","title":{"rendered":"HEMI Music Hub"},"content":{"rendered":"<div id=\"subpage__hemi\">\n<div class=\"row\">\n<div class=\"col-12\">\n<p>HEMI to skr\u00f3t od Hub for the Exchange of Music Innovation &#8211; centrum wymiany innowacji muzycznych. Jest to program<br \/>\n                Kreatywnej Europy zrzeszaj\u0105cy 10 partner\u00f3w z dziewi\u0119ciu kraj\u00f3w: Polski, Czech, Grecji, Estonii, Rumunii, W\u0119gier,<br \/>\n                S\u0142owenii, Serbii i Macedonii.<\/p>\n<p>W\u015br\u00f3d partner\u00f3w znajduj\u0105 si\u0119:<\/p>\n<ul>\n<li>Technopolis City of Athens (GR) \/ Lead Partner<\/li>\n<li>Almost Famous Music Business School \u2013 MHRS (HU)<\/li>\n<li>Romanian Artists Worldwide Association (RO)<\/li>\n<li>Foundation Exit (RS)<\/li>\n<li>Krakow Music Scene Foundation (PL)<\/li>\n<li>Arts Theatre Institute \u2013 SoundCzech (CZ)<\/li>\n<li>Krakow Festival Office (PL)<\/li>\n<li>Music Estonia (EE)<\/li>\n<li>Password Production (MK)<\/li>\n<li>Slovenian Music Information Centre \u2013 SIGIC (SI)<\/li>\n<\/ul>\n<p>Cele programu to:<\/p>\n<ol>\n<li>Opracowanie innowacyjnych modeli biznesowych<\/li>\n<li>Wsp\u00f3lna produkcja i promocja nowych wydarze\u0144 \/ produkt\u00f3w muzycznych<\/li>\n<li>Stworzenie Inkubatora wspieraj\u0105cego profesjonalizacj\u0119 i internalizacj\u0119 profesjonalist\u00f3w z bran\u017cy muzycznej<br \/>\n                    kraj\u00f3w<br \/>\n                    \u015brodkowej, po\u0142udniowej i wschodniej Europy<\/li>\n<li>Wsparcie edukacyjne i treningowe profesjonalist\u00f3w za pomoc\u0105 nowych modeli<\/li>\n<\/ol>\n<ol>\n<li>Develop innovative business models between consortium partners to jointly capitalize on distinctive but<br \/>\n                    complementary assets (conferences, Festivals and products),<\/li>\n<li>Co-produce and co-promote new events \/ products to create strong brand awareness,<\/li>\n<li>Create an Incubator to support the professionalization &amp; internationalization of CSEE music<br \/>\n                    professionals (i.e. fellows),<\/li>\n<li>Support CSEE music professionals vocational and educational training (VET) with new models to meet current<br \/>\n                    market needs.<\/li>\n<\/ol>\n<p>Trzy filary dzia\u0142alno\u015bci HEMI to:<\/p>\n<ol>\n<li><strong>HEMI Music Awards: <\/strong>program dla artyst\u00f3w zorientowanych na rynki mi\u0119dzynarodowe<\/li>\n<li><strong>HEMI Incubator:<\/strong> szkolenia i mentoring dla przedsi\u0119biorc\u00f3w w bran\u017cy muzycznej<\/li>\n<li><strong>HEMI Sphere: <\/strong>platforma edukacyjna oraz promuj\u0105ca muzyk\u0119 z kraj\u00f3w HEM<\/li>\n<\/ol><\/div>\n<div class=\"col-12 my-5\">\n            <img loading=\"lazy\" decoding=\"async\" class=\"mx-auto d-block\"\n                src=\"https:\/\/takbrzmimiasto.pl\/wp-content\/uploads\/2020\/10\/creativeeu_mono-e1632905887295.png\" alt=\"\" width=\"258\"\n                height=\"59\" \/>\n        <\/div>\n<\/p><\/div>\n<\/div>\n","protected":false},"excerpt":{"rendered":"<p>HEMI to skr\u00f3t od Hub for the Exchange of Music Innovation &#8211; centrum wymiany innowacji muzycznych. Jest to program Kreatywnej Europy zrzeszaj\u0105cy 10 partner\u00f3w z dziewi\u0119ciu kraj\u00f3w: Polski, Czech, Grecji, Estonii, Rumunii, W\u0119gier, S\u0142owenii, Serbii i Macedonii. W\u015br\u00f3d partner\u00f3w znajduj\u0105 si\u0119: Technopolis City of Athens (GR) \/ Lead Partner Almost Famous Music Business School \u2013 [&hellip;]<\/p>\n","protected":false},"author":2,"featured_media":5241,"parent":0,"menu_order":0,"comment_status":"closed","ping_status":"closed","template":"","meta":{"inline_featured_image":false,"footnotes":""},"class_list":["post-5240","page","type-page","status-publish","has-post-thumbnail","hentry"],"acf":[],"yoast_head":"<!-- This site is optimized with the Yoast SEO plugin v19.7.1 - https:\/\/yoast.com\/wordpress\/plugins\/seo\/ -->\n<title>HEMI Music Hub - Tak Brzmi Miasto<\/title>\n<meta name=\"description\" content=\"Partnerstwo 9 kraj\u00f3w w celu budowania innowacyjnych sieci wsp\u00f3\u0142pracy w bran\u017cy muzycznej - dla artyst\u00f3w, profesjonalist\u00f3w i przedsi\u0119biorc\u00f3w.\" \/>\n<meta name=\"robots\" content=\"index, follow, max-snippet:-1, max-image-preview:large, max-video-preview:-1\" \/>\n<link rel=\"canonical\" href=\"https:\/\/takbrzmimiasto.pl\/en\/hemi-music-hub\/\" \/>\n<meta property=\"og:locale\" content=\"en_US\" \/>\n<meta property=\"og:type\" content=\"article\" \/>\n<meta property=\"og:title\" content=\"HEMI Music Hub - Tak Brzmi Miasto\" \/>\n<meta property=\"og:description\" content=\"Partnerstwo 9 kraj\u00f3w w celu budowania innowacyjnych sieci wsp\u00f3\u0142pracy w bran\u017cy muzycznej - dla artyst\u00f3w, profesjonalist\u00f3w i przedsi\u0119biorc\u00f3w.\" \/>\n<meta property=\"og:url\" content=\"https:\/\/takbrzmimiasto.pl\/en\/hemi-music-hub\/\" \/>\n<meta property=\"og:site_name\" content=\"Tak Brzmi Miasto\" \/>\n<meta property=\"article:modified_time\" content=\"2024-10-20T18:30:33+00:00\" \/>\n<meta property=\"og:image\" content=\"https:\/\/takbrzmimiasto.pl\/wp-content\/uploads\/2021\/09\/hemi-music-hub-2-e1633036319270.png\" \/>\n\t<meta property=\"og:image:width\" content=\"709\" \/>\n\t<meta property=\"og:image:height\" content=\"531\" \/>\n\t<meta property=\"og:image:type\" content=\"image\/png\" \/>\n<meta name=\"twitter:card\" content=\"summary_large_image\" \/>\n<meta name=\"twitter:label1\" content=\"Est. reading time\" \/>\n\t<meta name=\"twitter:data1\" content=\"2 minutes\" \/>\n<script type=\"application\/ld+json\" class=\"yoast-schema-graph\">{\"@context\":\"https:\/\/schema.org\",\"@graph\":[{\"@type\":\"WebPage\",\"@id\":\"https:\/\/takbrzmimiasto.pl\/en\/hemi-music-hub\/\",\"url\":\"https:\/\/takbrzmimiasto.pl\/en\/hemi-music-hub\/\",\"name\":\"HEMI Music Hub - Tak Brzmi Miasto\",\"isPartOf\":{\"@id\":\"https:\/\/takbrzmimiasto.pl\/#website\"},\"datePublished\":\"2021-09-30T21:04:46+00:00\",\"dateModified\":\"2024-10-20T18:30:33+00:00\",\"description\":\"Partnerstwo 9 kraj\u00f3w w celu budowania innowacyjnych sieci wsp\u00f3\u0142pracy w bran\u017cy muzycznej - dla artyst\u00f3w, profesjonalist\u00f3w i przedsi\u0119biorc\u00f3w.\",\"breadcrumb\":{\"@id\":\"https:\/\/takbrzmimiasto.pl\/en\/hemi-music-hub\/#breadcrumb\"},\"inLanguage\":\"en-US\",\"potentialAction\":[{\"@type\":\"ReadAction\",\"target\":[\"https:\/\/takbrzmimiasto.pl\/en\/hemi-music-hub\/\"]}]},{\"@type\":\"BreadcrumbList\",\"@id\":\"https:\/\/takbrzmimiasto.pl\/en\/hemi-music-hub\/#breadcrumb\",\"itemListElement\":[{\"@type\":\"ListItem\",\"position\":1,\"name\":\"Strona g\u0142\u00f3wna\",\"item\":\"https:\/\/takbrzmimiasto.pl\/en\/\"},{\"@type\":\"ListItem\",\"position\":2,\"name\":\"HEMI Music Hub\"}]},{\"@type\":\"WebSite\",\"@id\":\"https:\/\/takbrzmimiasto.pl\/#website\",\"url\":\"https:\/\/takbrzmimiasto.pl\/\",\"name\":\"Tak Brzmi Miasto\",\"description\":\"Tak Brzmi Miasto to konferencja, festiwal, inkubator dla mened\u017cer\u00f3w i akademia\",\"publisher\":{\"@id\":\"https:\/\/takbrzmimiasto.pl\/#organization\"},\"potentialAction\":[{\"@type\":\"SearchAction\",\"target\":{\"@type\":\"EntryPoint\",\"urlTemplate\":\"https:\/\/takbrzmimiasto.pl\/?s={search_term_string}\"},\"query-input\":\"required name=search_term_string\"}],\"inLanguage\":\"en-US\"},{\"@type\":\"Organization\",\"@id\":\"https:\/\/takbrzmimiasto.pl\/#organization\",\"name\":\"Tak Brzmi Miasto\",\"url\":\"https:\/\/takbrzmimiasto.pl\/\",\"sameAs\":[],\"logo\":{\"@type\":\"ImageObject\",\"inLanguage\":\"en-US\",\"@id\":\"https:\/\/takbrzmimiasto.pl\/#\/schema\/logo\/image\/\",\"url\":\"https:\/\/takbrzmimiasto.pl\/wp-content\/uploads\/2021\/04\/www_miniatura_bezmenu.jpg\",\"contentUrl\":\"https:\/\/takbrzmimiasto.pl\/wp-content\/uploads\/2021\/04\/www_miniatura_bezmenu.jpg\",\"width\":1920,\"height\":1080,\"caption\":\"Tak Brzmi Miasto\"},\"image\":{\"@id\":\"https:\/\/takbrzmimiasto.pl\/#\/schema\/logo\/image\/\"}}]}<\/script>\n<!-- \/ Yoast SEO plugin. -->","yoast_head_json":{"title":"HEMI Music Hub - Tak Brzmi Miasto","description":"Partnerstwo 9 kraj\u00f3w w celu budowania innowacyjnych sieci wsp\u00f3\u0142pracy w bran\u017cy muzycznej - dla artyst\u00f3w, profesjonalist\u00f3w i przedsi\u0119biorc\u00f3w.","robots":{"index":"index","follow":"follow","max-snippet":"max-snippet:-1","max-image-preview":"max-image-preview:large","max-video-preview":"max-video-preview:-1"},"canonical":"https:\/\/takbrzmimiasto.pl\/en\/hemi-music-hub\/","og_locale":"en_US","og_type":"article","og_title":"HEMI Music Hub - Tak Brzmi Miasto","og_description":"Partnerstwo 9 kraj\u00f3w w celu budowania innowacyjnych sieci wsp\u00f3\u0142pracy w bran\u017cy muzycznej - dla artyst\u00f3w, profesjonalist\u00f3w i przedsi\u0119biorc\u00f3w.","og_url":"https:\/\/takbrzmimiasto.pl\/en\/hemi-music-hub\/","og_site_name":"Tak Brzmi Miasto","article_modified_time":"2024-10-20T18:30:33+00:00","og_image":[{"width":709,"height":531,"url":"https:\/\/takbrzmimiasto.pl\/wp-content\/uploads\/2021\/09\/hemi-music-hub-2-e1633036319270.png","type":"image\/png"}],"twitter_card":"summary_large_image","twitter_misc":{"Est. reading time":"2 minutes"},"schema":{"@context":"https:\/\/schema.org","@graph":[{"@type":"WebPage","@id":"https:\/\/takbrzmimiasto.pl\/en\/hemi-music-hub\/","url":"https:\/\/takbrzmimiasto.pl\/en\/hemi-music-hub\/","name":"HEMI Music Hub - Tak Brzmi Miasto","isPartOf":{"@id":"https:\/\/takbrzmimiasto.pl\/#website"},"datePublished":"2021-09-30T21:04:46+00:00","dateModified":"2024-10-20T18:30:33+00:00","description":"Partnerstwo 9 kraj\u00f3w w celu budowania innowacyjnych sieci wsp\u00f3\u0142pracy w bran\u017cy muzycznej - dla artyst\u00f3w, profesjonalist\u00f3w i przedsi\u0119biorc\u00f3w.","breadcrumb":{"@id":"https:\/\/takbrzmimiasto.pl\/en\/hemi-music-hub\/#breadcrumb"},"inLanguage":"en-US","potentialAction":[{"@type":"ReadAction","target":["https:\/\/takbrzmimiasto.pl\/en\/hemi-music-hub\/"]}]},{"@type":"BreadcrumbList","@id":"https:\/\/takbrzmimiasto.pl\/en\/hemi-music-hub\/#breadcrumb","itemListElement":[{"@type":"ListItem","position":1,"name":"Strona g\u0142\u00f3wna","item":"https:\/\/takbrzmimiasto.pl\/en\/"},{"@type":"ListItem","position":2,"name":"HEMI Music Hub"}]},{"@type":"WebSite","@id":"https:\/\/takbrzmimiasto.pl\/#website","url":"https:\/\/takbrzmimiasto.pl\/","name":"Tak Brzmi Miasto","description":"Tak Brzmi Miasto to konferencja, festiwal, inkubator dla mened\u017cer\u00f3w i akademia","publisher":{"@id":"https:\/\/takbrzmimiasto.pl\/#organization"},"potentialAction":[{"@type":"SearchAction","target":{"@type":"EntryPoint","urlTemplate":"https:\/\/takbrzmimiasto.pl\/?s={search_term_string}"},"query-input":"required name=search_term_string"}],"inLanguage":"en-US"},{"@type":"Organization","@id":"https:\/\/takbrzmimiasto.pl\/#organization","name":"Tak Brzmi Miasto","url":"https:\/\/takbrzmimiasto.pl\/","sameAs":[],"logo":{"@type":"ImageObject","inLanguage":"en-US","@id":"https:\/\/takbrzmimiasto.pl\/#\/schema\/logo\/image\/","url":"https:\/\/takbrzmimiasto.pl\/wp-content\/uploads\/2021\/04\/www_miniatura_bezmenu.jpg","contentUrl":"https:\/\/takbrzmimiasto.pl\/wp-content\/uploads\/2021\/04\/www_miniatura_bezmenu.jpg","width":1920,"height":1080,"caption":"Tak Brzmi Miasto"},"image":{"@id":"https:\/\/takbrzmimiasto.pl\/#\/schema\/logo\/image\/"}}]}},"_links":{"self":[{"href":"https:\/\/takbrzmimiasto.pl\/en\/wp-json\/wp\/v2\/pages\/5240\/"}],"collection":[{"href":"https:\/\/takbrzmimiasto.pl\/en\/wp-json\/wp\/v2\/pages\/"}],"about":[{"href":"https:\/\/takbrzmimiasto.pl\/en\/wp-json\/wp\/v2\/types\/page\/"}],"author":[{"embeddable":true,"href":"https:\/\/takbrzmimiasto.pl\/en\/wp-json\/wp\/v2\/users\/2\/"}],"replies":[{"embeddable":true,"href":"https:\/\/takbrzmimiasto.pl\/en\/wp-json\/wp\/v2\/comments\/?post=5240"}],"version-history":[{"count":10,"href":"https:\/\/takbrzmimiasto.pl\/en\/wp-json\/wp\/v2\/pages\/5240\/revisions\/"}],"predecessor-version":[{"id":5262,"href":"https:\/\/takbrzmimiasto.pl\/en\/wp-json\/wp\/v2\/pages\/5240\/revisions\/5262\/"}],"wp:featuredmedia":[{"embeddable":true,"href":"https:\/\/takbrzmimiasto.pl\/en\/wp-json\/wp\/v2\/media\/5241\/"}],"wp:attachment":[{"href":"https:\/\/takbrzmimiasto.pl\/en\/wp-json\/wp\/v2\/media\/?parent=5240"}],"curies":[{"name":"wp","href":"https:\/\/api.w.org\/{rel}","templated":true}]}}