{"id":7230,"date":"2021-10-09T15:53:48","date_gmt":"2021-10-09T13:53:48","guid":{"rendered":"https:\/\/takbrzmimiasto.pl\/?page_id=7230"},"modified":"2024-10-20T20:30:27","modified_gmt":"2024-10-20T18:30:27","slug":"faq","status":"publish","type":"page","link":"https:\/\/takbrzmimiasto.pl\/en\/faq\/","title":{"rendered":"FAQ"},"content":{"rendered":"<h2><strong><span style=\"color: #edc61b;\">+ Czym jest Tak Brzmi Miasto?<\/span><\/strong><\/h2>\n<p><strong>Tak Brzmi Miasto<\/strong> to marka dla kilku projekt\u00f3w sieciuj\u0105co-edukacyjnych skierowanych do artyst\u00f3w, muzyk\u00f3w, mened\u017cer\u00f3w i innych dzia\u0142aczy bran\u017cy muzycznej.<\/p>\n<p>Obecne projekty Tak Brzmi Miasto to:<\/p>\n<ul>\n<li>\n    <span id=\"arrow-link-58a7cdb5\" class=\"d-inline-block\">\n        <a href=\"https:\/\/takbrzmimiasto.pl\/konferencja\" class=\"arrow-link underline\">\n            <span class=\"arrow-link_text\">Tak Brzmi Miasto Konferencja<\/span>\n            <span class=\"arrow-link_icon\">\n                <i class=\"fa-solid fa-arrow-right\"><\/i><i class=\"fa-solid fa-arrow-right\"><\/i>\n            <\/span>\n        <\/a>\n    <\/span>\n    <\/li>\n<li>\n    <span id=\"arrow-link-f5924017\" class=\"d-inline-block\">\n        <a href=\"https:\/\/takbrzmimiasto.pl\/inkubator\" class=\"arrow-link underline\">\n            <span class=\"arrow-link_text\">Tak Brzmi Miasto Inkubator<\/span>\n            <span class=\"arrow-link_icon\">\n                <i class=\"fa-solid fa-arrow-right\"><\/i><i class=\"fa-solid fa-arrow-right\"><\/i>\n            <\/span>\n        <\/a>\n    <\/span>\n    <\/li>\n<li>\n    <span id=\"arrow-link-c04c241b\" class=\"d-inline-block\">\n        <a href=\"https:\/\/takbrzmimiasto.pl\/hemi-music-hub\/\" class=\"arrow-link underline\">\n            <span class=\"arrow-link_text\">Hub for Exchange of Music Innovation<\/span>\n            <span class=\"arrow-link_icon\">\n                <i class=\"fa-solid fa-arrow-right\"><\/i><i class=\"fa-solid fa-arrow-right\"><\/i>\n            <\/span>\n        <\/a>\n    <\/span>\n    <\/li>\n<li>\n    <span id=\"arrow-link-4c7c6a28\" class=\"d-inline-block\">\n        <a href=\"https:\/\/balticartistsindevelopment.squarespace.com\/\" class=\"arrow-link underline\">\n            <span class=\"arrow-link_text\">Baltic Artist in Development<\/span>\n            <span class=\"arrow-link_icon\">\n                <i class=\"fa-solid fa-arrow-right\"><\/i><i class=\"fa-solid fa-arrow-right\"><\/i>\n            <\/span>\n        <\/a>\n    <\/span>\n    <\/li>\n<li>\n    <span id=\"arrow-link-dfa40ffa\" class=\"d-inline-block\">\n        <a href=\"https:\/\/patronite.pl\/tbm\" class=\"arrow-link underline\">\n            <span class=\"arrow-link_text\">Patronite<\/span>\n            <span class=\"arrow-link_icon\">\n                <i class=\"fa-solid fa-arrow-right\"><\/i><i class=\"fa-solid fa-arrow-right\"><\/i>\n            <\/span>\n        <\/a>\n    <\/span>\n    <\/li>\n<li>Dzia\u0142alno\u015b\u0107 cyfrowa czyli: Blog + Newsletter, YT + Podcasty, WWW wraz ze Stref\u0105 Uczestnika i Sklepem<\/li>\n<\/ul>\n<p>Wszystkie projekty \u0142\u0105czy jeden cel: profesjonalizacja i wzmacnianie polskiej bran\u017cy muzycznej.<\/p>\n<h2><strong><span style=\"color: #edc61b;\">Kto za tym stoi?<\/span><\/strong><\/h2>\n<p>Tak Brzmi Miasto to marka fundacji<strong> Krakowska Scena Muzyczna<\/strong> &#8211; st\u0105d, z Krakowa, zaczynali\u015bmy, cho\u0107 dzi\u015b dzia\u0142amy w ca\u0142ej Polsce, a nawet za granic\u0105. Pocz\u0105tki fundacji si\u0119gaj\u0105 roku 2011, ale pierwsza impreza pod szyldem TBM odby\u0142a si\u0119 w 2014r. Ale to historia na zupe\u0142nie inn\u0105 okazj\u0119.<\/p>\n<p>Dzi\u015b, przy TBM pracuje regularnie dwie osoby:<\/p>\n<ul>\n<li>Micha\u0142 W\u00f3jcik &#8211; prezes fundacji, CEO, prywatnie lider zespo\u0142u Cinemon.<\/li>\n<li>Tomek Bysiewicz &#8211; cz\u0142onek zarz\u0105du fundacji, prywatnie basista zespo\u0142\u00f3w Cinemon i Empty Ashtray<\/li>\n<\/ul>\n<p>Oraz grupa wsp\u00f3\u0142pracownik\u00f3w:<\/p>\n<ul>\n<li>Jarek Krawczyk z BandAgency.pl &#8211; odpowiedzialny za PR\/media<\/li>\n<li>Magda Rodze\u0144 &#8211; odpowiedzialna m.in. za produkcje koncert\u00f3w<\/li>\n<li>Mi\u0142osz Ca\u0142ujek<\/li>\n<li>Ania Maciejczyk<\/li>\n<li>J\u0119drzej Wo\u0142k<\/li>\n<\/ul>\n<p>Wsp\u00f3\u0142pracujemy te\u017c z r\u00f3\u017cnymi partnerami, z kt\u00f3rych g\u0142\u00f3wnym jest CK Dworek Bia\u0142opr\u0105dnicki w Krakowie (przy projekcie TBM Inkubator).<\/p>\n<h2><strong><span style=\"color: #edc61b;\">Sk\u0105d macie na to pieni\u0105dze?<\/span><\/strong><\/h2>\n<p>Je\u015bli chodzi o finansowanie &#8211; w wi\u0119kszo\u015bci projekt\u00f3w pomaga nam Ministerstwo Kultury, Dziedzictwa Narodowego, miasto Krak\u00f3w oraz inne miasta partnerskie (dotychczas Gdynia, Gda\u0144sk, Wroc\u0142aw, \u0141\u00f3d\u017a, Katowice, Pozna\u0144, Toru\u0144).<\/p>\n<p>Wielokrotnie uzyskali\u015bmy wsparcie od ZAiKS, Stoart, ZPAV.<\/p>\n<p>Czasem wspomagaj\u0105 nas sponsorzy. Co roku, dzi\u0119ki wsp\u00f3\u0142pracy z fundacj\u0105 Plateaux, wspieracie nas te\u017c Waszym 1% lub 1,5%.<\/p>\n<p>Mamy te\u017c sw\u00f3j profil na \n    <span id=\"arrow-link-24ac428d\" class=\"d-inline-block\">\n        <a href=\"https:\/\/patronite.pl\/tbm\" class=\"arrow-link underline\">\n            <span class=\"arrow-link_text\">Patronite.pl<\/span>\n            <span class=\"arrow-link_icon\">\n                <i class=\"fa-solid fa-arrow-right\"><\/i><i class=\"fa-solid fa-arrow-right\"><\/i>\n            <\/span>\n        <\/a>\n    <\/span>\n     &#8211; zach\u0119camy do do\u0142\u0105czenia!<\/p>\n<h2><strong><span style=\"color: #edc61b;\">Po co to robicie?<\/span><\/strong><\/h2>\n<p>Samymi b\u0119d\u0105c muzykami lub osobami dzia\u0142aj\u0105cymi w bran\u017cy muzycznej robimy to, czego potrzebujemy &#8211; staramy si\u0119 budowa\u0107 lepsz\u0105 rzeczywisto\u015b\u0107 wok\u00f3\u0142 nas, opart\u0105 na transparentno\u015bci, partnerstwie, zaufaniu i poczuciu wsp\u00f3lnego celu.<\/p>\n<p>Nazywamy to &#8220;budowaniem nowej bran\u017cy muzycznej&#8221; i, bez fa\u0142szywej skromno\u015bci, m\u00f3wimy &#8211; to dzia\u0142a! \ud83d\ude42<\/p>\n<p>Misj\u0119 t\u0119 realizujemy j\u0105 poprzez edukacj\u0119, integracj\u0119 i sieciowanie spo\u0142eczno\u015bci muzycznej.<\/p>\n<h2><strong><span style=\"color: #edc61b;\">O co chodzi z Tak Brzmi Miasto Konferencja?<\/span><\/strong><\/h2>\n<p>\n    <span id=\"arrow-link-42204b9f\" class=\"d-inline-block\">\n        <a href=\"https:\/\/takbrzmimiasto.pl\/konferencja\" class=\"arrow-link underline\">\n            <span class=\"arrow-link_text\">Tak Brzmi Miasto Konferencja<\/span>\n            <span class=\"arrow-link_icon\">\n                <i class=\"fa-solid fa-arrow-right\"><\/i><i class=\"fa-solid fa-arrow-right\"><\/i>\n            <\/span>\n        <\/a>\n    <\/span>\n     to obecnie najstarszy festiwal showcase\u2019owy o najwi\u0119kszym programie konferencyjnym w Polsce. To historycznie pierwszy z projekt\u00f3w pod t\u0105 mark\u0105. Organizujemy go od 2014 r.<\/p>\n<p>Co to takiego? To spotkanie dla muzyk\u00f3w, mened\u017cer\u00f3w, przedstawicieli bran\u017cy muzycznej &#8211; po to by si\u0119 pozna\u0107, by dyskutowa\u0107 na wa\u017cne tematy, by wymienia\u0107 si\u0119 informacjami, by edukowa\u0107 si\u0119.<\/p>\n<p>R\u00f3wnie\u017c po to, by pos\u0142ucha\u0107 naj\u015bwie\u017cszych i najciekawszych zespo\u0142\u00f3w, z kt\u00f3rych wiele za chwile b\u0119dzie rozchwytywanych na wydarzeniach na ca\u0142ym \u015bwiecie (serio: Ha\u0144ba!, Patrick the Pan, duet Sarapata, Cheap Tobbaco, Lor, i wiele innych).<\/p>\n<p>Co roku w listopadzie przedstawiamy oko\u0142o 10 zespo\u0142\u00f3w oraz dyskutujemy w trakcie oko\u0142o 30 paneli, warsztat\u00f3w, wyk\u0142ad\u00f3w.<\/p>\n<h2><strong><span style=\"color: #edc61b;\">Jak mog\u0119 wzi\u0105\u0107 udzia\u0142 w konferencji?<\/span><\/strong><\/h2>\n<p>Konferencja jest wydarzeniem og\u00f3lnodost\u0119pnym, niewymagaj\u0105cym rekrutacji &#8211; wystarczy w odpowiednim momencie naby\u0107 bilet. Przy czym odpowiedni moment to s\u0142owo klucz &#8211; miejsca w kt\u00f3rych odbywa si\u0119 konferencja s\u0105 zazwyczaj kameralne, a zdarzaj\u0105 si\u0119 nam sold-outy \ud83d\ude42<\/p>\n<h2><strong><span style=\"color: #edc61b;\">Czy mog\u0119 zosta\u0107 prelegentem na konferencji?<\/span><\/strong><\/h2>\n<p>Prelegentami na TBM s\u0105 specjali\u015bci z bran\u017cy muzycznej z ca\u0142ego \u015bwiata (go\u015bcili\u015bmy osoby z 27 kraj\u00f3w). Niekt\u00f3rzy z nich pracuj\u0105 ze \u015bwiatow\u0105 czo\u0142\u00f3wk\u0105 (Bjork, Elton John, Marillion, Machine Head, Pino Palladino), inni to przedstawiciele sceny niezale\u017cnej, cz\u0119sto z zupe\u0142nie nieznanych projekt\u00f3w.<\/p>\n<p>\u015awiadomie doprowadzamy do spotkania tych dw\u00f3ch \u015bwiat\u00f3w, by mie\u0107 mo\u017cliwie szeroki obraz rzeczywisto\u015bci, ale te\u017c \u017ceby podkre\u015bla\u0107 wzajemn\u0105 gotowo\u015b\u0107 pomocy i otwarto\u015b\u0107.<\/p>\n<p>Je\u015bli uwa\u017casz, \u017ce masz do\u015bwiadczenie, kt\u00f3re mo\u017ce by\u0107 cenne dla Twoich braci i si\u00f3str bran\u017cy muzycznej &#8211; \u015bmia\u0142o, pisz do nas! We\u017a te\u017c pod uwag\u0119 to, \u017ce program zamykamy zazwyczaj we wrze\u015bniu.<\/p>\n<h2><strong><span style=\"color: #edc61b;\">Czym jest Tak Brzmi Miasto Inkubator?<\/span><\/strong><\/h2>\n<p>\n    <span id=\"arrow-link-75f97a2b\" class=\"d-inline-block\">\n        <a href=\"https:\/\/takbrzmimiasto.pl\/inkubator\" class=\"arrow-link underline\">\n            <span class=\"arrow-link_text\">Tak Brzmi Miasto Inkubator<\/span>\n            <span class=\"arrow-link_icon\">\n                <i class=\"fa-solid fa-arrow-right\"><\/i><i class=\"fa-solid fa-arrow-right\"><\/i>\n            <\/span>\n        <\/a>\n    <\/span>\n     to obecnie najwi\u0119ksza rzecz, przy kt\u00f3rej dzia\u0142amy, a przy okazji najwi\u0119kszy tego typu program w Polsce i we wschodnio-centralnej Europie.<\/p>\n<p>To kilkumiesi\u0119czny program wsparcia i edukacji biznesowej dla muzyk\u00f3w i mened\u017cer\u00f3w odbywaj\u0105cy si\u0119 w kilku miastach w Polsce (dotychczas Krak\u00f3w, Katowice, \u0141\u00f3d\u017a, Wroc\u0142aw, Pozna\u0144, Toru\u0144, Rzesz\u00f3w, Lublin, Gdynia, Gda\u0144sk). Odby\u0142y si\u0119 jego cztery edycje, a pi\u0105ta odbywa si\u0119 w 2024 r.<\/p>\n<p>Projekt organizowany jest we wsp\u00f3\u0142pracy z Centrum Kultury Dworek Bia\u0142opr\u0105dnicki &#8211; formalnym organizatorem.<\/p>\n<h2><strong><span style=\"color: #edc61b;\">Jak mog\u0119 dosta\u0107 si\u0119 na Inkubator?<\/span><\/strong><\/h2>\n<p>Rekrutacja do programu zwyczajowo odbywa si\u0119 pocz\u0105tkiem roku. Obserwuj nasze kana\u0142y informacyjne w okolicach lutego-marca.<\/p>\n<h2><strong><span style=\"color: #edc61b;\">Czy mo\u017cecie zorganizowa\u0107 warsztat z\u2026?<\/span><\/strong><\/h2>\n<p>Bardzo ch\u0119tnie! Je\u015bli jest to temat, kt\u00f3ry zainteresuje grup\u0119 os\u00f3b na Tak Brzmi Miasto Spo\u0142eczno\u015b\u0107 i b\u0119dzie to wykonalne, to ch\u0119tnie zajmiemy si\u0119 organizacj\u0105 takiego wydarzenia.<\/p>\n<p>Je\u015bli masz prowadz\u0105cego lub temat, kt\u00f3ry chcia\u0142by\u015b\/-a\u0142aby\u015b nam podrzuci\u0107 &#8211; \u015bmia\u0142o!<\/p>\n<h2><strong><span style=\"color: #edc61b;\">Gdzie mog\u0119 nauczy\u0107 si\u0119 bran\u017cy muzycznej?<\/span><\/strong><\/h2>\n<p>Ma\u0142o jest szk\u00f3\u0142, kt\u00f3re ucz\u0105 \u201c\u017cycia w bran\u017cy\u201d. Jest wiele informacji porozrzucanych po sieci, wiele informacji przekazywanych jest te\u017c drog\u0105 \u201custn\u0105\u201d &#8211; w rozmowach kuluarowych.<\/p>\n<p>\u201cNauczenie si\u0119\u201d bran\u017cy jest wi\u0119c bardzo ci\u0119\u017ckie. Pracujemy nad tym, \u017ceby to zmieni\u0107 &#8211; ka\u017cdy z naszych projekt\u00f3w niesie jak\u0105\u015b form\u0119 edukacji. Obecnie, najbardziej kompletnym z nich (i najd\u0142u\u017cszym) jest \n    <span id=\"arrow-link-533d1f0a\" class=\"d-inline-block\">\n        <a href=\"https:\/\/takbrzmimiasto.pl\/inkubator\" class=\"arrow-link underline\">\n            <span class=\"arrow-link_text\">Tak Brzmi Miasto Inkubator<\/span>\n            <span class=\"arrow-link_icon\">\n                <i class=\"fa-solid fa-arrow-right\"><\/i><i class=\"fa-solid fa-arrow-right\"><\/i>\n            <\/span>\n        <\/a>\n    <\/span>\n    <\/p>\n<p>Jednak zach\u0119camy te\u017c do sprawdzenia \n    <span id=\"arrow-link-09af52b5\" class=\"d-inline-block\">\n        <a href=\"https:\/\/takbrzmimiasto.pl\/konferencja\" class=\"arrow-link underline\">\n            <span class=\"arrow-link_text\">Tak Brzmi Miasto Konferencja<\/span>\n            <span class=\"arrow-link_icon\">\n                <i class=\"fa-solid fa-arrow-right\"><\/i><i class=\"fa-solid fa-arrow-right\"><\/i>\n            <\/span>\n        <\/a>\n    <\/span>\n    , \n    <span id=\"arrow-link-834a29bf\" class=\"d-inline-block\">\n        <a href=\"https:\/\/youtube.com\/takbrzmimiasto\" class=\"arrow-link underline\">\n            <span class=\"arrow-link_text\">YT<\/span>\n            <span class=\"arrow-link_icon\">\n                <i class=\"fa-solid fa-arrow-right\"><\/i><i class=\"fa-solid fa-arrow-right\"><\/i>\n            <\/span>\n        <\/a>\n    <\/span>\n     czy \n    <span id=\"arrow-link-0f9f4196\" class=\"d-inline-block\">\n        <a href=\"https:\/\/takbrzmimiasto.pl\/blog\" class=\"arrow-link underline\">\n            <span class=\"arrow-link_text\">Bloga<\/span>\n            <span class=\"arrow-link_icon\">\n                <i class=\"fa-solid fa-arrow-right\"><\/i><i class=\"fa-solid fa-arrow-right\"><\/i>\n            <\/span>\n        <\/a>\n    <\/span>\n    &#8211; wsz\u0119dzie tam znajdziesz ogromne ilo\u015bci wiedzy.<\/p>\n<p>\n    <span id=\"arrow-link-f5646b3e\" class=\"d-inline-block\">\n        <a href=\"https:\/\/takbrzmimiasto.pl\/sklep\" class=\"arrow-link underline\">\n            <span class=\"arrow-link_text\">SKLEP<\/span>\n            <span class=\"arrow-link_icon\">\n                <i class=\"fa-solid fa-arrow-right\"><\/i><i class=\"fa-solid fa-arrow-right\"><\/i>\n            <\/span>\n        <\/a>\n    <\/span>\n     oferuje konsultacje z ekspertami z bran\u017cy muzycznej.<\/p>\n<p>Na \n    <span id=\"arrow-link-8f16876d\" class=\"d-inline-block\">\n        <a href=\"https:\/\/takbrzmimiasto.pl\/strefa-uczestnika\" class=\"arrow-link underline\">\n            <span class=\"arrow-link_text\">Strefie Uczestnika<\/span>\n            <span class=\"arrow-link_icon\">\n                <i class=\"fa-solid fa-arrow-right\"><\/i><i class=\"fa-solid fa-arrow-right\"><\/i>\n            <\/span>\n        <\/a>\n    <\/span>\n     znajdziesz te\u017c ekskluzywne materia\u0142y.<\/p>\n<p>Last but not least, sprawd\u017a te\u017c \n    <span id=\"arrow-link-0a623dae\" class=\"d-inline-block\">\n        <a href=\"https:\/\/takbrzmimiasto.pl\/toolbox\" class=\"arrow-link underline\">\n            <span class=\"arrow-link_text\">Toolboksy<\/span>\n            <span class=\"arrow-link_icon\">\n                <i class=\"fa-solid fa-arrow-right\"><\/i><i class=\"fa-solid fa-arrow-right\"><\/i>\n            <\/span>\n        <\/a>\n    <\/span>\n     &#8211; materia\u0142y wideo poruszaj\u0105ce podstawowe zagadnienia z bran\u017cy muzycznej<\/p>\n<h2><strong><span style=\"color: #edc61b;\">Czy mo\u017cecie udzieli\u0107 mi porady\/konsultacji?<\/span><\/strong><\/h2>\n<p>Mo\u017cemy! Do dyspozycji s\u0105 konsultacje na \n    <span id=\"arrow-link-44645995\" class=\"d-inline-block\">\n        <a href=\"https:\/\/takbrzmimiasto.pl\/sklep\/kategoria\/konsultacje\/\" class=\"arrow-link underline\">\n            <span class=\"arrow-link_text\">www.takbrzmimiasto.pl\/sklep<\/span>\n            <span class=\"arrow-link_icon\">\n                <i class=\"fa-solid fa-arrow-right\"><\/i><i class=\"fa-solid fa-arrow-right\"><\/i>\n            <\/span>\n        <\/a>\n    <\/span>\n     ze specjalistami w swoich dziedzinach.<\/p>\n<h2><strong><span style=\"color: #edc61b;\">Jak mog\u0119 Was wesprze\u0107?<\/span><\/strong><\/h2>\n<ul>\n<li>\n    <span id=\"arrow-link-50d5f6da\" class=\"d-inline-block\">\n        <a href=\"https:\/\/patronite.pl\/tbm\" class=\"arrow-link underline\">\n            <span class=\"arrow-link_text\">Patronite<\/span>\n            <span class=\"arrow-link_icon\">\n                <i class=\"fa-solid fa-arrow-right\"><\/i><i class=\"fa-solid fa-arrow-right\"><\/i>\n            <\/span>\n        <\/a>\n    <\/span>\n    <\/li>\n<li>Jako fundacja, mo\u017cemy przyjmowa\u0107 darowizny! Nasz numer konta to 34 1140 2004 0000 3502 7506 5413 Tytu\u0142 przelewu: darowizna na cele statutowe.<\/li>\n<li>Jako fundacja, przyjmujemy te\u017c 1,5% z podatku &#8211; dzi\u0119ki wsp\u00f3\u0142pracy z fundacj\u0105 Plateaux! \u00a0KRS: 0000254909 Cel szczeg\u00f3\u0142owy: Tak Brzmi Miasto<\/li>\n<li>mo\u017cesz te\u017c po prostu wzi\u0105\u0107 udzia\u0142 w wydarzeniach, kt\u00f3re organizujemy!<\/li>\n<li>lub w wydarzeniach artyst\u00f3w ze spo\u0142eczno\u015bci Tak Brzmi Miasto!<\/li>\n<li>je\u015bli masz firm\u0119 i interesuje Ci\u0119 wsp\u00f3\u0142praca sponsorska, pisz \u015bmia\u0142o!<\/li>\n<\/ul>\n<h2><strong><span style=\"color: #edc61b;\">Czym jest spo\u0142eczno\u015b\u0107 Tak Brzmi Miasto?<\/span><\/strong><\/h2>\n<p><strong>Spo\u0142eczno\u015b\u0107 Tak Brzmi Miasto<\/strong> to grupa os\u00f3b, kt\u00f3re by\u0142y uczestnikami naszych wydarze\u0144, a po ich zako\u0144czeniu nie rozesz\u0142y si\u0119 do domu, a zosta\u0142y i nadal utrzymuj\u0105 kontakty (mniej lub bardziej intensywnie) lub po prostu osoby, kt\u00f3re chc\u0105 nas &#8211; i siebie nawzajem &#8211; wspiera\u0107 na odleg\u0142o\u015b\u0107.<\/p>\n<p>Gromadzimy si\u0119 obecnie na \n    <span id=\"arrow-link-1338ea31\" class=\"d-inline-block\">\n        <a href=\"https:\/\/facebook.com\/groups\/tbmspolecznosc\" class=\"arrow-link underline\">\n            <span class=\"arrow-link_text\">grupie facebookowej<\/span>\n            <span class=\"arrow-link_icon\">\n                <i class=\"fa-solid fa-arrow-right\"><\/i><i class=\"fa-solid fa-arrow-right\"><\/i>\n            <\/span>\n        <\/a>\n    <\/span>\n     pod tak\u0105 w\u0142a\u015bnie nazw\u0105.<\/p>\n<p>Zapraszamy i Ciebie!<\/p>\n","protected":false},"excerpt":{"rendered":"<p>+ Czym jest Tak Brzmi Miasto? Tak Brzmi Miasto to marka dla kilku projekt\u00f3w sieciuj\u0105co-edukacyjnych skierowanych do artyst\u00f3w, muzyk\u00f3w, mened\u017cer\u00f3w i innych dzia\u0142aczy bran\u017cy muzycznej. Obecne projekty Tak Brzmi Miasto to: Dzia\u0142alno\u015b\u0107 cyfrowa czyli: Blog + Newsletter, YT + Podcasty, WWW wraz ze Stref\u0105 Uczestnika i Sklepem Wszystkie projekty \u0142\u0105czy jeden cel: profesjonalizacja i wzmacnianie [&hellip;]<\/p>\n","protected":false},"author":2,"featured_media":0,"parent":0,"menu_order":0,"comment_status":"closed","ping_status":"closed","template":"","meta":{"inline_featured_image":false,"footnotes":""},"class_list":["post-7230","page","type-page","status-publish","hentry"],"acf":[],"yoast_head":"<!-- This site is optimized with the Yoast SEO plugin v19.7.1 - https:\/\/yoast.com\/wordpress\/plugins\/seo\/ -->\n<title>FAQ - Tak Brzmi Miasto<\/title>\n<meta name=\"robots\" content=\"index, follow, max-snippet:-1, max-image-preview:large, max-video-preview:-1\" \/>\n<link rel=\"canonical\" href=\"https:\/\/takbrzmimiasto.pl\/en\/faq\/\" \/>\n<meta property=\"og:locale\" content=\"en_US\" \/>\n<meta property=\"og:type\" content=\"article\" \/>\n<meta property=\"og:title\" content=\"FAQ - Tak Brzmi Miasto\" \/>\n<meta property=\"og:description\" content=\"+ Czym jest Tak Brzmi Miasto? Tak Brzmi Miasto to marka dla kilku projekt\u00f3w sieciuj\u0105co-edukacyjnych skierowanych do artyst\u00f3w, muzyk\u00f3w, mened\u017cer\u00f3w i innych dzia\u0142aczy bran\u017cy muzycznej. Obecne projekty Tak Brzmi Miasto to: Dzia\u0142alno\u015b\u0107 cyfrowa czyli: Blog + Newsletter, YT + Podcasty, WWW wraz ze Stref\u0105 Uczestnika i Sklepem Wszystkie projekty \u0142\u0105czy jeden cel: profesjonalizacja i wzmacnianie [&hellip;]\" \/>\n<meta property=\"og:url\" content=\"https:\/\/takbrzmimiasto.pl\/en\/faq\/\" \/>\n<meta property=\"og:site_name\" content=\"Tak Brzmi Miasto\" \/>\n<meta property=\"article:modified_time\" content=\"2024-10-20T18:30:27+00:00\" \/>\n<meta property=\"og:image\" content=\"https:\/\/takbrzmimiasto.pl\/wp-content\/uploads\/2021\/04\/www_miniatura_bezmenu.jpg\" \/>\n\t<meta property=\"og:image:width\" content=\"1920\" \/>\n\t<meta property=\"og:image:height\" content=\"1080\" \/>\n\t<meta property=\"og:image:type\" content=\"image\/jpeg\" \/>\n<meta name=\"twitter:card\" content=\"summary_large_image\" \/>\n<meta name=\"twitter:label1\" content=\"Est. reading time\" \/>\n\t<meta name=\"twitter:data1\" content=\"7 minutes\" \/>\n<script type=\"application\/ld+json\" class=\"yoast-schema-graph\">{\"@context\":\"https:\/\/schema.org\",\"@graph\":[{\"@type\":\"WebPage\",\"@id\":\"https:\/\/takbrzmimiasto.pl\/en\/faq\/\",\"url\":\"https:\/\/takbrzmimiasto.pl\/en\/faq\/\",\"name\":\"FAQ - Tak Brzmi Miasto\",\"isPartOf\":{\"@id\":\"https:\/\/takbrzmimiasto.pl\/#website\"},\"datePublished\":\"2021-10-09T13:53:48+00:00\",\"dateModified\":\"2024-10-20T18:30:27+00:00\",\"breadcrumb\":{\"@id\":\"https:\/\/takbrzmimiasto.pl\/en\/faq\/#breadcrumb\"},\"inLanguage\":\"en-US\",\"potentialAction\":[{\"@type\":\"ReadAction\",\"target\":[\"https:\/\/takbrzmimiasto.pl\/en\/faq\/\"]}]},{\"@type\":\"BreadcrumbList\",\"@id\":\"https:\/\/takbrzmimiasto.pl\/en\/faq\/#breadcrumb\",\"itemListElement\":[{\"@type\":\"ListItem\",\"position\":1,\"name\":\"Strona g\u0142\u00f3wna\",\"item\":\"https:\/\/takbrzmimiasto.pl\/en\/\"},{\"@type\":\"ListItem\",\"position\":2,\"name\":\"FAQ\"}]},{\"@type\":\"WebSite\",\"@id\":\"https:\/\/takbrzmimiasto.pl\/#website\",\"url\":\"https:\/\/takbrzmimiasto.pl\/\",\"name\":\"Tak Brzmi Miasto\",\"description\":\"Tak Brzmi Miasto to konferencja, festiwal, inkubator dla mened\u017cer\u00f3w i akademia\",\"publisher\":{\"@id\":\"https:\/\/takbrzmimiasto.pl\/#organization\"},\"potentialAction\":[{\"@type\":\"SearchAction\",\"target\":{\"@type\":\"EntryPoint\",\"urlTemplate\":\"https:\/\/takbrzmimiasto.pl\/?s={search_term_string}\"},\"query-input\":\"required name=search_term_string\"}],\"inLanguage\":\"en-US\"},{\"@type\":\"Organization\",\"@id\":\"https:\/\/takbrzmimiasto.pl\/#organization\",\"name\":\"Tak Brzmi Miasto\",\"url\":\"https:\/\/takbrzmimiasto.pl\/\",\"sameAs\":[],\"logo\":{\"@type\":\"ImageObject\",\"inLanguage\":\"en-US\",\"@id\":\"https:\/\/takbrzmimiasto.pl\/#\/schema\/logo\/image\/\",\"url\":\"https:\/\/takbrzmimiasto.pl\/wp-content\/uploads\/2021\/04\/www_miniatura_bezmenu.jpg\",\"contentUrl\":\"https:\/\/takbrzmimiasto.pl\/wp-content\/uploads\/2021\/04\/www_miniatura_bezmenu.jpg\",\"width\":1920,\"height\":1080,\"caption\":\"Tak Brzmi Miasto\"},\"image\":{\"@id\":\"https:\/\/takbrzmimiasto.pl\/#\/schema\/logo\/image\/\"}}]}<\/script>\n<!-- \/ Yoast SEO plugin. -->","yoast_head_json":{"title":"FAQ - Tak Brzmi Miasto","robots":{"index":"index","follow":"follow","max-snippet":"max-snippet:-1","max-image-preview":"max-image-preview:large","max-video-preview":"max-video-preview:-1"},"canonical":"https:\/\/takbrzmimiasto.pl\/en\/faq\/","og_locale":"en_US","og_type":"article","og_title":"FAQ - Tak Brzmi Miasto","og_description":"+ Czym jest Tak Brzmi Miasto? Tak Brzmi Miasto to marka dla kilku projekt\u00f3w sieciuj\u0105co-edukacyjnych skierowanych do artyst\u00f3w, muzyk\u00f3w, mened\u017cer\u00f3w i innych dzia\u0142aczy bran\u017cy muzycznej. Obecne projekty Tak Brzmi Miasto to: Dzia\u0142alno\u015b\u0107 cyfrowa czyli: Blog + Newsletter, YT + Podcasty, WWW wraz ze Stref\u0105 Uczestnika i Sklepem Wszystkie projekty \u0142\u0105czy jeden cel: profesjonalizacja i wzmacnianie [&hellip;]","og_url":"https:\/\/takbrzmimiasto.pl\/en\/faq\/","og_site_name":"Tak Brzmi Miasto","article_modified_time":"2024-10-20T18:30:27+00:00","og_image":[{"width":1920,"height":1080,"url":"https:\/\/takbrzmimiasto.pl\/wp-content\/uploads\/2021\/04\/www_miniatura_bezmenu.jpg","type":"image\/jpeg"}],"twitter_card":"summary_large_image","twitter_misc":{"Est. reading time":"7 minutes"},"schema":{"@context":"https:\/\/schema.org","@graph":[{"@type":"WebPage","@id":"https:\/\/takbrzmimiasto.pl\/en\/faq\/","url":"https:\/\/takbrzmimiasto.pl\/en\/faq\/","name":"FAQ - Tak Brzmi Miasto","isPartOf":{"@id":"https:\/\/takbrzmimiasto.pl\/#website"},"datePublished":"2021-10-09T13:53:48+00:00","dateModified":"2024-10-20T18:30:27+00:00","breadcrumb":{"@id":"https:\/\/takbrzmimiasto.pl\/en\/faq\/#breadcrumb"},"inLanguage":"en-US","potentialAction":[{"@type":"ReadAction","target":["https:\/\/takbrzmimiasto.pl\/en\/faq\/"]}]},{"@type":"BreadcrumbList","@id":"https:\/\/takbrzmimiasto.pl\/en\/faq\/#breadcrumb","itemListElement":[{"@type":"ListItem","position":1,"name":"Strona g\u0142\u00f3wna","item":"https:\/\/takbrzmimiasto.pl\/en\/"},{"@type":"ListItem","position":2,"name":"FAQ"}]},{"@type":"WebSite","@id":"https:\/\/takbrzmimiasto.pl\/#website","url":"https:\/\/takbrzmimiasto.pl\/","name":"Tak Brzmi Miasto","description":"Tak Brzmi Miasto to konferencja, festiwal, inkubator dla mened\u017cer\u00f3w i akademia","publisher":{"@id":"https:\/\/takbrzmimiasto.pl\/#organization"},"potentialAction":[{"@type":"SearchAction","target":{"@type":"EntryPoint","urlTemplate":"https:\/\/takbrzmimiasto.pl\/?s={search_term_string}"},"query-input":"required name=search_term_string"}],"inLanguage":"en-US"},{"@type":"Organization","@id":"https:\/\/takbrzmimiasto.pl\/#organization","name":"Tak Brzmi Miasto","url":"https:\/\/takbrzmimiasto.pl\/","sameAs":[],"logo":{"@type":"ImageObject","inLanguage":"en-US","@id":"https:\/\/takbrzmimiasto.pl\/#\/schema\/logo\/image\/","url":"https:\/\/takbrzmimiasto.pl\/wp-content\/uploads\/2021\/04\/www_miniatura_bezmenu.jpg","contentUrl":"https:\/\/takbrzmimiasto.pl\/wp-content\/uploads\/2021\/04\/www_miniatura_bezmenu.jpg","width":1920,"height":1080,"caption":"Tak Brzmi Miasto"},"image":{"@id":"https:\/\/takbrzmimiasto.pl\/#\/schema\/logo\/image\/"}}]}},"_links":{"self":[{"href":"https:\/\/takbrzmimiasto.pl\/en\/wp-json\/wp\/v2\/pages\/7230\/"}],"collection":[{"href":"https:\/\/takbrzmimiasto.pl\/en\/wp-json\/wp\/v2\/pages\/"}],"about":[{"href":"https:\/\/takbrzmimiasto.pl\/en\/wp-json\/wp\/v2\/types\/page\/"}],"author":[{"embeddable":true,"href":"https:\/\/takbrzmimiasto.pl\/en\/wp-json\/wp\/v2\/users\/2\/"}],"replies":[{"embeddable":true,"href":"https:\/\/takbrzmimiasto.pl\/en\/wp-json\/wp\/v2\/comments\/?post=7230"}],"version-history":[{"count":13,"href":"https:\/\/takbrzmimiasto.pl\/en\/wp-json\/wp\/v2\/pages\/7230\/revisions\/"}],"predecessor-version":[{"id":26450,"href":"https:\/\/takbrzmimiasto.pl\/en\/wp-json\/wp\/v2\/pages\/7230\/revisions\/26450\/"}],"wp:attachment":[{"href":"https:\/\/takbrzmimiasto.pl\/en\/wp-json\/wp\/v2\/media\/?parent=7230"}],"curies":[{"name":"wp","href":"https:\/\/api.w.org\/{rel}","templated":true}]}}