{"id":9024,"date":"2021-11-13T05:47:25","date_gmt":"2021-11-13T04:47:25","guid":{"rendered":"https:\/\/takbrzmimiasto.pl\/?page_id=9024"},"modified":"2024-12-12T09:37:24","modified_gmt":"2024-12-12T08:37:24","slug":"main-page","status":"publish","type":"page","link":"https:\/\/takbrzmimiasto.pl\/en\/","title":{"rendered":"Main page"},"content":{"rendered":"","protected":false},"excerpt":{"rendered":"","protected":false},"author":64,"featured_media":3807,"parent":0,"menu_order":0,"comment_status":"closed","ping_status":"closed","template":"page-templates\/page-pagebuilder.php","meta":{"inline_featured_image":false,"footnotes":""},"class_list":["post-9024","page","type-page","status-publish","has-post-thumbnail","hentry"],"acf":[],"yoast_head":"<!-- This site is optimized with the Yoast SEO plugin v19.7.1 - https:\/\/yoast.com\/wordpress\/plugins\/seo\/ -->\n<title>Tak Brzmi Miasto - edukacja i sieci kontakt\u00f3w dla muzyk\u00f3w i mened\u017cer\u00f3w<\/title>\n<meta name=\"description\" content=\"Jak dzia\u0142a\u0107 w bran\u017cy muzycznej? Jak dobrze zarz\u0105dza\u0107 zespo\u0142em? Jak za\u0142o\u017cy\u0107 wytw\u00f3rni\u0119 muzyczn\u0105? Jak zosta\u0107 mened\u017cerem muzycznym?\" \/>\n<meta name=\"robots\" content=\"index, follow, max-snippet:-1, max-image-preview:large, max-video-preview:-1\" \/>\n<link rel=\"canonical\" href=\"https:\/\/takbrzmimiasto.pl\/en\/\" \/>\n<meta property=\"og:locale\" content=\"en_US\" \/>\n<meta property=\"og:type\" content=\"article\" \/>\n<meta property=\"og:title\" content=\"-1210\" \/>\n<meta property=\"og:description\" content=\"60\" \/>\n<meta property=\"og:url\" content=\"https:\/\/takbrzmimiasto.pl\/en\/\" \/>\n<meta property=\"og:site_name\" content=\"Tak Brzmi Miasto\" \/>\n<meta property=\"article:modified_time\" content=\"2024-12-12T08:37:24+00:00\" \/>\n<meta property=\"og:image\" content=\"https:\/\/takbrzmimiasto.pl\/wp-content\/uploads\/2021\/04\/www_miniatura_bezmenu.jpg\" \/>\n\t<meta property=\"og:image:width\" content=\"1920\" \/>\n\t<meta property=\"og:image:height\" content=\"1080\" \/>\n\t<meta property=\"og:image:type\" content=\"image\/jpeg\" \/>\n<meta name=\"twitter:card\" content=\"summary_large_image\" \/>\n<meta name=\"twitter:title\" content=\"Tak Brzmi Miasto: strona g\u0142\u00f3wna\" \/>\n<meta name=\"twitter:description\" content=\"Konferencja, Inkubator, Akademia, Blog. Budujemy now\u0105 bran\u017c\u0119 muzyczn\u0105. Organizujemy spotkania, warsztaty i programy wsparcia dla mened\u017cer\u00f3w, muzyk\u00f3w, dziennikarzy muzycznych, organizator\u00f3w.\" \/>\n<meta name=\"twitter:image\" content=\"https:\/\/takbrzmimiasto.pl\/wp-content\/uploads\/2021\/04\/www_miniatura_bezmenu.jpg\" \/>\n<script type=\"application\/ld+json\" class=\"yoast-schema-graph\">{\"@context\":\"https:\/\/schema.org\",\"@graph\":[{\"@type\":\"WebPage\",\"@id\":\"https:\/\/takbrzmimiasto.pl\/en\/\",\"url\":\"https:\/\/takbrzmimiasto.pl\/en\/\",\"name\":\"Tak Brzmi Miasto - edukacja i sieci kontakt\u00f3w dla muzyk\u00f3w i mened\u017cer\u00f3w\",\"isPartOf\":{\"@id\":\"https:\/\/takbrzmimiasto.pl\/#website\"},\"datePublished\":\"2021-11-13T04:47:25+00:00\",\"dateModified\":\"2024-12-12T08:37:24+00:00\",\"description\":\"Jak dzia\u0142a\u0107 w bran\u017cy muzycznej? Jak dobrze zarz\u0105dza\u0107 zespo\u0142em? Jak za\u0142o\u017cy\u0107 wytw\u00f3rni\u0119 muzyczn\u0105? Jak zosta\u0107 mened\u017cerem muzycznym?\",\"breadcrumb\":{\"@id\":\"https:\/\/takbrzmimiasto.pl\/en\/#breadcrumb\"},\"inLanguage\":\"en-US\",\"potentialAction\":[{\"@type\":\"ReadAction\",\"target\":[\"https:\/\/takbrzmimiasto.pl\/en\/\"]}]},{\"@type\":\"BreadcrumbList\",\"@id\":\"https:\/\/takbrzmimiasto.pl\/en\/#breadcrumb\",\"itemListElement\":[{\"@type\":\"ListItem\",\"position\":1,\"name\":\"Strona g\u0142\u00f3wna\",\"item\":\"https:\/\/takbrzmimiasto.pl\/en\/\"},{\"@type\":\"ListItem\",\"position\":2,\"name\":\"Main page\"}]},{\"@type\":\"WebSite\",\"@id\":\"https:\/\/takbrzmimiasto.pl\/#website\",\"url\":\"https:\/\/takbrzmimiasto.pl\/\",\"name\":\"Tak Brzmi Miasto\",\"description\":\"Tak Brzmi Miasto to konferencja, festiwal, inkubator dla mened\u017cer\u00f3w i akademia\",\"publisher\":{\"@id\":\"https:\/\/takbrzmimiasto.pl\/#organization\"},\"potentialAction\":[{\"@type\":\"SearchAction\",\"target\":{\"@type\":\"EntryPoint\",\"urlTemplate\":\"https:\/\/takbrzmimiasto.pl\/?s={search_term_string}\"},\"query-input\":\"required name=search_term_string\"}],\"inLanguage\":\"en-US\"},{\"@type\":\"Organization\",\"@id\":\"https:\/\/takbrzmimiasto.pl\/#organization\",\"name\":\"Tak Brzmi Miasto\",\"url\":\"https:\/\/takbrzmimiasto.pl\/\",\"sameAs\":[],\"logo\":{\"@type\":\"ImageObject\",\"inLanguage\":\"en-US\",\"@id\":\"https:\/\/takbrzmimiasto.pl\/#\/schema\/logo\/image\/\",\"url\":\"https:\/\/takbrzmimiasto.pl\/wp-content\/uploads\/2021\/04\/www_miniatura_bezmenu.jpg\",\"contentUrl\":\"https:\/\/takbrzmimiasto.pl\/wp-content\/uploads\/2021\/04\/www_miniatura_bezmenu.jpg\",\"width\":1920,\"height\":1080,\"caption\":\"Tak Brzmi Miasto\"},\"image\":{\"@id\":\"https:\/\/takbrzmimiasto.pl\/#\/schema\/logo\/image\/\"}}]}<\/script>\n<!-- \/ Yoast SEO plugin. -->","yoast_head_json":{"title":"Tak Brzmi Miasto - edukacja i sieci kontakt\u00f3w dla muzyk\u00f3w i mened\u017cer\u00f3w","description":"Jak dzia\u0142a\u0107 w bran\u017cy muzycznej? Jak dobrze zarz\u0105dza\u0107 zespo\u0142em? Jak za\u0142o\u017cy\u0107 wytw\u00f3rni\u0119 muzyczn\u0105? Jak zosta\u0107 mened\u017cerem muzycznym?","robots":{"index":"index","follow":"follow","max-snippet":"max-snippet:-1","max-image-preview":"max-image-preview:large","max-video-preview":"max-video-preview:-1"},"canonical":"https:\/\/takbrzmimiasto.pl\/en\/","og_locale":"en_US","og_type":"article","og_title":"-1210","og_description":"60","og_url":"https:\/\/takbrzmimiasto.pl\/en\/","og_site_name":"Tak Brzmi Miasto","article_modified_time":"2024-12-12T08:37:24+00:00","og_image":[{"width":1920,"height":1080,"url":"https:\/\/takbrzmimiasto.pl\/wp-content\/uploads\/2021\/04\/www_miniatura_bezmenu.jpg","type":"image\/jpeg"}],"twitter_card":"summary_large_image","twitter_title":"Tak Brzmi Miasto: strona g\u0142\u00f3wna","twitter_description":"Konferencja, Inkubator, Akademia, Blog. Budujemy now\u0105 bran\u017c\u0119 muzyczn\u0105. Organizujemy spotkania, warsztaty i programy wsparcia dla mened\u017cer\u00f3w, muzyk\u00f3w, dziennikarzy muzycznych, organizator\u00f3w.","twitter_image":"https:\/\/takbrzmimiasto.pl\/wp-content\/uploads\/2021\/04\/www_miniatura_bezmenu.jpg","schema":{"@context":"https:\/\/schema.org","@graph":[{"@type":"WebPage","@id":"https:\/\/takbrzmimiasto.pl\/en\/","url":"https:\/\/takbrzmimiasto.pl\/en\/","name":"Tak Brzmi Miasto - edukacja i sieci kontakt\u00f3w dla muzyk\u00f3w i mened\u017cer\u00f3w","isPartOf":{"@id":"https:\/\/takbrzmimiasto.pl\/#website"},"datePublished":"2021-11-13T04:47:25+00:00","dateModified":"2024-12-12T08:37:24+00:00","description":"Jak dzia\u0142a\u0107 w bran\u017cy muzycznej? Jak dobrze zarz\u0105dza\u0107 zespo\u0142em? Jak za\u0142o\u017cy\u0107 wytw\u00f3rni\u0119 muzyczn\u0105? Jak zosta\u0107 mened\u017cerem muzycznym?","breadcrumb":{"@id":"https:\/\/takbrzmimiasto.pl\/en\/#breadcrumb"},"inLanguage":"en-US","potentialAction":[{"@type":"ReadAction","target":["https:\/\/takbrzmimiasto.pl\/en\/"]}]},{"@type":"BreadcrumbList","@id":"https:\/\/takbrzmimiasto.pl\/en\/#breadcrumb","itemListElement":[{"@type":"ListItem","position":1,"name":"Strona g\u0142\u00f3wna","item":"https:\/\/takbrzmimiasto.pl\/en\/"},{"@type":"ListItem","position":2,"name":"Main page"}]},{"@type":"WebSite","@id":"https:\/\/takbrzmimiasto.pl\/#website","url":"https:\/\/takbrzmimiasto.pl\/","name":"Tak Brzmi Miasto","description":"Tak Brzmi Miasto to konferencja, festiwal, inkubator dla mened\u017cer\u00f3w i akademia","publisher":{"@id":"https:\/\/takbrzmimiasto.pl\/#organization"},"potentialAction":[{"@type":"SearchAction","target":{"@type":"EntryPoint","urlTemplate":"https:\/\/takbrzmimiasto.pl\/?s={search_term_string}"},"query-input":"required name=search_term_string"}],"inLanguage":"en-US"},{"@type":"Organization","@id":"https:\/\/takbrzmimiasto.pl\/#organization","name":"Tak Brzmi Miasto","url":"https:\/\/takbrzmimiasto.pl\/","sameAs":[],"logo":{"@type":"ImageObject","inLanguage":"en-US","@id":"https:\/\/takbrzmimiasto.pl\/#\/schema\/logo\/image\/","url":"https:\/\/takbrzmimiasto.pl\/wp-content\/uploads\/2021\/04\/www_miniatura_bezmenu.jpg","contentUrl":"https:\/\/takbrzmimiasto.pl\/wp-content\/uploads\/2021\/04\/www_miniatura_bezmenu.jpg","width":1920,"height":1080,"caption":"Tak Brzmi Miasto"},"image":{"@id":"https:\/\/takbrzmimiasto.pl\/#\/schema\/logo\/image\/"}}]}},"_links":{"self":[{"href":"https:\/\/takbrzmimiasto.pl\/en\/wp-json\/wp\/v2\/pages\/9024\/"}],"collection":[{"href":"https:\/\/takbrzmimiasto.pl\/en\/wp-json\/wp\/v2\/pages\/"}],"about":[{"href":"https:\/\/takbrzmimiasto.pl\/en\/wp-json\/wp\/v2\/types\/page\/"}],"author":[{"embeddable":true,"href":"https:\/\/takbrzmimiasto.pl\/en\/wp-json\/wp\/v2\/users\/64\/"}],"replies":[{"embeddable":true,"href":"https:\/\/takbrzmimiasto.pl\/en\/wp-json\/wp\/v2\/comments\/?post=9024"}],"version-history":[{"count":18,"href":"https:\/\/takbrzmimiasto.pl\/en\/wp-json\/wp\/v2\/pages\/9024\/revisions\/"}],"predecessor-version":[{"id":31017,"href":"https:\/\/takbrzmimiasto.pl\/en\/wp-json\/wp\/v2\/pages\/9024\/revisions\/31017\/"}],"wp:featuredmedia":[{"embeddable":true,"href":"https:\/\/takbrzmimiasto.pl\/en\/wp-json\/wp\/v2\/media\/3807\/"}],"wp:attachment":[{"href":"https:\/\/takbrzmimiasto.pl\/en\/wp-json\/wp\/v2\/media\/?parent=9024"}],"curies":[{"name":"wp","href":"https:\/\/api.w.org\/{rel}","templated":true}]}}