{"id":20015,"date":"2023-09-06T17:38:01","date_gmt":"2023-09-06T15:38:01","guid":{"rendered":"https:\/\/takbrzmimiasto.pl\/?post_type=product&#038;p=20015"},"modified":"2024-12-11T02:11:13","modified_gmt":"2024-12-11T01:11:13","slug":"pre-order-tak-brzmi-miasto-toolbox-jak-bookowac-koncerty","status":"publish","type":"product","link":"https:\/\/takbrzmimiasto.pl\/en\/sklep\/produkt\/pre-order-tak-brzmi-miasto-toolbox-jak-bookowac-koncerty\/","title":{"rendered":"Jak bookowa\u0107 koncerty? &#8211; Tak Brzmi Miasto Toolbox"},"content":{"rendered":"<p>Tak Brzmi Miasto Toolbox to seria wirtualnych &#8220;narz\u0119dziownik\u00f3w&#8221; &#8211; pigu\u0142ek wiedzy b\u0119d\u0105cych prostymi sposobami na osi\u0105gni\u0119cie konkretnego celu w Twojej dzia\u0142alno\u015bci muzycznej.<\/p>\n<p>Toolbox #2 dotyczy bookowania koncert\u00f3w. Zawiera on ponad 1,5h wideo z wypowiedziami trojga ekspert\u00f3w &#8211; Dagi Gregorowicz, Huberta Kozery i Uli Nowak, opatrzonych narracj\u0105 Micha\u0142a W\u00f3jcika &#8211; CEO Tak Brzmi Miasto, muzyka i bookera zespo\u0142u Cinemon.<\/p>\n<p>Wi\u0119cej na <strong><a href=\"https:\/\/takbrzmimiasto.pl\/toolbox-2-jak-bookowac-koncerty\/\">www.takbrzmimiasto.pl\/toolbox\/<\/a><\/strong><\/p>\n","protected":false},"excerpt":{"rendered":"<p>Tak Brzmi Miasto Toolbox to seria wirtualnych &#8220;narz\u0119dziownik\u00f3w&#8221; &#8211; pigu\u0142ek wiedzy b\u0119d\u0105cych prostymi sposobami na osi\u0105gni\u0119cie konkretnego celu w Twojej dzia\u0142alno\u015bci muzycznej.<\/p>\n<p>Toolbox #2 dotyczy bookowania koncert\u00f3w. Zawiera on ponad 1,5h wideo z wypowiedziami trojga ekspert\u00f3w &#8211; Dagi Gregorowicz, Huberta Kozery i Uli Nowak, opatrzonych narracj\u0105 Micha\u0142a W\u00f3jcika &#8211; CEO Tak Brzmi Miasto, muzyka i bookera zespo\u0142u Cinemon.<\/p>\n<section id=\"co-zawiera-toolbox\" class=\"container\">\n<h2>Co zawiera Toolbox?<\/h2>\n<p>Blisko 1:40h materia\u0142u wideo, a w nim:<\/p>\n<ul>\n<li>Om\u00f3wienie 13 krok\u00f3w niezb\u0119dnych do zabookowania koncertu<\/li>\n<li>Wypowiedzi trojga ekspert\u00f3w &#8211; praktyk\u00f3w bran\u017cy muzycznej, o ogromnym do\u015bwiadczeniu bookingowym<\/li>\n<li>Prowadzenie i opracowanie merytoryczne autorstwa Micha\u0142a W\u00f3jcika, CEO Tak Brzmi Miasto oraz muzyka i bookera zespo\u0142u Cinemon<\/li>\n<li>Om\u00f3wienie tematu &#8220;kto powinien robi\u0107 booking&#8221; oraz &#8220;jak tak\u0105 osob\u0119 znale\u017a\u0107&#8221;<\/li>\n<\/ul>\n<p>Dodatkowo:<\/p>\n<ul>\n<li>Przyk\u0142adowy bud\u017cet koncertu<\/li>\n<li>Przyk\u0142adowy rider<\/li>\n<li>Przyk\u0142adowa &#8220;formatka&#8221; u\u0142atwiaj\u0105ca wsp\u00f3\u0142prac\u0119 z organizatorami<\/li>\n<\/ul>\n<\/section>\n<p>Wi\u0119cej informacji na <strong><a href=\"https:\/\/takbrzmimiasto.pl\/toolbox-2-jak-bookowac-koncerty\/\">https:\/\/takbrzmimiasto.pl\/toolbox-2-jak-bookowac-koncerty\/<\/a><\/strong><\/p>\n","protected":false},"author":2,"featured_media":22135,"template":"","meta":{"inline_featured_image":false},"product_cat":[414],"product_tag":[421,422,423,420],"class_list":["post-20015","product","type-product","status-publish","has-post-thumbnail","hentry","product_cat-toolbox","product_tag-branding","product_tag-marketing","product_tag-promocja","product_tag-toolbox"],"acf":[],"yoast_head":"<!-- This site is optimized with the Yoast SEO plugin v19.7.1 - https:\/\/yoast.com\/wordpress\/plugins\/seo\/ -->\n<title>Jak bookowa\u0107 koncerty? - Tak Brzmi Miasto Toolbox - Tak Brzmi Miasto<\/title>\n<meta name=\"description\" content=\"Kurs brandingu w muzyce. Zawiera skuteczne i przetestowane narz\u0119dzia, kt\u00f3rych zastosowanie pozwoli Ci na kompletne od\u015bwie\u017cenie lub zbudowanie od zera Twojej marki, podobnie do tego, jak robi\u0105 to najwi\u0119ksze gwiazdy oraz firmy.\" \/>\n<meta name=\"robots\" content=\"index, follow, max-snippet:-1, max-image-preview:large, max-video-preview:-1\" \/>\n<link rel=\"canonical\" href=\"https:\/\/takbrzmimiasto.pl\/en\/sklep\/produkt\/pre-order-tak-brzmi-miasto-toolbox-jak-bookowac-koncerty\/\" \/>\n<meta property=\"og:locale\" content=\"en_US\" \/>\n<meta property=\"og:type\" content=\"article\" \/>\n<meta property=\"og:title\" content=\"Jak bookowa\u0107 koncerty? - Tak Brzmi Miasto Toolbox - Tak Brzmi Miasto\" \/>\n<meta property=\"og:description\" content=\"Kurs brandingu w muzyce. Zawiera skuteczne i przetestowane narz\u0119dzia, kt\u00f3rych zastosowanie pozwoli Ci na kompletne od\u015bwie\u017cenie lub zbudowanie od zera Twojej marki, podobnie do tego, jak robi\u0105 to najwi\u0119ksze gwiazdy oraz firmy.\" \/>\n<meta property=\"og:url\" content=\"https:\/\/takbrzmimiasto.pl\/en\/sklep\/produkt\/pre-order-tak-brzmi-miasto-toolbox-jak-bookowac-koncerty\/\" \/>\n<meta property=\"og:site_name\" content=\"Tak Brzmi Miasto\" \/>\n<meta property=\"article:modified_time\" content=\"2024-12-11T01:11:13+00:00\" \/>\n<meta property=\"og:image\" content=\"https:\/\/takbrzmimiasto.pl\/wp-content\/uploads\/2023\/10\/1reklama5.jpg\" \/>\n\t<meta property=\"og:image:width\" content=\"1920\" \/>\n\t<meta property=\"og:image:height\" content=\"1080\" \/>\n\t<meta property=\"og:image:type\" content=\"image\/jpeg\" \/>\n<meta name=\"twitter:card\" content=\"summary_large_image\" \/>\n<meta name=\"twitter:label1\" content=\"Est. reading time\" \/>\n\t<meta name=\"twitter:data1\" content=\"1 minute\" \/>\n<script type=\"application\/ld+json\" class=\"yoast-schema-graph\">{\"@context\":\"https:\/\/schema.org\",\"@graph\":[{\"@type\":\"WebPage\",\"@id\":\"https:\/\/takbrzmimiasto.pl\/en\/sklep\/produkt\/pre-order-tak-brzmi-miasto-toolbox-jak-bookowac-koncerty\/\",\"url\":\"https:\/\/takbrzmimiasto.pl\/en\/sklep\/produkt\/pre-order-tak-brzmi-miasto-toolbox-jak-bookowac-koncerty\/\",\"name\":\"Jak bookowa\u0107 koncerty? - Tak Brzmi Miasto Toolbox - Tak Brzmi Miasto\",\"isPartOf\":{\"@id\":\"https:\/\/takbrzmimiasto.pl\/#website\"},\"datePublished\":\"2023-09-06T15:38:01+00:00\",\"dateModified\":\"2024-12-11T01:11:13+00:00\",\"description\":\"Kurs brandingu w muzyce. Zawiera skuteczne i przetestowane narz\u0119dzia, kt\u00f3rych zastosowanie pozwoli Ci na kompletne od\u015bwie\u017cenie lub zbudowanie od zera Twojej marki, podobnie do tego, jak robi\u0105 to najwi\u0119ksze gwiazdy oraz firmy.\",\"breadcrumb\":{\"@id\":\"https:\/\/takbrzmimiasto.pl\/en\/sklep\/produkt\/pre-order-tak-brzmi-miasto-toolbox-jak-bookowac-koncerty\/#breadcrumb\"},\"inLanguage\":\"en-US\",\"potentialAction\":[{\"@type\":\"ReadAction\",\"target\":[\"https:\/\/takbrzmimiasto.pl\/en\/sklep\/produkt\/pre-order-tak-brzmi-miasto-toolbox-jak-bookowac-koncerty\/\"]}]},{\"@type\":\"BreadcrumbList\",\"@id\":\"https:\/\/takbrzmimiasto.pl\/en\/sklep\/produkt\/pre-order-tak-brzmi-miasto-toolbox-jak-bookowac-koncerty\/#breadcrumb\",\"itemListElement\":[{\"@type\":\"ListItem\",\"position\":1,\"name\":\"Strona g\u0142\u00f3wna\",\"item\":\"https:\/\/takbrzmimiasto.pl\/en\/\"},{\"@type\":\"ListItem\",\"position\":2,\"name\":\"Shop\",\"item\":\"https:\/\/takbrzmimiasto.pl\/en\/shop\/\"},{\"@type\":\"ListItem\",\"position\":3,\"name\":\"Jak bookowa\u0107 koncerty? &#8211; Tak Brzmi Miasto Toolbox\"}]},{\"@type\":\"WebSite\",\"@id\":\"https:\/\/takbrzmimiasto.pl\/#website\",\"url\":\"https:\/\/takbrzmimiasto.pl\/\",\"name\":\"Tak Brzmi Miasto\",\"description\":\"Tak Brzmi Miasto to konferencja, festiwal, inkubator dla mened\u017cer\u00f3w i akademia\",\"publisher\":{\"@id\":\"https:\/\/takbrzmimiasto.pl\/#organization\"},\"potentialAction\":[{\"@type\":\"SearchAction\",\"target\":{\"@type\":\"EntryPoint\",\"urlTemplate\":\"https:\/\/takbrzmimiasto.pl\/?s={search_term_string}\"},\"query-input\":\"required name=search_term_string\"}],\"inLanguage\":\"en-US\"},{\"@type\":\"Organization\",\"@id\":\"https:\/\/takbrzmimiasto.pl\/#organization\",\"name\":\"Tak Brzmi Miasto\",\"url\":\"https:\/\/takbrzmimiasto.pl\/\",\"sameAs\":[],\"logo\":{\"@type\":\"ImageObject\",\"inLanguage\":\"en-US\",\"@id\":\"https:\/\/takbrzmimiasto.pl\/#\/schema\/logo\/image\/\",\"url\":\"https:\/\/takbrzmimiasto.pl\/wp-content\/uploads\/2021\/04\/www_miniatura_bezmenu.jpg\",\"contentUrl\":\"https:\/\/takbrzmimiasto.pl\/wp-content\/uploads\/2021\/04\/www_miniatura_bezmenu.jpg\",\"width\":1920,\"height\":1080,\"caption\":\"Tak Brzmi Miasto\"},\"image\":{\"@id\":\"https:\/\/takbrzmimiasto.pl\/#\/schema\/logo\/image\/\"}}]}<\/script>\n<!-- \/ Yoast SEO plugin. -->","yoast_head_json":{"title":"Jak bookowa\u0107 koncerty? - Tak Brzmi Miasto Toolbox - Tak Brzmi Miasto","description":"Kurs brandingu w muzyce. Zawiera skuteczne i przetestowane narz\u0119dzia, kt\u00f3rych zastosowanie pozwoli Ci na kompletne od\u015bwie\u017cenie lub zbudowanie od zera Twojej marki, podobnie do tego, jak robi\u0105 to najwi\u0119ksze gwiazdy oraz firmy.","robots":{"index":"index","follow":"follow","max-snippet":"max-snippet:-1","max-image-preview":"max-image-preview:large","max-video-preview":"max-video-preview:-1"},"canonical":"https:\/\/takbrzmimiasto.pl\/en\/sklep\/produkt\/pre-order-tak-brzmi-miasto-toolbox-jak-bookowac-koncerty\/","og_locale":"en_US","og_type":"article","og_title":"Jak bookowa\u0107 koncerty? - Tak Brzmi Miasto Toolbox - Tak Brzmi Miasto","og_description":"Kurs brandingu w muzyce. Zawiera skuteczne i przetestowane narz\u0119dzia, kt\u00f3rych zastosowanie pozwoli Ci na kompletne od\u015bwie\u017cenie lub zbudowanie od zera Twojej marki, podobnie do tego, jak robi\u0105 to najwi\u0119ksze gwiazdy oraz firmy.","og_url":"https:\/\/takbrzmimiasto.pl\/en\/sklep\/produkt\/pre-order-tak-brzmi-miasto-toolbox-jak-bookowac-koncerty\/","og_site_name":"Tak Brzmi Miasto","article_modified_time":"2024-12-11T01:11:13+00:00","og_image":[{"width":1920,"height":1080,"url":"https:\/\/takbrzmimiasto.pl\/wp-content\/uploads\/2023\/10\/1reklama5.jpg","type":"image\/jpeg"}],"twitter_card":"summary_large_image","twitter_misc":{"Est. reading time":"1 minute"},"schema":{"@context":"https:\/\/schema.org","@graph":[{"@type":"WebPage","@id":"https:\/\/takbrzmimiasto.pl\/en\/sklep\/produkt\/pre-order-tak-brzmi-miasto-toolbox-jak-bookowac-koncerty\/","url":"https:\/\/takbrzmimiasto.pl\/en\/sklep\/produkt\/pre-order-tak-brzmi-miasto-toolbox-jak-bookowac-koncerty\/","name":"Jak bookowa\u0107 koncerty? - Tak Brzmi Miasto Toolbox - Tak Brzmi Miasto","isPartOf":{"@id":"https:\/\/takbrzmimiasto.pl\/#website"},"datePublished":"2023-09-06T15:38:01+00:00","dateModified":"2024-12-11T01:11:13+00:00","description":"Kurs brandingu w muzyce. Zawiera skuteczne i przetestowane narz\u0119dzia, kt\u00f3rych zastosowanie pozwoli Ci na kompletne od\u015bwie\u017cenie lub zbudowanie od zera Twojej marki, podobnie do tego, jak robi\u0105 to najwi\u0119ksze gwiazdy oraz firmy.","breadcrumb":{"@id":"https:\/\/takbrzmimiasto.pl\/en\/sklep\/produkt\/pre-order-tak-brzmi-miasto-toolbox-jak-bookowac-koncerty\/#breadcrumb"},"inLanguage":"en-US","potentialAction":[{"@type":"ReadAction","target":["https:\/\/takbrzmimiasto.pl\/en\/sklep\/produkt\/pre-order-tak-brzmi-miasto-toolbox-jak-bookowac-koncerty\/"]}]},{"@type":"BreadcrumbList","@id":"https:\/\/takbrzmimiasto.pl\/en\/sklep\/produkt\/pre-order-tak-brzmi-miasto-toolbox-jak-bookowac-koncerty\/#breadcrumb","itemListElement":[{"@type":"ListItem","position":1,"name":"Strona g\u0142\u00f3wna","item":"https:\/\/takbrzmimiasto.pl\/en\/"},{"@type":"ListItem","position":2,"name":"Shop","item":"https:\/\/takbrzmimiasto.pl\/en\/shop\/"},{"@type":"ListItem","position":3,"name":"Jak bookowa\u0107 koncerty? &#8211; Tak Brzmi Miasto Toolbox"}]},{"@type":"WebSite","@id":"https:\/\/takbrzmimiasto.pl\/#website","url":"https:\/\/takbrzmimiasto.pl\/","name":"Tak Brzmi Miasto","description":"Tak Brzmi Miasto to konferencja, festiwal, inkubator dla mened\u017cer\u00f3w i akademia","publisher":{"@id":"https:\/\/takbrzmimiasto.pl\/#organization"},"potentialAction":[{"@type":"SearchAction","target":{"@type":"EntryPoint","urlTemplate":"https:\/\/takbrzmimiasto.pl\/?s={search_term_string}"},"query-input":"required name=search_term_string"}],"inLanguage":"en-US"},{"@type":"Organization","@id":"https:\/\/takbrzmimiasto.pl\/#organization","name":"Tak Brzmi Miasto","url":"https:\/\/takbrzmimiasto.pl\/","sameAs":[],"logo":{"@type":"ImageObject","inLanguage":"en-US","@id":"https:\/\/takbrzmimiasto.pl\/#\/schema\/logo\/image\/","url":"https:\/\/takbrzmimiasto.pl\/wp-content\/uploads\/2021\/04\/www_miniatura_bezmenu.jpg","contentUrl":"https:\/\/takbrzmimiasto.pl\/wp-content\/uploads\/2021\/04\/www_miniatura_bezmenu.jpg","width":1920,"height":1080,"caption":"Tak Brzmi Miasto"},"image":{"@id":"https:\/\/takbrzmimiasto.pl\/#\/schema\/logo\/image\/"}}]}},"_links":{"self":[{"href":"https:\/\/takbrzmimiasto.pl\/en\/wp-json\/wp\/v2\/product\/20015\/"}],"collection":[{"href":"https:\/\/takbrzmimiasto.pl\/en\/wp-json\/wp\/v2\/product\/"}],"about":[{"href":"https:\/\/takbrzmimiasto.pl\/en\/wp-json\/wp\/v2\/types\/product\/"}],"author":[{"embeddable":true,"href":"https:\/\/takbrzmimiasto.pl\/en\/wp-json\/wp\/v2\/users\/2\/"}],"wp:featuredmedia":[{"embeddable":true,"href":"https:\/\/takbrzmimiasto.pl\/en\/wp-json\/wp\/v2\/media\/22135\/"}],"wp:attachment":[{"href":"https:\/\/takbrzmimiasto.pl\/en\/wp-json\/wp\/v2\/media\/?parent=20015"}],"wp:term":[{"taxonomy":"product_cat","embeddable":true,"href":"https:\/\/takbrzmimiasto.pl\/en\/wp-json\/wp\/v2\/product_cat\/?post=20015"},{"taxonomy":"product_tag","embeddable":true,"href":"https:\/\/takbrzmimiasto.pl\/en\/wp-json\/wp\/v2\/product_tag\/?post=20015"}],"curies":[{"name":"wp","href":"https:\/\/api.w.org\/{rel}","templated":true}]}}