{"id":20249,"date":"2023-09-12T16:45:10","date_gmt":"2023-09-12T14:45:10","guid":{"rendered":"https:\/\/takbrzmimiasto.pl\/?post_type=product&#038;p=20249"},"modified":"2024-12-13T19:24:15","modified_gmt":"2024-12-13T18:24:15","slug":"indywidualne-sesje-zwinny-artysta-3-spotkania","status":"publish","type":"product","link":"https:\/\/takbrzmimiasto.pl\/en\/sklep\/produkt\/indywidualne-sesje-zwinny-artysta-3-spotkania\/","title":{"rendered":"Indywidualne sesje &#8220;zwINNY artysta&#8221; (3 spotkania)"},"content":{"rendered":"<p>Pakiet trzech 1,5h indywidualnych sesji trenerskich przygotowanych specjalnie z my\u015bl\u0105 o artystach solowych i liderach projekt\u00f3w muzycznych. Spotkania dostosowane s\u0105 do Twoich potrzeb, kt\u00f3re zdiagnozujemy wsp\u00f3lnie.<\/p>\n<p>Pakiet skierowany jest g\u0142\u00f3wnie do os\u00f3b poszukuj\u0105cych narz\u0119dzi do przygotowania strategii dzia\u0142ania w bran\u017cy muzycznej oraz p\u00f3\u017aniejszego jej wdra\u017cania.<\/p>\n","protected":false},"excerpt":{"rendered":"<p>Pakiet trzech 1,5h indywidualnych sesji trenerskich przygotowanych specjalnie z my\u015bl\u0105 o artystach solowych i liderach projekt\u00f3w muzycznych. Spotkania dostosowane s\u0105 do Twoich potrzeb, kt\u00f3re zdiagnozujemy wsp\u00f3lnie.<\/p>\n<p>Pakiet skierowany jest g\u0142\u00f3wnie do os\u00f3b poszukuj\u0105cych narz\u0119dzi do przygotowania strategii dzia\u0142ania w bran\u017cy muzycznej oraz p\u00f3\u017aniejszego jej wdra\u017cania.<\/p>\n<p>Sesje s\u0105 dla Ciebie idealne je\u015bli:<\/p>\n<p>\u274c nie masz pewno\u015bci co robi\u0107, jak to zaplanowa\u0107 i gdzie to prowadzi<\/p>\n<p>\u274c frustrujesz si\u0119, bo Twoje pomys\u0142y nigdy nie udaj\u0105 si\u0119 w 100%<\/p>\n<p>\u274c odczuwasz chaos i brak priorytet\u00f3w<\/p>\n<p>\u274c masz do\u015b\u0107 przyt\u0142oczenia zadaniami<\/p>\n<p>\u274c odczuwasz przeci\u0105\u017cenie stron\u0105 biznesow\u0105 i marketingow\u0105 swojej dzia\u0142alno\u015bci<\/p>\n<p>\u274c masz do\u015b\u0107 stagnacji i stania w miejscu<\/p>\n<p>\u274c je\u015bli masz ci\u0105g\u0142e w\u0105tpliwo\u015bci, \u017ce brakuje Ci wiedzy i \u017ce jeste\u015b wystarczaj\u0105co dobry(a)<\/p>\n<p>Alternatywa, kt\u00f3r\u0105 proponuj\u0119 to:<\/p>\n<p>\u2192 <span class=\"agile-yellow\">mapa drogowa<\/span> najbli\u017cszych dzia\u0142a\u0144 i Tw\u00f3j ostateczny cel<\/p>\n<p>\u2192 <span class=\"agile-yellow\">wiedza co robi\u0107<\/span>, ale te\u017c czego <span class=\"agile-yellow\">NIE robi\u0107<\/span><\/p>\n<p>\u2192 kr\u00f3tkie, \u0142atwe do okie\u0142znania <span class=\"agile-yellow\">cykle pracy<\/span><\/p>\n<p>\u2192 bezstresowa <span class=\"agile-yellow\">reakcja na zmiany<\/span><\/p>\n<p>\u2192 wiedza, co jest <span class=\"agile-yellow\">warto\u015bci\u0105<\/span> dla Ciebie i dla Twoich odbiorc\u00f3w<\/p>\n<p>\u2192 <span class=\"agile-yellow\">mniej<\/span> pracy<\/p>\n<p>\u2192 <span class=\"agile-yellow\">praca w r\u00f3wnym tempie<\/span><\/p>\n<p>\u2192 <span class=\"agile-yellow\">skuteczniejsza<\/span> prac\u0119<\/p>\n<p>\u2192 <span class=\"agile-yellow\">cz\u0119ste<\/span> wypuszczanie muzyki i contentu<\/p>\n<p>\u2192 <span class=\"agile-yellow\">r\u00f3wnowaga<\/span> pomi\u0119dzy biznesem a muzyk\u0105<\/p>\n<p>\u2192 pewno\u015b\u0107, \u017ce <span class=\"agile-yellow\">ma\u0142ymi krokami<\/span> b\u0119dziesz stawa\u0107 si\u0119 <span class=\"agile-yellow\">coraz lepszy\/a<\/span><\/p>\n<p>Do\u0142\u0105cz do indywidualnych sesji, by w zr\u00f3wnowa\u017cony spos\u00f3b rozwija\u0107 swoj\u0105 karier\u0119.<\/p>\n","protected":false},"author":2,"featured_media":31029,"template":"","meta":{"inline_featured_image":false},"product_cat":[190],"product_tag":[],"class_list":["post-20249","product","type-product","status-publish","has-post-thumbnail","hentry","product_cat-consultations"],"acf":[],"yoast_head":"<!-- This site is optimized with the Yoast SEO plugin v19.7.1 - https:\/\/yoast.com\/wordpress\/plugins\/seo\/ -->\n<title>Indywidualne sesje &quot;zwINNY artysta&quot; (3 spotkania) - Tak Brzmi Miasto<\/title>\n<meta name=\"robots\" content=\"index, follow, max-snippet:-1, max-image-preview:large, max-video-preview:-1\" \/>\n<link rel=\"canonical\" href=\"https:\/\/takbrzmimiasto.pl\/en\/sklep\/produkt\/indywidualne-sesje-zwinny-artysta-3-spotkania\/\" \/>\n<meta property=\"og:locale\" content=\"en_US\" \/>\n<meta property=\"og:type\" content=\"article\" \/>\n<meta property=\"og:title\" content=\"Indywidualne sesje &quot;zwINNY artysta&quot; (3 spotkania) - Tak Brzmi Miasto\" \/>\n<meta property=\"og:description\" content=\"Pakiet trzech 1,5h indywidualnych sesji trenerskich przygotowanych specjalnie z my\u015bl\u0105 o artystach solowych i liderach projekt\u00f3w muzycznych. Spotkania dostosowane s\u0105 do Twoich potrzeb, kt\u00f3re zdiagnozujemy wsp\u00f3lnie.  Pakiet skierowany jest g\u0142\u00f3wnie do os\u00f3b poszukuj\u0105cych narz\u0119dzi do przygotowania strategii dzia\u0142ania w bran\u017cy muzycznej oraz p\u00f3\u017aniejszego jej wdra\u017cania.  Sesje s\u0105 dla Ciebie idealne je\u015bli:  \u274c nie masz pewno\u015bci co robi\u0107, jak to zaplanowa\u0107 i gdzie to prowadzi  \u274c frustrujesz si\u0119, bo Twoje pomys\u0142y nigdy nie udaj\u0105 si\u0119 w 100%  \u274c odczuwasz chaos i brak priorytet\u00f3w  \u274c masz do\u015b\u0107 przyt\u0142oczenia zadaniami  \u274c odczuwasz przeci\u0105\u017cenie stron\u0105 biznesow\u0105 i marketingow\u0105 swojej dzia\u0142alno\u015bci  \u274c masz do\u015b\u0107 stagnacji i stania w miejscu  \u274c je\u015bli masz ci\u0105g\u0142e w\u0105tpliwo\u015bci, \u017ce brakuje Ci wiedzy i \u017ce jeste\u015b wystarczaj\u0105co dobry(a)  Alternatywa, kt\u00f3r\u0105 proponuj\u0119 to:  \u2192 mapa drogowa najbli\u017cszych dzia\u0142a\u0144 i Tw\u00f3j ostateczny cel  \u2192 wiedza co robi\u0107, ale te\u017c czego NIE robi\u0107  \u2192 kr\u00f3tkie, \u0142atwe do okie\u0142znania cykle pracy  \u2192 bezstresowa reakcja na zmiany  \u2192 wiedza, co jest warto\u015bci\u0105 dla Ciebie i dla Twoich odbiorc\u00f3w  \u2192 mniej pracy  \u2192 praca w r\u00f3wnym tempie  \u2192 skuteczniejsza prac\u0119  \u2192 cz\u0119ste wypuszczanie muzyki i contentu  \u2192 r\u00f3wnowaga pomi\u0119dzy biznesem a muzyk\u0105  \u2192 pewno\u015b\u0107, \u017ce ma\u0142ymi krokami b\u0119dziesz stawa\u0107 si\u0119 coraz lepszy\/a  Do\u0142\u0105cz do indywidualnych sesji, by w zr\u00f3wnowa\u017cony spos\u00f3b rozwija\u0107 swoj\u0105 karier\u0119.\" \/>\n<meta property=\"og:url\" content=\"https:\/\/takbrzmimiasto.pl\/en\/sklep\/produkt\/indywidualne-sesje-zwinny-artysta-3-spotkania\/\" \/>\n<meta property=\"og:site_name\" content=\"Tak Brzmi Miasto\" \/>\n<meta property=\"article:modified_time\" content=\"2024-12-13T18:24:15+00:00\" \/>\n<meta property=\"og:image\" content=\"https:\/\/takbrzmimiasto.pl\/wp-content\/uploads\/2023\/09\/product-zwinny-artysta-2-v2.jpg\" \/>\n\t<meta property=\"og:image:width\" content=\"1920\" \/>\n\t<meta property=\"og:image:height\" content=\"1920\" \/>\n\t<meta property=\"og:image:type\" content=\"image\/jpeg\" \/>\n<meta name=\"twitter:card\" content=\"summary_large_image\" \/>\n<meta name=\"twitter:label1\" content=\"Est. reading time\" \/>\n\t<meta name=\"twitter:data1\" content=\"1 minute\" \/>\n<script type=\"application\/ld+json\" class=\"yoast-schema-graph\">{\"@context\":\"https:\/\/schema.org\",\"@graph\":[{\"@type\":\"WebPage\",\"@id\":\"https:\/\/takbrzmimiasto.pl\/en\/sklep\/produkt\/indywidualne-sesje-zwinny-artysta-3-spotkania\/\",\"url\":\"https:\/\/takbrzmimiasto.pl\/en\/sklep\/produkt\/indywidualne-sesje-zwinny-artysta-3-spotkania\/\",\"name\":\"Indywidualne sesje \\\"zwINNY artysta\\\" (3 spotkania) - Tak Brzmi Miasto\",\"isPartOf\":{\"@id\":\"https:\/\/takbrzmimiasto.pl\/#website\"},\"datePublished\":\"2023-09-12T14:45:10+00:00\",\"dateModified\":\"2024-12-13T18:24:15+00:00\",\"breadcrumb\":{\"@id\":\"https:\/\/takbrzmimiasto.pl\/en\/sklep\/produkt\/indywidualne-sesje-zwinny-artysta-3-spotkania\/#breadcrumb\"},\"inLanguage\":\"en-US\",\"potentialAction\":[{\"@type\":\"ReadAction\",\"target\":[\"https:\/\/takbrzmimiasto.pl\/en\/sklep\/produkt\/indywidualne-sesje-zwinny-artysta-3-spotkania\/\"]}]},{\"@type\":\"BreadcrumbList\",\"@id\":\"https:\/\/takbrzmimiasto.pl\/en\/sklep\/produkt\/indywidualne-sesje-zwinny-artysta-3-spotkania\/#breadcrumb\",\"itemListElement\":[{\"@type\":\"ListItem\",\"position\":1,\"name\":\"Strona g\u0142\u00f3wna\",\"item\":\"https:\/\/takbrzmimiasto.pl\/en\/\"},{\"@type\":\"ListItem\",\"position\":2,\"name\":\"Shop\",\"item\":\"https:\/\/takbrzmimiasto.pl\/en\/shop\/\"},{\"@type\":\"ListItem\",\"position\":3,\"name\":\"Indywidualne sesje &#8220;zwINNY artysta&#8221; (3 spotkania)\"}]},{\"@type\":\"WebSite\",\"@id\":\"https:\/\/takbrzmimiasto.pl\/#website\",\"url\":\"https:\/\/takbrzmimiasto.pl\/\",\"name\":\"Tak Brzmi Miasto\",\"description\":\"Tak Brzmi Miasto to konferencja, festiwal, inkubator dla mened\u017cer\u00f3w i akademia\",\"publisher\":{\"@id\":\"https:\/\/takbrzmimiasto.pl\/#organization\"},\"potentialAction\":[{\"@type\":\"SearchAction\",\"target\":{\"@type\":\"EntryPoint\",\"urlTemplate\":\"https:\/\/takbrzmimiasto.pl\/?s={search_term_string}\"},\"query-input\":\"required name=search_term_string\"}],\"inLanguage\":\"en-US\"},{\"@type\":\"Organization\",\"@id\":\"https:\/\/takbrzmimiasto.pl\/#organization\",\"name\":\"Tak Brzmi Miasto\",\"url\":\"https:\/\/takbrzmimiasto.pl\/\",\"sameAs\":[],\"logo\":{\"@type\":\"ImageObject\",\"inLanguage\":\"en-US\",\"@id\":\"https:\/\/takbrzmimiasto.pl\/#\/schema\/logo\/image\/\",\"url\":\"https:\/\/takbrzmimiasto.pl\/wp-content\/uploads\/2021\/04\/www_miniatura_bezmenu.jpg\",\"contentUrl\":\"https:\/\/takbrzmimiasto.pl\/wp-content\/uploads\/2021\/04\/www_miniatura_bezmenu.jpg\",\"width\":1920,\"height\":1080,\"caption\":\"Tak Brzmi Miasto\"},\"image\":{\"@id\":\"https:\/\/takbrzmimiasto.pl\/#\/schema\/logo\/image\/\"}}]}<\/script>\n<!-- \/ Yoast SEO plugin. -->","yoast_head_json":{"title":"Indywidualne sesje \"zwINNY artysta\" (3 spotkania) - Tak Brzmi Miasto","robots":{"index":"index","follow":"follow","max-snippet":"max-snippet:-1","max-image-preview":"max-image-preview:large","max-video-preview":"max-video-preview:-1"},"canonical":"https:\/\/takbrzmimiasto.pl\/en\/sklep\/produkt\/indywidualne-sesje-zwinny-artysta-3-spotkania\/","og_locale":"en_US","og_type":"article","og_title":"Indywidualne sesje \"zwINNY artysta\" (3 spotkania) - Tak Brzmi Miasto","og_description":"Pakiet trzech 1,5h indywidualnych sesji trenerskich przygotowanych specjalnie z my\u015bl\u0105 o artystach solowych i liderach projekt\u00f3w muzycznych. Spotkania dostosowane s\u0105 do Twoich potrzeb, kt\u00f3re zdiagnozujemy wsp\u00f3lnie.  Pakiet skierowany jest g\u0142\u00f3wnie do os\u00f3b poszukuj\u0105cych narz\u0119dzi do przygotowania strategii dzia\u0142ania w bran\u017cy muzycznej oraz p\u00f3\u017aniejszego jej wdra\u017cania.  Sesje s\u0105 dla Ciebie idealne je\u015bli:  \u274c nie masz pewno\u015bci co robi\u0107, jak to zaplanowa\u0107 i gdzie to prowadzi  \u274c frustrujesz si\u0119, bo Twoje pomys\u0142y nigdy nie udaj\u0105 si\u0119 w 100%  \u274c odczuwasz chaos i brak priorytet\u00f3w  \u274c masz do\u015b\u0107 przyt\u0142oczenia zadaniami  \u274c odczuwasz przeci\u0105\u017cenie stron\u0105 biznesow\u0105 i marketingow\u0105 swojej dzia\u0142alno\u015bci  \u274c masz do\u015b\u0107 stagnacji i stania w miejscu  \u274c je\u015bli masz ci\u0105g\u0142e w\u0105tpliwo\u015bci, \u017ce brakuje Ci wiedzy i \u017ce jeste\u015b wystarczaj\u0105co dobry(a)  Alternatywa, kt\u00f3r\u0105 proponuj\u0119 to:  \u2192 mapa drogowa najbli\u017cszych dzia\u0142a\u0144 i Tw\u00f3j ostateczny cel  \u2192 wiedza co robi\u0107, ale te\u017c czego NIE robi\u0107  \u2192 kr\u00f3tkie, \u0142atwe do okie\u0142znania cykle pracy  \u2192 bezstresowa reakcja na zmiany  \u2192 wiedza, co jest warto\u015bci\u0105 dla Ciebie i dla Twoich odbiorc\u00f3w  \u2192 mniej pracy  \u2192 praca w r\u00f3wnym tempie  \u2192 skuteczniejsza prac\u0119  \u2192 cz\u0119ste wypuszczanie muzyki i contentu  \u2192 r\u00f3wnowaga pomi\u0119dzy biznesem a muzyk\u0105  \u2192 pewno\u015b\u0107, \u017ce ma\u0142ymi krokami b\u0119dziesz stawa\u0107 si\u0119 coraz lepszy\/a  Do\u0142\u0105cz do indywidualnych sesji, by w zr\u00f3wnowa\u017cony spos\u00f3b rozwija\u0107 swoj\u0105 karier\u0119.","og_url":"https:\/\/takbrzmimiasto.pl\/en\/sklep\/produkt\/indywidualne-sesje-zwinny-artysta-3-spotkania\/","og_site_name":"Tak Brzmi Miasto","article_modified_time":"2024-12-13T18:24:15+00:00","og_image":[{"width":1920,"height":1920,"url":"https:\/\/takbrzmimiasto.pl\/wp-content\/uploads\/2023\/09\/product-zwinny-artysta-2-v2.jpg","type":"image\/jpeg"}],"twitter_card":"summary_large_image","twitter_misc":{"Est. reading time":"1 minute"},"schema":{"@context":"https:\/\/schema.org","@graph":[{"@type":"WebPage","@id":"https:\/\/takbrzmimiasto.pl\/en\/sklep\/produkt\/indywidualne-sesje-zwinny-artysta-3-spotkania\/","url":"https:\/\/takbrzmimiasto.pl\/en\/sklep\/produkt\/indywidualne-sesje-zwinny-artysta-3-spotkania\/","name":"Indywidualne sesje \"zwINNY artysta\" (3 spotkania) - Tak Brzmi Miasto","isPartOf":{"@id":"https:\/\/takbrzmimiasto.pl\/#website"},"datePublished":"2023-09-12T14:45:10+00:00","dateModified":"2024-12-13T18:24:15+00:00","breadcrumb":{"@id":"https:\/\/takbrzmimiasto.pl\/en\/sklep\/produkt\/indywidualne-sesje-zwinny-artysta-3-spotkania\/#breadcrumb"},"inLanguage":"en-US","potentialAction":[{"@type":"ReadAction","target":["https:\/\/takbrzmimiasto.pl\/en\/sklep\/produkt\/indywidualne-sesje-zwinny-artysta-3-spotkania\/"]}]},{"@type":"BreadcrumbList","@id":"https:\/\/takbrzmimiasto.pl\/en\/sklep\/produkt\/indywidualne-sesje-zwinny-artysta-3-spotkania\/#breadcrumb","itemListElement":[{"@type":"ListItem","position":1,"name":"Strona g\u0142\u00f3wna","item":"https:\/\/takbrzmimiasto.pl\/en\/"},{"@type":"ListItem","position":2,"name":"Shop","item":"https:\/\/takbrzmimiasto.pl\/en\/shop\/"},{"@type":"ListItem","position":3,"name":"Indywidualne sesje &#8220;zwINNY artysta&#8221; (3 spotkania)"}]},{"@type":"WebSite","@id":"https:\/\/takbrzmimiasto.pl\/#website","url":"https:\/\/takbrzmimiasto.pl\/","name":"Tak Brzmi Miasto","description":"Tak Brzmi Miasto to konferencja, festiwal, inkubator dla mened\u017cer\u00f3w i akademia","publisher":{"@id":"https:\/\/takbrzmimiasto.pl\/#organization"},"potentialAction":[{"@type":"SearchAction","target":{"@type":"EntryPoint","urlTemplate":"https:\/\/takbrzmimiasto.pl\/?s={search_term_string}"},"query-input":"required name=search_term_string"}],"inLanguage":"en-US"},{"@type":"Organization","@id":"https:\/\/takbrzmimiasto.pl\/#organization","name":"Tak Brzmi Miasto","url":"https:\/\/takbrzmimiasto.pl\/","sameAs":[],"logo":{"@type":"ImageObject","inLanguage":"en-US","@id":"https:\/\/takbrzmimiasto.pl\/#\/schema\/logo\/image\/","url":"https:\/\/takbrzmimiasto.pl\/wp-content\/uploads\/2021\/04\/www_miniatura_bezmenu.jpg","contentUrl":"https:\/\/takbrzmimiasto.pl\/wp-content\/uploads\/2021\/04\/www_miniatura_bezmenu.jpg","width":1920,"height":1080,"caption":"Tak Brzmi Miasto"},"image":{"@id":"https:\/\/takbrzmimiasto.pl\/#\/schema\/logo\/image\/"}}]}},"_links":{"self":[{"href":"https:\/\/takbrzmimiasto.pl\/en\/wp-json\/wp\/v2\/product\/20249\/"}],"collection":[{"href":"https:\/\/takbrzmimiasto.pl\/en\/wp-json\/wp\/v2\/product\/"}],"about":[{"href":"https:\/\/takbrzmimiasto.pl\/en\/wp-json\/wp\/v2\/types\/product\/"}],"author":[{"embeddable":true,"href":"https:\/\/takbrzmimiasto.pl\/en\/wp-json\/wp\/v2\/users\/2\/"}],"wp:featuredmedia":[{"embeddable":true,"href":"https:\/\/takbrzmimiasto.pl\/en\/wp-json\/wp\/v2\/media\/31029\/"}],"wp:attachment":[{"href":"https:\/\/takbrzmimiasto.pl\/en\/wp-json\/wp\/v2\/media\/?parent=20249"}],"wp:term":[{"taxonomy":"product_cat","embeddable":true,"href":"https:\/\/takbrzmimiasto.pl\/en\/wp-json\/wp\/v2\/product_cat\/?post=20249"},{"taxonomy":"product_tag","embeddable":true,"href":"https:\/\/takbrzmimiasto.pl\/en\/wp-json\/wp\/v2\/product_tag\/?post=20249"}],"curies":[{"name":"wp","href":"https:\/\/api.w.org\/{rel}","templated":true}]}}