{"id":24302,"date":"2023-11-27T11:41:32","date_gmt":"2023-11-27T10:41:32","guid":{"rendered":"https:\/\/takbrzmimiasto.pl\/?post_type=product&#038;p=24302"},"modified":"2023-11-27T11:44:57","modified_gmt":"2023-11-27T10:44:57","slug":"dostep-do-video-tak-brzmi-miasto-2023-kariera","status":"publish","type":"product","link":"https:\/\/takbrzmimiasto.pl\/en\/sklep\/produkt\/dostep-do-video-tak-brzmi-miasto-2023-kariera\/","title":{"rendered":"DOST\u0118P DO VIDEO: Tak Brzmi Miasto 2023 Kariera"},"content":{"rendered":"<p><strong>Dost\u0119p do wideo z paneli dyskusyjnych z Konferencji Tak Brzmi Miasto 2023: KARIERA, <\/strong>kt\u00f3ra odby\u0142a si\u0119 18-19 listopada 2022 r.<\/p>\n<p>Szczeg\u00f3\u0142owe instrukcje, jak obejrze\u0107 wideo, otrzymasz po zakupie produktu.<\/p>\n","protected":false},"excerpt":{"rendered":"<p><strong>Dost\u0119p do wideo z paneli dyskusyjnych z Konferencji Tak Brzmi Miasto 2023: KARIERA, <\/strong>kt\u00f3ra odby\u0142a si\u0119 18-19 listopada 2022 r.<\/p>\n<p>Szczeg\u00f3\u0142owe instrukcje, jak obejrze\u0107 wideo, otrzymasz po zakupie produktu.<\/p>\n","protected":false},"author":2,"featured_media":24303,"template":"","meta":{"inline_featured_image":false},"product_cat":[455],"product_tag":[],"class_list":["post-24302","product","type-product","status-publish","has-post-thumbnail","hentry","product_cat-video"],"acf":[],"yoast_head":"<!-- This site is optimized with the Yoast SEO plugin v19.7.1 - https:\/\/yoast.com\/wordpress\/plugins\/seo\/ -->\n<title>DOST\u0118P DO VIDEO: Tak Brzmi Miasto 2023 Kariera - Tak Brzmi Miasto<\/title>\n<meta name=\"robots\" content=\"index, follow, max-snippet:-1, max-image-preview:large, max-video-preview:-1\" \/>\n<link rel=\"canonical\" href=\"https:\/\/takbrzmimiasto.pl\/en\/sklep\/produkt\/dostep-do-video-tak-brzmi-miasto-2023-kariera\/\" \/>\n<meta property=\"og:locale\" content=\"en_US\" \/>\n<meta property=\"og:type\" content=\"article\" \/>\n<meta property=\"og:title\" content=\"DOST\u0118P DO VIDEO: Tak Brzmi Miasto 2023 Kariera - Tak Brzmi Miasto\" \/>\n<meta property=\"og:description\" content=\"Dost\u0119p do wideo z paneli dyskusyjnych z Konferencji Tak Brzmi Miasto 2023: KARIERA, kt\u00f3ra odby\u0142a si\u0119 18-19 listopada 2022 r.  Szczeg\u00f3\u0142owe instrukcje, jak obejrze\u0107 wideo, otrzymasz po zakupie produktu.\" \/>\n<meta property=\"og:url\" content=\"https:\/\/takbrzmimiasto.pl\/en\/sklep\/produkt\/dostep-do-video-tak-brzmi-miasto-2023-kariera\/\" \/>\n<meta property=\"og:site_name\" content=\"Tak Brzmi Miasto\" \/>\n<meta property=\"article:modified_time\" content=\"2023-11-27T10:44:57+00:00\" \/>\n<meta property=\"og:image\" content=\"https:\/\/takbrzmimiasto.pl\/wp-content\/uploads\/2023\/11\/03_intro_postIG.jpg\" \/>\n\t<meta property=\"og:image:width\" content=\"1200\" \/>\n\t<meta property=\"og:image:height\" content=\"1200\" \/>\n\t<meta property=\"og:image:type\" content=\"image\/jpeg\" \/>\n<meta name=\"twitter:card\" content=\"summary_large_image\" \/>\n<meta name=\"twitter:label1\" content=\"Est. reading time\" \/>\n\t<meta name=\"twitter:data1\" content=\"1 minute\" \/>\n<script type=\"application\/ld+json\" class=\"yoast-schema-graph\">{\"@context\":\"https:\/\/schema.org\",\"@graph\":[{\"@type\":\"WebPage\",\"@id\":\"https:\/\/takbrzmimiasto.pl\/en\/sklep\/produkt\/dostep-do-video-tak-brzmi-miasto-2023-kariera\/\",\"url\":\"https:\/\/takbrzmimiasto.pl\/en\/sklep\/produkt\/dostep-do-video-tak-brzmi-miasto-2023-kariera\/\",\"name\":\"DOST\u0118P DO VIDEO: Tak Brzmi Miasto 2023 Kariera - Tak Brzmi Miasto\",\"isPartOf\":{\"@id\":\"https:\/\/takbrzmimiasto.pl\/#website\"},\"datePublished\":\"2023-11-27T10:41:32+00:00\",\"dateModified\":\"2023-11-27T10:44:57+00:00\",\"breadcrumb\":{\"@id\":\"https:\/\/takbrzmimiasto.pl\/en\/sklep\/produkt\/dostep-do-video-tak-brzmi-miasto-2023-kariera\/#breadcrumb\"},\"inLanguage\":\"en-US\",\"potentialAction\":[{\"@type\":\"ReadAction\",\"target\":[\"https:\/\/takbrzmimiasto.pl\/en\/sklep\/produkt\/dostep-do-video-tak-brzmi-miasto-2023-kariera\/\"]}]},{\"@type\":\"BreadcrumbList\",\"@id\":\"https:\/\/takbrzmimiasto.pl\/en\/sklep\/produkt\/dostep-do-video-tak-brzmi-miasto-2023-kariera\/#breadcrumb\",\"itemListElement\":[{\"@type\":\"ListItem\",\"position\":1,\"name\":\"Strona g\u0142\u00f3wna\",\"item\":\"https:\/\/takbrzmimiasto.pl\/en\/\"},{\"@type\":\"ListItem\",\"position\":2,\"name\":\"Shop\",\"item\":\"https:\/\/takbrzmimiasto.pl\/en\/shop\/\"},{\"@type\":\"ListItem\",\"position\":3,\"name\":\"DOST\u0118P DO VIDEO: Tak Brzmi Miasto 2023 Kariera\"}]},{\"@type\":\"WebSite\",\"@id\":\"https:\/\/takbrzmimiasto.pl\/#website\",\"url\":\"https:\/\/takbrzmimiasto.pl\/\",\"name\":\"Tak Brzmi Miasto\",\"description\":\"Tak Brzmi Miasto to konferencja, festiwal, inkubator dla mened\u017cer\u00f3w i akademia\",\"publisher\":{\"@id\":\"https:\/\/takbrzmimiasto.pl\/#organization\"},\"potentialAction\":[{\"@type\":\"SearchAction\",\"target\":{\"@type\":\"EntryPoint\",\"urlTemplate\":\"https:\/\/takbrzmimiasto.pl\/?s={search_term_string}\"},\"query-input\":\"required name=search_term_string\"}],\"inLanguage\":\"en-US\"},{\"@type\":\"Organization\",\"@id\":\"https:\/\/takbrzmimiasto.pl\/#organization\",\"name\":\"Tak Brzmi Miasto\",\"url\":\"https:\/\/takbrzmimiasto.pl\/\",\"sameAs\":[],\"logo\":{\"@type\":\"ImageObject\",\"inLanguage\":\"en-US\",\"@id\":\"https:\/\/takbrzmimiasto.pl\/#\/schema\/logo\/image\/\",\"url\":\"https:\/\/takbrzmimiasto.pl\/wp-content\/uploads\/2021\/04\/www_miniatura_bezmenu.jpg\",\"contentUrl\":\"https:\/\/takbrzmimiasto.pl\/wp-content\/uploads\/2021\/04\/www_miniatura_bezmenu.jpg\",\"width\":1920,\"height\":1080,\"caption\":\"Tak Brzmi Miasto\"},\"image\":{\"@id\":\"https:\/\/takbrzmimiasto.pl\/#\/schema\/logo\/image\/\"}}]}<\/script>\n<!-- \/ Yoast SEO plugin. -->","yoast_head_json":{"title":"DOST\u0118P DO VIDEO: Tak Brzmi Miasto 2023 Kariera - Tak Brzmi Miasto","robots":{"index":"index","follow":"follow","max-snippet":"max-snippet:-1","max-image-preview":"max-image-preview:large","max-video-preview":"max-video-preview:-1"},"canonical":"https:\/\/takbrzmimiasto.pl\/en\/sklep\/produkt\/dostep-do-video-tak-brzmi-miasto-2023-kariera\/","og_locale":"en_US","og_type":"article","og_title":"DOST\u0118P DO VIDEO: Tak Brzmi Miasto 2023 Kariera - Tak Brzmi Miasto","og_description":"Dost\u0119p do wideo z paneli dyskusyjnych z Konferencji Tak Brzmi Miasto 2023: KARIERA, kt\u00f3ra odby\u0142a si\u0119 18-19 listopada 2022 r.  Szczeg\u00f3\u0142owe instrukcje, jak obejrze\u0107 wideo, otrzymasz po zakupie produktu.","og_url":"https:\/\/takbrzmimiasto.pl\/en\/sklep\/produkt\/dostep-do-video-tak-brzmi-miasto-2023-kariera\/","og_site_name":"Tak Brzmi Miasto","article_modified_time":"2023-11-27T10:44:57+00:00","og_image":[{"width":1200,"height":1200,"url":"https:\/\/takbrzmimiasto.pl\/wp-content\/uploads\/2023\/11\/03_intro_postIG.jpg","type":"image\/jpeg"}],"twitter_card":"summary_large_image","twitter_misc":{"Est. reading time":"1 minute"},"schema":{"@context":"https:\/\/schema.org","@graph":[{"@type":"WebPage","@id":"https:\/\/takbrzmimiasto.pl\/en\/sklep\/produkt\/dostep-do-video-tak-brzmi-miasto-2023-kariera\/","url":"https:\/\/takbrzmimiasto.pl\/en\/sklep\/produkt\/dostep-do-video-tak-brzmi-miasto-2023-kariera\/","name":"DOST\u0118P DO VIDEO: Tak Brzmi Miasto 2023 Kariera - Tak Brzmi Miasto","isPartOf":{"@id":"https:\/\/takbrzmimiasto.pl\/#website"},"datePublished":"2023-11-27T10:41:32+00:00","dateModified":"2023-11-27T10:44:57+00:00","breadcrumb":{"@id":"https:\/\/takbrzmimiasto.pl\/en\/sklep\/produkt\/dostep-do-video-tak-brzmi-miasto-2023-kariera\/#breadcrumb"},"inLanguage":"en-US","potentialAction":[{"@type":"ReadAction","target":["https:\/\/takbrzmimiasto.pl\/en\/sklep\/produkt\/dostep-do-video-tak-brzmi-miasto-2023-kariera\/"]}]},{"@type":"BreadcrumbList","@id":"https:\/\/takbrzmimiasto.pl\/en\/sklep\/produkt\/dostep-do-video-tak-brzmi-miasto-2023-kariera\/#breadcrumb","itemListElement":[{"@type":"ListItem","position":1,"name":"Strona g\u0142\u00f3wna","item":"https:\/\/takbrzmimiasto.pl\/en\/"},{"@type":"ListItem","position":2,"name":"Shop","item":"https:\/\/takbrzmimiasto.pl\/en\/shop\/"},{"@type":"ListItem","position":3,"name":"DOST\u0118P DO VIDEO: Tak Brzmi Miasto 2023 Kariera"}]},{"@type":"WebSite","@id":"https:\/\/takbrzmimiasto.pl\/#website","url":"https:\/\/takbrzmimiasto.pl\/","name":"Tak Brzmi Miasto","description":"Tak Brzmi Miasto to konferencja, festiwal, inkubator dla mened\u017cer\u00f3w i akademia","publisher":{"@id":"https:\/\/takbrzmimiasto.pl\/#organization"},"potentialAction":[{"@type":"SearchAction","target":{"@type":"EntryPoint","urlTemplate":"https:\/\/takbrzmimiasto.pl\/?s={search_term_string}"},"query-input":"required name=search_term_string"}],"inLanguage":"en-US"},{"@type":"Organization","@id":"https:\/\/takbrzmimiasto.pl\/#organization","name":"Tak Brzmi Miasto","url":"https:\/\/takbrzmimiasto.pl\/","sameAs":[],"logo":{"@type":"ImageObject","inLanguage":"en-US","@id":"https:\/\/takbrzmimiasto.pl\/#\/schema\/logo\/image\/","url":"https:\/\/takbrzmimiasto.pl\/wp-content\/uploads\/2021\/04\/www_miniatura_bezmenu.jpg","contentUrl":"https:\/\/takbrzmimiasto.pl\/wp-content\/uploads\/2021\/04\/www_miniatura_bezmenu.jpg","width":1920,"height":1080,"caption":"Tak Brzmi Miasto"},"image":{"@id":"https:\/\/takbrzmimiasto.pl\/#\/schema\/logo\/image\/"}}]}},"_links":{"self":[{"href":"https:\/\/takbrzmimiasto.pl\/en\/wp-json\/wp\/v2\/product\/24302\/"}],"collection":[{"href":"https:\/\/takbrzmimiasto.pl\/en\/wp-json\/wp\/v2\/product\/"}],"about":[{"href":"https:\/\/takbrzmimiasto.pl\/en\/wp-json\/wp\/v2\/types\/product\/"}],"author":[{"embeddable":true,"href":"https:\/\/takbrzmimiasto.pl\/en\/wp-json\/wp\/v2\/users\/2\/"}],"wp:featuredmedia":[{"embeddable":true,"href":"https:\/\/takbrzmimiasto.pl\/en\/wp-json\/wp\/v2\/media\/24303\/"}],"wp:attachment":[{"href":"https:\/\/takbrzmimiasto.pl\/en\/wp-json\/wp\/v2\/media\/?parent=24302"}],"wp:term":[{"taxonomy":"product_cat","embeddable":true,"href":"https:\/\/takbrzmimiasto.pl\/en\/wp-json\/wp\/v2\/product_cat\/?post=24302"},{"taxonomy":"product_tag","embeddable":true,"href":"https:\/\/takbrzmimiasto.pl\/en\/wp-json\/wp\/v2\/product_tag\/?post=24302"}],"curies":[{"name":"wp","href":"https:\/\/api.w.org\/{rel}","templated":true}]}}