{"id":27373,"date":"2024-07-23T14:51:19","date_gmt":"2024-07-23T12:51:19","guid":{"rendered":"https:\/\/takbrzmimiasto.pl\/?post_type=product&#038;p=27373"},"modified":"2024-12-11T02:10:56","modified_gmt":"2024-12-11T01:10:56","slug":"tak-brzmi-miasto-toolbox-jak-przygotowac-sie-do-festiwalu-showcaseowego","status":"publish","type":"product","link":"https:\/\/takbrzmimiasto.pl\/en\/sklep\/produkt\/tak-brzmi-miasto-toolbox-jak-przygotowac-sie-do-festiwalu-showcaseowego\/","title":{"rendered":"Jak przygotowa\u0107 si\u0119 do festiwalu showcase&#8217;owego? &#8211; Tak Brzmi Miasto Toolbox Free"},"content":{"rendered":"<p>Tak Brzmi Miasto Toolbox to seria wirtualnych &#8220;narz\u0119dziownik\u00f3w&#8221; &#8211; pigu\u0142ek wiedzy b\u0119d\u0105cych prostymi sposobami na osi\u0105gni\u0119cie konkretnego celu w Twojej dzia\u0142alno\u015bci muzycznej.<\/p>\n<p>Toolbox #3 dotyczy festiwali showcase&#8217;owych, takich jak nasz, mi\u0119dzy innymi. Zawiera on ponad wideo z wypowiedziami trojga ekspert\u00f3w &#8211; Uli Nowak, Marii Reimann i Boyana Pintera, opatrzonych narracj\u0105 Micha\u0142a W\u00f3jcika &#8211; CEO Tak Brzmi Miasto, muzyka i bookera zespo\u0142u Cinemon.<\/p>\n<p>Po zakupie, wideo dost\u0119pne b\u0119dzie na Strefie Uczestnika pod linkiem <strong><a href=\"https:\/\/www.takbrzmimiasto.pl\/strefa-uczestnika\/twoje-materialy\">www.takbrzmimiasto.pl\/strefa-uczestnika\/twoje-materialy<\/a><\/strong><\/p>\n<p>Wi\u0119cej na <strong><a href=\"https:\/\/takbrzmimiasto.pl\/toolbox-jak-przygotowac-sie-do-festiwalu-showcaseowego\/\">www.takbrzmimiasto.pl\/toolbox\/<\/a><\/strong><\/p>\n","protected":false},"excerpt":{"rendered":"<p>Tak Brzmi Miasto Toolbox to seria wirtualnych &#8220;narz\u0119dziownik\u00f3w&#8221; &#8211; pigu\u0142ek wiedzy b\u0119d\u0105cych prostymi sposobami na osi\u0105gni\u0119cie konkretnego celu w Twojej dzia\u0142alno\u015bci muzycznej.<\/p>\n<p>Toolbox #3 dotyczy festiwali showcase&#8217;owych, takich jak nasz, mi\u0119dzy innymi. Zawiera on ponad wideo z wypowiedziami trojga ekspert\u00f3w &#8211; Uli Nowak, Marii Reimann i Boyana Pintera, opatrzonych narracj\u0105 Micha\u0142a W\u00f3jcika &#8211; CEO Tak Brzmi Miasto, muzyka i bookera zespo\u0142u Cinemon.<\/p>\n<p>Po zakupie, wideo dost\u0119pne b\u0119dzie na Strefie Uczestnika pod linkiem <strong><a href=\"https:\/\/www.takbrzmimiasto.pl\/strefa-uczestnika\/twoje-materialy\">www.takbrzmimiasto.pl\/strefa-uczestnika\/twoje-materialy<\/a><\/strong><\/p>\n<p>Wi\u0119cej na <strong><a href=\"https:\/\/takbrzmimiasto.pl\/toolbox-jak-przygotowac-sie-do-festiwalu-showcaseowego\/\">www.takbrzmimiasto.pl\/toolbox\/<\/a><\/strong><\/p>\n","protected":false},"author":5,"featured_media":27965,"template":"","meta":{"inline_featured_image":false},"product_cat":[414],"product_tag":[497,496,420],"class_list":["post-27373","product","type-product","status-publish","has-post-thumbnail","hentry","product_cat-toolbox","product_tag-festiwal","product_tag-showcase","product_tag-toolbox"],"acf":[],"yoast_head":"<!-- This site is optimized with the Yoast SEO plugin v19.7.1 - https:\/\/yoast.com\/wordpress\/plugins\/seo\/ -->\n<title>Jak przygotowa\u0107 si\u0119 do festiwalu showcase&#039;owego? - Tak Brzmi Miasto Toolbox Free - Tak Brzmi Miasto<\/title>\n<meta name=\"description\" content=\"Kurs brandingu w muzyce. Zawiera skuteczne i przetestowane narz\u0119dzia, kt\u00f3rych zastosowanie pozwoli Ci na kompletne od\u015bwie\u017cenie lub zbudowanie od zera Twojej marki, podobnie do tego, jak robi\u0105 to najwi\u0119ksze gwiazdy oraz firmy.\" \/>\n<meta name=\"robots\" content=\"index, follow, max-snippet:-1, max-image-preview:large, max-video-preview:-1\" \/>\n<link rel=\"canonical\" href=\"https:\/\/takbrzmimiasto.pl\/en\/sklep\/produkt\/tak-brzmi-miasto-toolbox-jak-przygotowac-sie-do-festiwalu-showcaseowego\/\" \/>\n<meta property=\"og:locale\" content=\"en_US\" \/>\n<meta property=\"og:type\" content=\"article\" \/>\n<meta property=\"og:title\" content=\"Jak przygotowa\u0107 si\u0119 do festiwalu showcase&#039;owego? - Tak Brzmi Miasto Toolbox Free - Tak Brzmi Miasto\" \/>\n<meta property=\"og:description\" content=\"Kurs brandingu w muzyce. Zawiera skuteczne i przetestowane narz\u0119dzia, kt\u00f3rych zastosowanie pozwoli Ci na kompletne od\u015bwie\u017cenie lub zbudowanie od zera Twojej marki, podobnie do tego, jak robi\u0105 to najwi\u0119ksze gwiazdy oraz firmy.\" \/>\n<meta property=\"og:url\" content=\"https:\/\/takbrzmimiasto.pl\/en\/sklep\/produkt\/tak-brzmi-miasto-toolbox-jak-przygotowac-sie-do-festiwalu-showcaseowego\/\" \/>\n<meta property=\"og:site_name\" content=\"Tak Brzmi Miasto\" \/>\n<meta property=\"article:modified_time\" content=\"2024-12-11T01:10:56+00:00\" \/>\n<meta property=\"og:image\" content=\"https:\/\/takbrzmimiasto.pl\/wp-content\/uploads\/2024\/07\/Toolbox-how-to-prepare-for-showcase-festivals.jpg\" \/>\n\t<meta property=\"og:image:width\" content=\"2560\" \/>\n\t<meta property=\"og:image:height\" content=\"1440\" \/>\n\t<meta property=\"og:image:type\" content=\"image\/jpeg\" \/>\n<meta name=\"twitter:card\" content=\"summary_large_image\" \/>\n<meta name=\"twitter:label1\" content=\"Est. reading time\" \/>\n\t<meta name=\"twitter:data1\" content=\"1 minute\" \/>\n<script type=\"application\/ld+json\" class=\"yoast-schema-graph\">{\"@context\":\"https:\/\/schema.org\",\"@graph\":[{\"@type\":\"WebPage\",\"@id\":\"https:\/\/takbrzmimiasto.pl\/en\/sklep\/produkt\/tak-brzmi-miasto-toolbox-jak-przygotowac-sie-do-festiwalu-showcaseowego\/\",\"url\":\"https:\/\/takbrzmimiasto.pl\/en\/sklep\/produkt\/tak-brzmi-miasto-toolbox-jak-przygotowac-sie-do-festiwalu-showcaseowego\/\",\"name\":\"Jak przygotowa\u0107 si\u0119 do festiwalu showcase'owego? - Tak Brzmi Miasto Toolbox Free - Tak Brzmi Miasto\",\"isPartOf\":{\"@id\":\"https:\/\/takbrzmimiasto.pl\/#website\"},\"datePublished\":\"2024-07-23T12:51:19+00:00\",\"dateModified\":\"2024-12-11T01:10:56+00:00\",\"description\":\"Kurs brandingu w muzyce. Zawiera skuteczne i przetestowane narz\u0119dzia, kt\u00f3rych zastosowanie pozwoli Ci na kompletne od\u015bwie\u017cenie lub zbudowanie od zera Twojej marki, podobnie do tego, jak robi\u0105 to najwi\u0119ksze gwiazdy oraz firmy.\",\"breadcrumb\":{\"@id\":\"https:\/\/takbrzmimiasto.pl\/en\/sklep\/produkt\/tak-brzmi-miasto-toolbox-jak-przygotowac-sie-do-festiwalu-showcaseowego\/#breadcrumb\"},\"inLanguage\":\"en-US\",\"potentialAction\":[{\"@type\":\"ReadAction\",\"target\":[\"https:\/\/takbrzmimiasto.pl\/en\/sklep\/produkt\/tak-brzmi-miasto-toolbox-jak-przygotowac-sie-do-festiwalu-showcaseowego\/\"]}]},{\"@type\":\"BreadcrumbList\",\"@id\":\"https:\/\/takbrzmimiasto.pl\/en\/sklep\/produkt\/tak-brzmi-miasto-toolbox-jak-przygotowac-sie-do-festiwalu-showcaseowego\/#breadcrumb\",\"itemListElement\":[{\"@type\":\"ListItem\",\"position\":1,\"name\":\"Strona g\u0142\u00f3wna\",\"item\":\"https:\/\/takbrzmimiasto.pl\/en\/\"},{\"@type\":\"ListItem\",\"position\":2,\"name\":\"Shop\",\"item\":\"https:\/\/takbrzmimiasto.pl\/en\/shop\/\"},{\"@type\":\"ListItem\",\"position\":3,\"name\":\"Jak przygotowa\u0107 si\u0119 do festiwalu showcase&#8217;owego? &#8211; Tak Brzmi Miasto Toolbox Free\"}]},{\"@type\":\"WebSite\",\"@id\":\"https:\/\/takbrzmimiasto.pl\/#website\",\"url\":\"https:\/\/takbrzmimiasto.pl\/\",\"name\":\"Tak Brzmi Miasto\",\"description\":\"Tak Brzmi Miasto to konferencja, festiwal, inkubator dla mened\u017cer\u00f3w i akademia\",\"publisher\":{\"@id\":\"https:\/\/takbrzmimiasto.pl\/#organization\"},\"potentialAction\":[{\"@type\":\"SearchAction\",\"target\":{\"@type\":\"EntryPoint\",\"urlTemplate\":\"https:\/\/takbrzmimiasto.pl\/?s={search_term_string}\"},\"query-input\":\"required name=search_term_string\"}],\"inLanguage\":\"en-US\"},{\"@type\":\"Organization\",\"@id\":\"https:\/\/takbrzmimiasto.pl\/#organization\",\"name\":\"Tak Brzmi Miasto\",\"url\":\"https:\/\/takbrzmimiasto.pl\/\",\"sameAs\":[],\"logo\":{\"@type\":\"ImageObject\",\"inLanguage\":\"en-US\",\"@id\":\"https:\/\/takbrzmimiasto.pl\/#\/schema\/logo\/image\/\",\"url\":\"https:\/\/takbrzmimiasto.pl\/wp-content\/uploads\/2021\/04\/www_miniatura_bezmenu.jpg\",\"contentUrl\":\"https:\/\/takbrzmimiasto.pl\/wp-content\/uploads\/2021\/04\/www_miniatura_bezmenu.jpg\",\"width\":1920,\"height\":1080,\"caption\":\"Tak Brzmi Miasto\"},\"image\":{\"@id\":\"https:\/\/takbrzmimiasto.pl\/#\/schema\/logo\/image\/\"}}]}<\/script>\n<!-- \/ Yoast SEO plugin. -->","yoast_head_json":{"title":"Jak przygotowa\u0107 si\u0119 do festiwalu showcase'owego? - Tak Brzmi Miasto Toolbox Free - Tak Brzmi Miasto","description":"Kurs brandingu w muzyce. Zawiera skuteczne i przetestowane narz\u0119dzia, kt\u00f3rych zastosowanie pozwoli Ci na kompletne od\u015bwie\u017cenie lub zbudowanie od zera Twojej marki, podobnie do tego, jak robi\u0105 to najwi\u0119ksze gwiazdy oraz firmy.","robots":{"index":"index","follow":"follow","max-snippet":"max-snippet:-1","max-image-preview":"max-image-preview:large","max-video-preview":"max-video-preview:-1"},"canonical":"https:\/\/takbrzmimiasto.pl\/en\/sklep\/produkt\/tak-brzmi-miasto-toolbox-jak-przygotowac-sie-do-festiwalu-showcaseowego\/","og_locale":"en_US","og_type":"article","og_title":"Jak przygotowa\u0107 si\u0119 do festiwalu showcase'owego? - Tak Brzmi Miasto Toolbox Free - Tak Brzmi Miasto","og_description":"Kurs brandingu w muzyce. Zawiera skuteczne i przetestowane narz\u0119dzia, kt\u00f3rych zastosowanie pozwoli Ci na kompletne od\u015bwie\u017cenie lub zbudowanie od zera Twojej marki, podobnie do tego, jak robi\u0105 to najwi\u0119ksze gwiazdy oraz firmy.","og_url":"https:\/\/takbrzmimiasto.pl\/en\/sklep\/produkt\/tak-brzmi-miasto-toolbox-jak-przygotowac-sie-do-festiwalu-showcaseowego\/","og_site_name":"Tak Brzmi Miasto","article_modified_time":"2024-12-11T01:10:56+00:00","og_image":[{"width":2560,"height":1440,"url":"https:\/\/takbrzmimiasto.pl\/wp-content\/uploads\/2024\/07\/Toolbox-how-to-prepare-for-showcase-festivals.jpg","type":"image\/jpeg"}],"twitter_card":"summary_large_image","twitter_misc":{"Est. reading time":"1 minute"},"schema":{"@context":"https:\/\/schema.org","@graph":[{"@type":"WebPage","@id":"https:\/\/takbrzmimiasto.pl\/en\/sklep\/produkt\/tak-brzmi-miasto-toolbox-jak-przygotowac-sie-do-festiwalu-showcaseowego\/","url":"https:\/\/takbrzmimiasto.pl\/en\/sklep\/produkt\/tak-brzmi-miasto-toolbox-jak-przygotowac-sie-do-festiwalu-showcaseowego\/","name":"Jak przygotowa\u0107 si\u0119 do festiwalu showcase'owego? - Tak Brzmi Miasto Toolbox Free - Tak Brzmi Miasto","isPartOf":{"@id":"https:\/\/takbrzmimiasto.pl\/#website"},"datePublished":"2024-07-23T12:51:19+00:00","dateModified":"2024-12-11T01:10:56+00:00","description":"Kurs brandingu w muzyce. Zawiera skuteczne i przetestowane narz\u0119dzia, kt\u00f3rych zastosowanie pozwoli Ci na kompletne od\u015bwie\u017cenie lub zbudowanie od zera Twojej marki, podobnie do tego, jak robi\u0105 to najwi\u0119ksze gwiazdy oraz firmy.","breadcrumb":{"@id":"https:\/\/takbrzmimiasto.pl\/en\/sklep\/produkt\/tak-brzmi-miasto-toolbox-jak-przygotowac-sie-do-festiwalu-showcaseowego\/#breadcrumb"},"inLanguage":"en-US","potentialAction":[{"@type":"ReadAction","target":["https:\/\/takbrzmimiasto.pl\/en\/sklep\/produkt\/tak-brzmi-miasto-toolbox-jak-przygotowac-sie-do-festiwalu-showcaseowego\/"]}]},{"@type":"BreadcrumbList","@id":"https:\/\/takbrzmimiasto.pl\/en\/sklep\/produkt\/tak-brzmi-miasto-toolbox-jak-przygotowac-sie-do-festiwalu-showcaseowego\/#breadcrumb","itemListElement":[{"@type":"ListItem","position":1,"name":"Strona g\u0142\u00f3wna","item":"https:\/\/takbrzmimiasto.pl\/en\/"},{"@type":"ListItem","position":2,"name":"Shop","item":"https:\/\/takbrzmimiasto.pl\/en\/shop\/"},{"@type":"ListItem","position":3,"name":"Jak przygotowa\u0107 si\u0119 do festiwalu showcase&#8217;owego? &#8211; Tak Brzmi Miasto Toolbox Free"}]},{"@type":"WebSite","@id":"https:\/\/takbrzmimiasto.pl\/#website","url":"https:\/\/takbrzmimiasto.pl\/","name":"Tak Brzmi Miasto","description":"Tak Brzmi Miasto to konferencja, festiwal, inkubator dla mened\u017cer\u00f3w i akademia","publisher":{"@id":"https:\/\/takbrzmimiasto.pl\/#organization"},"potentialAction":[{"@type":"SearchAction","target":{"@type":"EntryPoint","urlTemplate":"https:\/\/takbrzmimiasto.pl\/?s={search_term_string}"},"query-input":"required name=search_term_string"}],"inLanguage":"en-US"},{"@type":"Organization","@id":"https:\/\/takbrzmimiasto.pl\/#organization","name":"Tak Brzmi Miasto","url":"https:\/\/takbrzmimiasto.pl\/","sameAs":[],"logo":{"@type":"ImageObject","inLanguage":"en-US","@id":"https:\/\/takbrzmimiasto.pl\/#\/schema\/logo\/image\/","url":"https:\/\/takbrzmimiasto.pl\/wp-content\/uploads\/2021\/04\/www_miniatura_bezmenu.jpg","contentUrl":"https:\/\/takbrzmimiasto.pl\/wp-content\/uploads\/2021\/04\/www_miniatura_bezmenu.jpg","width":1920,"height":1080,"caption":"Tak Brzmi Miasto"},"image":{"@id":"https:\/\/takbrzmimiasto.pl\/#\/schema\/logo\/image\/"}}]}},"_links":{"self":[{"href":"https:\/\/takbrzmimiasto.pl\/en\/wp-json\/wp\/v2\/product\/27373\/"}],"collection":[{"href":"https:\/\/takbrzmimiasto.pl\/en\/wp-json\/wp\/v2\/product\/"}],"about":[{"href":"https:\/\/takbrzmimiasto.pl\/en\/wp-json\/wp\/v2\/types\/product\/"}],"author":[{"embeddable":true,"href":"https:\/\/takbrzmimiasto.pl\/en\/wp-json\/wp\/v2\/users\/5\/"}],"wp:featuredmedia":[{"embeddable":true,"href":"https:\/\/takbrzmimiasto.pl\/en\/wp-json\/wp\/v2\/media\/27965\/"}],"wp:attachment":[{"href":"https:\/\/takbrzmimiasto.pl\/en\/wp-json\/wp\/v2\/media\/?parent=27373"}],"wp:term":[{"taxonomy":"product_cat","embeddable":true,"href":"https:\/\/takbrzmimiasto.pl\/en\/wp-json\/wp\/v2\/product_cat\/?post=27373"},{"taxonomy":"product_tag","embeddable":true,"href":"https:\/\/takbrzmimiasto.pl\/en\/wp-json\/wp\/v2\/product_tag\/?post=27373"}],"curies":[{"name":"wp","href":"https:\/\/api.w.org\/{rel}","templated":true}]}}